{"id":168080,"date":"2023-06-17T10:37:15","date_gmt":"2023-06-17T08:37:15","guid":{"rendered":"https:\/\/pizbube.ch\/?post_type=product&#038;p=168080"},"modified":"2023-06-17T10:47:25","modified_gmt":"2023-06-17T08:47:25","slug":"erfolg-am-dhaulagiri-erstbesteigung-des-achttausenders","status":"publish","type":"product","link":"https:\/\/pizbube.ch\/en\/shop\/erfolg-am-dhaulagiri-erstbesteigung-des-achttausenders\/","title":{"rendered":"Erfolg am Dhaulagiri &#8211; Erstbesteigung des Achttausenders"},"content":{"rendered":"<p>Als private Unternehmung mit pers\u00f6nlicher Haftung organisierte Max Eiselin die Expedition, der am 13. Mai 1960 die Erstbesteigung des Dhaulagiri gelang. Es ist eine Geschichte, die uns zur\u00fcck in die Vergangenheit f\u00fchrt, in die Zeit der gro\u00dfen Pioniere des Bergsteigens. Eiselin schildert seine Reise in einem kleinen Flugzeug \u00fcber ganze Kontinente, mit vielen Zwischenlandungen an abenteuerlichen Orten, zu einer Zeit, als Reisen generell noch ein gro\u00dfes Abenteuer war. Am Dhaulagiri wurde mit diesem Kleinflugzeug ein bis heute g\u00fcltiger H\u00f6henlanderekord aufgestellt. Sp\u00e4ter st\u00fcrzte das Flugzeug ab, erlitt einen Totalschaden und die Piloten mussten es zu Fu\u00df vom Hochgebirge ins Tal schaffen. Last but not least der gro\u00dfe Erfolg: Die Erstbesteigung des 13. Achttausenders, des damals h\u00f6chsten noch unbestiegenen Bergs der Welt.<\/p>\n<p><em>Max Eiselin<\/em>, geboren 1932 im Kanton Luzern, ist gelernter Kaufmann und passionierter Bergsteiger, der viele Erstbegehungen in den Alpen realisieren konnte. Als private Unternehmung mit pers\u00f6nlicher Haftung organisierte er die Expedition, der am 13. Mai 1960 die Erstbesteigung des 13. Achttausenders Dhaulagiri gelang, bei der sechs Bergsteiger und zwei Sherpas den Gipfel erreichten. Dabei setzten sie einen Prototyp des einmotorigen Transportflugzeugs Pilatus Porter ein, das zwar abst\u00fcrzte, zuvor aber den noch heute g\u00fcltigen H\u00f6henlanderekord f\u00fcr Fl\u00e4chenflugzeuge realisierte. 1963 organisierte Eiselin die erste Schweizer Expedition zum Hindukusch und gilt auch als Organisator der ersten kommerziellen Achttausenderexpedition.<\/p>\n<p>1954 gr\u00fcndete Eiselin einen Versandhandel mit Bergsportartikeln, die damals nur schwer erh\u00e4ltlich waren, u. a. mit Felshaken von Riccardo Cassin und den damals noch wenig bekannten Perlon-Bergseilen, und entwickelte auch eigene Bergsportartikel (Tourenski, Tourenbindung, Steigeisen). Sp\u00e4ter gr\u00fcndete er das erste Schweizer Bergsportgesch\u00e4ft mit zahlreichen Standorten.<\/p>\n<p>Fester Einband,<br \/>\n<span class=\"value\">282 Seiten,<br \/>\n<\/span><span class=\"value\">farbige Illustrationen, schwarz-weiss Illustrationen<\/span><\/p>","protected":false},"excerpt":{"rendered":"<p>Als private Unternehmung mit pers\u00f6nlicher Haftung organisierte Max Eiselin die Expedition, der am 13. Mai 1960 die Erstbesteigung des Dhaulagiri gelang. Es ist eine Geschichte, die uns zur\u00fcck in die Vergangenheit f\u00fchrt, in die Zeit der gro\u00dfen Pioniere des Bergsteigens. Eiselin schildert seine Reise in einem kleinen Flugzeug \u00fcber ganze Kontinente, mit vielen Zwischenlandungen an [&#8230;]\n","protected":false},"featured_media":168081,"template":"","meta":[],"product_brand":[],"product_cat":[21542],"product_tag":[],"class_list":{"0":"post-168080","1":"product","2":"type-product","3":"status-publish","4":"has-post-thumbnail","6":"product_cat-sachbuecher-dokumentationen","7":"pa_autor-eiselin","8":"pa_erscheinungsjahr-23193","9":"pa_region-asien","10":"pa_region-schweiz","11":"pa_sprache-de","13":"first","14":"instock","15":"taxable","16":"shipping-taxable","17":"purchasable","18":"product-type-simple"},"_links":{"self":[{"href":"https:\/\/pizbube.ch\/en\/wp-json\/wp\/v2\/product\/168080","targetHints":{"allow":["GET"]}}],"collection":[{"href":"https:\/\/pizbube.ch\/en\/wp-json\/wp\/v2\/product"}],"about":[{"href":"https:\/\/pizbube.ch\/en\/wp-json\/wp\/v2\/types\/product"}],"wp:featuredmedia":[{"embeddable":true,"href":"https:\/\/pizbube.ch\/en\/wp-json\/wp\/v2\/media\/168081"}],"wp:attachment":[{"href":"https:\/\/pizbube.ch\/en\/wp-json\/wp\/v2\/media?parent=168080"}],"wp:term":[{"taxonomy":"product_brand","embeddable":true,"href":"https:\/\/pizbube.ch\/en\/wp-json\/wp\/v2\/product_brand?post=168080"},{"taxonomy":"product_cat","embeddable":true,"href":"https:\/\/pizbube.ch\/en\/wp-json\/wp\/v2\/product_cat?post=168080"},{"taxonomy":"product_tag","embeddable":true,"href":"https:\/\/pizbube.ch\/en\/wp-json\/wp\/v2\/product_tag?post=168080"}],"curies":[{"name":"wp","href":"https:\/\/api.w.org\/{rel}","templated":true}]}}