{"id":168082,"date":"2023-06-17T11:09:05","date_gmt":"2023-06-17T09:09:05","guid":{"rendered":"https:\/\/pizbube.ch\/?post_type=product&#038;p=168082"},"modified":"2023-06-28T08:35:04","modified_gmt":"2023-06-28T06:35:04","slug":"klettern-st-galler-oberland-amden-churfirsten-sarganserland-alvier-liechtenstein","status":"publish","type":"product","link":"https:\/\/pizbube.ch\/en\/shop\/klettern-st-galler-oberland-amden-churfirsten-sarganserland-alvier-liechtenstein\/","title":{"rendered":"Klettern St. Galler Oberland &#8211; Amden \/ Churfirsten \/ Sarganserland \/ Alvier \/ Liechtenstein"},"content":{"rendered":"<p>Der Kletterf\u00fchrer \u00abSt. Galler Oberland\u00bb des Schweizer Alpen-Club SAC stellt \u00fcber 60 Klettergebiete vor \u2013 vom entspannten Klettergarten bis zur wilden Alpinroute. Er besticht durch detailliert gezeichnete Klettertopos, pr\u00e4zise Angaben zur Absicherung und zum Zustieg sowie spektakul\u00e4res Bildmaterial. Der in der Region ans\u00e4ssige Bergf\u00fchrer und Autor Thomas W\u00e4lti ist selbst als Erschliesser und Sanierer von Routen aktiv.<\/p>\n<p>Die Region zwischen Weesen im Westen, Werdenberg im Osten, Voralp im Norden und Ringelspitz im S\u00fcden wird damit komplett abgedeckt. Mit Naafkopf und Kelchle schaffen es sogar zwei Gebiete in Liechtenstein in dieses 436-seitige Gesamtwerk.<\/p>\n<p>Der Kletterf\u00fchrer besticht durch die detailliert gezeichneten Klettertopos sowie die pr\u00e4zisen Angaben zur Ab sicherung und zum Zustieg. Er ist das Resultat der mehrj\u00e4hrigen Recherche von Autor Thomas W\u00e4lti, der vor 28 Jahren auch schon den Vorg\u00e4ngerband \u00abChurfirsten \u2013 Aliverkette \u2013 Fl\u00e4scherberg\u00bb verfasst hat.<\/p>\n<p>Wie in allen SAC-F\u00fchrern neueren Jahrgangs wird die Anreise mit \u00f6ffentlichen Verkehrsmitteln beschrieben.<\/p>\n<p>Bei der Tourenplanung ebenfalls zu ber\u00fccksichtigen sind die Massnahmen zum Schutz von Flora und Fauna. Im Buch finden sich alle notwendigen Hinweise zu den verbindlichen Wildruhzonen sowie den Schutzmassnahmen im sogenannten \u00abLebensraum Kerngebiet\u00bb.<\/p>\n<p>Klettern ist ein Zusammenspiel von Technik, Kraft und mentaler Pr\u00e4senz. Die \u00fcber 230 Farbfotos vermitteln diese Faszination auf spektakul\u00e4re Weise. Das Bildmaterial ist unterhaltend und informativ zugleich. F\u00fcr die Aufnahmen konnte Thomas W\u00e4lti oft auf seinen kletternden Nachwuchs z\u00e4hlen, die Topathleten Lukas und Sina Goetz.<\/p>\n<p>Das Buch gelayoutet und die Klettertopos ins Reine gezeichnet hat \u00fcbrigens Judith W\u00e4lti, die Schwester von Thomas. Der Klettersport und die Herstellung von Kletterf\u00fchrern sind bei W\u00e4ltis eine Familienangelegenheit.<\/p>\n<p>436 Seiten, 14,8 \u00d7 21 cm, gebunden, Softcover<br \/>\n238 Farbfotos, 242 gezeichnete Klettertopos und 11 \u00dcbersichtskarten<\/p>","protected":false},"excerpt":{"rendered":"<p>Der Kletterf\u00fchrer \u00abSt. Galler Oberland\u00bb des Schweizer Alpen-Club SAC stellt \u00fcber 60 Klettergebiete vor \u2013 vom entspannten Klettergarten bis zur wilden Alpinroute. Er besticht durch detailliert gezeichnete Klettertopos, pr\u00e4zise Angaben zur Absicherung und zum Zustieg sowie spektakul\u00e4res Bildmaterial. Der in der Region ans\u00e4ssige Bergf\u00fchrer und Autor Thomas W\u00e4lti ist selbst als Erschliesser und Sanierer von [&#8230;]\n","protected":false},"featured_media":168083,"template":"","meta":[],"product_brand":[],"product_cat":[21539],"product_tag":[],"class_list":{"0":"post-168082","1":"product","2":"type-product","3":"status-publish","4":"has-post-thumbnail","6":"product_cat-fuehrerliteratur-sportklettern-bouldern","7":"pa_autor-waelti","8":"pa_erscheinungsjahr-27129","9":"pa_region-schweiz","10":"pa_sprache-de","12":"first","13":"instock","14":"taxable","15":"shipping-taxable","16":"purchasable","17":"product-type-simple"},"_links":{"self":[{"href":"https:\/\/pizbube.ch\/en\/wp-json\/wp\/v2\/product\/168082","targetHints":{"allow":["GET"]}}],"collection":[{"href":"https:\/\/pizbube.ch\/en\/wp-json\/wp\/v2\/product"}],"about":[{"href":"https:\/\/pizbube.ch\/en\/wp-json\/wp\/v2\/types\/product"}],"wp:featuredmedia":[{"embeddable":true,"href":"https:\/\/pizbube.ch\/en\/wp-json\/wp\/v2\/media\/168083"}],"wp:attachment":[{"href":"https:\/\/pizbube.ch\/en\/wp-json\/wp\/v2\/media?parent=168082"}],"wp:term":[{"taxonomy":"product_brand","embeddable":true,"href":"https:\/\/pizbube.ch\/en\/wp-json\/wp\/v2\/product_brand?post=168082"},{"taxonomy":"product_cat","embeddable":true,"href":"https:\/\/pizbube.ch\/en\/wp-json\/wp\/v2\/product_cat?post=168082"},{"taxonomy":"product_tag","embeddable":true,"href":"https:\/\/pizbube.ch\/en\/wp-json\/wp\/v2\/product_tag?post=168082"}],"curies":[{"name":"wp","href":"https:\/\/api.w.org\/{rel}","templated":true}]}}