{"id":168088,"date":"2023-06-17T11:10:36","date_gmt":"2023-06-17T09:10:36","guid":{"rendered":"https:\/\/pizbube.ch\/?post_type=product&#038;p=168088"},"modified":"2025-07-01T13:53:12","modified_gmt":"2025-07-01T11:53:12","slug":"falaises-de-corse","status":"publish","type":"product","link":"https:\/\/pizbube.ch\/en\/shop\/falaises-de-corse\/","title":{"rendered":"Falaises de Corse"},"content":{"rendered":"<p>2750 voies sur 87 sites, (Kletterg\u00e4rten Korsika)<\/p>\n<p>Voici donc en mai 2023 la 7e version, corrig\u00e9e et augment\u00e9e de plusieurs sites :<br \/>\nde 288 pages en 2006, le topo a grossi au fil des r\u00e9\u00e9ditions et il compte d\u00e9sormais 464 pages dans cette version 2023.<\/p>\n<p>Au programme des nouveaut\u00e9s 2023, 3 nouvelles falaises et 16 nouveaux secteurs, dont plusieurs falaises en granit de haut niveau (ce qui manquait \u00e0 la Corse).<\/p>\n<p>Grande nouveaut\u00e9, en achetant le topo Falaises de Corse vous avez acc\u00e8s gratuitement au contenu num\u00e9rique via l\u2019appli OmegaRoc sp\u00e9cialement d\u00e9di\u00e9e.<\/p>\n<p>Reli\u00e9 15 X 21 cm<br \/>\n464 pages tout couleur<br \/>\nBilingue Fran\u00e7ais \/ Anglais<br \/>\nR\u00e9impression 2023<\/p>\n<p>&nbsp;<\/p>\n<p>Topoguidebook of Corsica; 87 spots, over 2750 pitches!<br \/>\nGuide to the rock climbing available on Corsica published by the dedicated<br \/>\nclimbers of the island bringing together<br \/>\nall the already existing topos from the various regions. Illustrated<br \/>\nthroughout in full colour, the guide has plenty of action shots and<br \/>\ncomprehensive photo-topo diagrams to every crag described, it gives access<br \/>\ninformation for each area with an easy to read map<br \/>\nand describes the type of climbing to be found there &#8211;<\/p>\n<p>published in French and English throughout.<br \/>\n464 pages<br \/>\n7. EDITION 2023 (revised Reprint)<\/p>\n<p>&nbsp;<\/p>","protected":false},"excerpt":{"rendered":"<p>2750 voies sur 87 sites, (Kletterg\u00e4rten Korsika) Voici donc en mai 2023 la 7e version, corrig\u00e9e et augment\u00e9e de plusieurs sites : de 288 pages en 2006, le topo a grossi au fil des r\u00e9\u00e9ditions et il compte d\u00e9sormais 464 pages dans cette version 2023. Au programme des nouveaut\u00e9s 2023, 3 nouvelles falaises et 16 [&#8230;]\n","protected":false},"featured_media":168090,"template":"","meta":[],"product_brand":[],"product_cat":[21539],"product_tag":[26791,26779],"class_list":{"0":"post-168088","1":"product","2":"type-product","3":"status-publish","4":"has-post-thumbnail","6":"product_cat-fuehrerliteratur-sportklettern-bouldern","7":"product_tag-kletterfuehrer-korsika","8":"product_tag-korsika","9":"pa_autor-souchard-maurin","10":"pa_erscheinungsjahr-27129","11":"pa_region-frankreich","12":"pa_sprache-fr-en","14":"first","15":"instock","16":"taxable","17":"shipping-taxable","18":"purchasable","19":"product-type-simple"},"_links":{"self":[{"href":"https:\/\/pizbube.ch\/en\/wp-json\/wp\/v2\/product\/168088","targetHints":{"allow":["GET"]}}],"collection":[{"href":"https:\/\/pizbube.ch\/en\/wp-json\/wp\/v2\/product"}],"about":[{"href":"https:\/\/pizbube.ch\/en\/wp-json\/wp\/v2\/types\/product"}],"wp:featuredmedia":[{"embeddable":true,"href":"https:\/\/pizbube.ch\/en\/wp-json\/wp\/v2\/media\/168090"}],"wp:attachment":[{"href":"https:\/\/pizbube.ch\/en\/wp-json\/wp\/v2\/media?parent=168088"}],"wp:term":[{"taxonomy":"product_brand","embeddable":true,"href":"https:\/\/pizbube.ch\/en\/wp-json\/wp\/v2\/product_brand?post=168088"},{"taxonomy":"product_cat","embeddable":true,"href":"https:\/\/pizbube.ch\/en\/wp-json\/wp\/v2\/product_cat?post=168088"},{"taxonomy":"product_tag","embeddable":true,"href":"https:\/\/pizbube.ch\/en\/wp-json\/wp\/v2\/product_tag?post=168088"}],"curies":[{"name":"wp","href":"https:\/\/api.w.org\/{rel}","templated":true}]}}