{"id":168167,"date":"2023-06-23T09:47:33","date_gmt":"2023-06-23T07:47:33","guid":{"rendered":"https:\/\/pizbube.ch\/?post_type=product&#038;p=168167"},"modified":"2023-06-23T09:47:33","modified_gmt":"2023-06-23T07:47:33","slug":"verschwinden-in-lawinen","status":"publish","type":"product","link":"https:\/\/pizbube.ch\/en\/shop\/verschwinden-in-lawinen\/","title":{"rendered":"Verschwinden in Lawinen"},"content":{"rendered":"<p><span class=\"value\">In einem Bergdorf in Tirol herrscht am Ende der Wintersaison gespannte Stille: Zwei Einheimische sind von einer Lawine versch\u00fcttet worden. W\u00e4hrend die junge Frau um ihr Leben k\u00e4mpft, fehlt von ihrem Freund vorerst jede Spur. Auch Xaver beteiligt sich an der Suche im Unwegsamen, zuerst als einer der vielen Freiwilligen, dann auf eigene Faust. Als Heranwachsender hatte er erleben m\u00fcssen, wie der geliebte Gro\u00dfvater in den Bergen verschwunden war. Erst der Hinweis von Mathoi, eines Heilers, der sich hoch oben \u00fcber dem Tal als Einsiedler versteckt h\u00e4lt, f\u00fchrte Xaver und seine Mutter zu ihm &#8211; zu sp\u00e4t allerdings, der Gro\u00dfvater war tot. <\/span><\/p>\n<p><span class=\"value\">H\u00e4tte Xaver ihn retten k\u00f6nnen? Und was kann er jetzt tun, um sich von den Zweifeln an seiner Schuld zu befreien? Er macht sich auf die Suche nach Mathoi. Doch dazu muss er erst seine Mutter finden, die sich nach dem Zerfall der Familie, vom Alkohol und der Arbeit im Tourismus gezeichnet, ins Hochgebirge zur\u00fcckgezogen hat. Aber wo ist Xavers Platz? Wo liegt sein Gl\u00fcck? Und ist mit der Lawine endlich seine Chance gekommen, beides zu finden und sich zu beweisen?<\/span><\/p>\n<p>2. Auflage 2023;<br \/>\n<span class=\"value\">192 Seiten, gebunden mit SU<br \/>\n<\/span><\/p>","protected":false},"excerpt":{"rendered":"<p>In einem Bergdorf in Tirol herrscht am Ende der Wintersaison gespannte Stille: Zwei Einheimische sind von einer Lawine versch\u00fcttet worden. W\u00e4hrend die junge Frau um ihr Leben k\u00e4mpft, fehlt von ihrem Freund vorerst jede Spur. Auch Xaver beteiligt sich an der Suche im Unwegsamen, zuerst als einer der vielen Freiwilligen, dann auf eigene Faust. Als [&#8230;]\n","protected":false},"featured_media":168168,"template":"","meta":[],"product_brand":[],"product_cat":[21629],"product_tag":[],"class_list":{"0":"post-168167","1":"product","2":"type-product","3":"status-publish","4":"has-post-thumbnail","6":"product_cat-belletristik","7":"pa_autor-prosser","8":"pa_erscheinungsjahr-27129","9":"pa_region-oesterreich","10":"pa_sprache-de","12":"first","13":"instock","14":"taxable","15":"shipping-taxable","16":"purchasable","17":"product-type-simple"},"_links":{"self":[{"href":"https:\/\/pizbube.ch\/en\/wp-json\/wp\/v2\/product\/168167","targetHints":{"allow":["GET"]}}],"collection":[{"href":"https:\/\/pizbube.ch\/en\/wp-json\/wp\/v2\/product"}],"about":[{"href":"https:\/\/pizbube.ch\/en\/wp-json\/wp\/v2\/types\/product"}],"wp:featuredmedia":[{"embeddable":true,"href":"https:\/\/pizbube.ch\/en\/wp-json\/wp\/v2\/media\/168168"}],"wp:attachment":[{"href":"https:\/\/pizbube.ch\/en\/wp-json\/wp\/v2\/media?parent=168167"}],"wp:term":[{"taxonomy":"product_brand","embeddable":true,"href":"https:\/\/pizbube.ch\/en\/wp-json\/wp\/v2\/product_brand?post=168167"},{"taxonomy":"product_cat","embeddable":true,"href":"https:\/\/pizbube.ch\/en\/wp-json\/wp\/v2\/product_cat?post=168167"},{"taxonomy":"product_tag","embeddable":true,"href":"https:\/\/pizbube.ch\/en\/wp-json\/wp\/v2\/product_tag?post=168167"}],"curies":[{"name":"wp","href":"https:\/\/api.w.org\/{rel}","templated":true}]}}