{"id":168170,"date":"2023-06-23T10:00:41","date_gmt":"2023-06-23T08:00:41","guid":{"rendered":"https:\/\/pizbube.ch\/?post_type=product&#038;p=168170"},"modified":"2023-06-23T10:09:33","modified_gmt":"2023-06-23T08:09:33","slug":"zwei-auf-dem-everest","status":"publish","type":"product","link":"https:\/\/pizbube.ch\/en\/shop\/zwei-auf-dem-everest\/","title":{"rendered":"Zwei auf dem Everest"},"content":{"rendered":"<p>Ein gemeinsamer Traum. Das Bilderbuch zur Everest-Erstbesteigung, ab 4 Jahren, mit Hintergrundinfos.<\/p>\n<p>Ein Berg \u2013 zwei unvergessliche Geschichten: Tensing Norgay und Edmund Hillary \u2013 der eine h\u00fctet Yaks in Nepal, der andere betreut die Bienenst\u00f6cke seines Vaters in Neuseeland. Zwei g\u00e4nzlich unterschiedliche Leben, und doch ein gemeinsamer Traum. Schon fr\u00fch entdecken beide ihre Liebe zu den Bergen, machen zahlreiche Touren, schlie\u00dfen sich verschiedenen Gruppen an, kommen immer h\u00f6her und weiter und scheitern doch an dem einem: dem Chomolungma, dem Everest, dem h\u00f6chsten Berg der Welt.<br \/>\nErst als die beiden zusammenfinden, gelingt das lang Ersehnte und so oft unerreichbar Geschienene: Nach intensiven Strapazen und mit gro\u00dfem Durchhalteverm\u00f6gen stehen sie am 29. Mai 1953 dort, wo sie sich jahrelang hingetr\u00e4umt hatten \u2013 am h\u00f6chsten Punkt der Erde, 8848 Meter \u00fcber dem Meeresspiegel.<\/p>\n<p>Pr\u00e4gnant im Wort und kr\u00e4ftig im Strich erz\u00e4hlen die indische Autorin Uma Krishnaswami und der englische Illustrator Christopher Corr von diesem Weltereignis. Dabei werden die Lebensgeschichten der beiden Pers\u00f6nlichkeiten anfangs einzeln, aber gleichwertig nebeneinandergestellt erz\u00e4hlt, um ab dem Zusammentreffen und dem weiteren gemeinsamen Weg in doppelseitige Illustrationen und gemischten Erz\u00e4hlstr\u00e4ngen \u00fcberzugehen. Der knappe Sachteil am Ende des Buches rundet das Buch mit spannenden Daten und Fakten zum h\u00f6chsten Berg der Welt ab.<\/p>\n<p>Hardcover<br \/>\n32 Seiten; durchgehend farbig illustriert; 26.5 cm x 21 cm; ab 4 Jahre<br \/>\nSprache Deutsch<br \/>\n1. Auflage 2023<\/p>","protected":false},"excerpt":{"rendered":"<p>Ein gemeinsamer Traum. Das Bilderbuch zur Everest-Erstbesteigung, ab 4 Jahren, mit Hintergrundinfos. Ein Berg \u2013 zwei unvergessliche Geschichten: Tensing Norgay und Edmund Hillary \u2013 der eine h\u00fctet Yaks in Nepal, der andere betreut die Bienenst\u00f6cke seines Vaters in Neuseeland. Zwei g\u00e4nzlich unterschiedliche Leben, und doch ein gemeinsamer Traum. Schon fr\u00fch entdecken beide ihre Liebe zu [&#8230;]\n","protected":false},"featured_media":168171,"template":"","meta":[],"product_brand":[],"product_cat":[21629,21542],"product_tag":[26864,26863],"class_list":{"0":"post-168170","1":"product","2":"type-product","3":"status-publish","4":"has-post-thumbnail","6":"product_cat-belletristik","7":"product_cat-sachbuecher-dokumentationen","8":"product_tag-kinderbuch","9":"product_tag-kinderbuecher","10":"pa_autor-krishnaswami-corr","11":"pa_erscheinungsjahr-27129","12":"pa_region-asien","13":"pa_sprache-de","15":"first","16":"instock","17":"taxable","18":"shipping-taxable","19":"purchasable","20":"product-type-simple"},"_links":{"self":[{"href":"https:\/\/pizbube.ch\/en\/wp-json\/wp\/v2\/product\/168170","targetHints":{"allow":["GET"]}}],"collection":[{"href":"https:\/\/pizbube.ch\/en\/wp-json\/wp\/v2\/product"}],"about":[{"href":"https:\/\/pizbube.ch\/en\/wp-json\/wp\/v2\/types\/product"}],"wp:featuredmedia":[{"embeddable":true,"href":"https:\/\/pizbube.ch\/en\/wp-json\/wp\/v2\/media\/168171"}],"wp:attachment":[{"href":"https:\/\/pizbube.ch\/en\/wp-json\/wp\/v2\/media?parent=168170"}],"wp:term":[{"taxonomy":"product_brand","embeddable":true,"href":"https:\/\/pizbube.ch\/en\/wp-json\/wp\/v2\/product_brand?post=168170"},{"taxonomy":"product_cat","embeddable":true,"href":"https:\/\/pizbube.ch\/en\/wp-json\/wp\/v2\/product_cat?post=168170"},{"taxonomy":"product_tag","embeddable":true,"href":"https:\/\/pizbube.ch\/en\/wp-json\/wp\/v2\/product_tag?post=168170"}],"curies":[{"name":"wp","href":"https:\/\/api.w.org\/{rel}","templated":true}]}}