{"id":168174,"date":"2023-06-23T10:24:29","date_gmt":"2023-06-23T08:24:29","guid":{"rendered":"https:\/\/pizbube.ch\/?post_type=product&#038;p=168174"},"modified":"2023-10-27T17:40:29","modified_gmt":"2023-10-27T15:40:29","slug":"ein-rucksack-voller-steigeisen","status":"publish","type":"product","link":"https:\/\/pizbube.ch\/en\/shop\/ein-rucksack-voller-steigeisen\/","title":{"rendered":"Ein Rucksack voller Steigeisen"},"content":{"rendered":"<p>Wer sagt denn, dass die Welt schon entdeckt ist? Folgt man den Geschichten in \u00bbEin Rucksack voller Steigeisen\u00ab, gehen einem die Augen auf: Heiter und kundig, leichtf\u00fc\u00dfig und doch mit gewichtigem Gep\u00e4ck durchstreift Erwin Einzinger die Erde, nimmt Abzweigungen und ausgesetzte Panoramarouten. Immer mit dabei: Romane, Sagen und Legenden f\u00fcr die Lekt\u00fcre unterwegs, und die Musik, die man sich als Soundtrack im Hintergrund vorstellen kann. Zwischen Ger\u00f6llfeldern, Talschl\u00fcssen und Gletscherzungen macht er sich auf den Weg zu Orten und Menschen, die man in der Literatur selten findet.<\/p>\n<p>Wie kaum ein anderer versteht es Erwin Einzinger, vom Hundertsten ins Tausendste zu kommen \u2013 und ehe man sich\u2019s versieht, findet man sich lesend am Fu\u00df der Ostkarpaten oder am Oberlauf des Blauen Nils wieder. Ein Buch f\u00fcr Weitwanderer und Bergsteigerinnen, und f\u00fcr alle, die das Spektakel lieber vom Lesesessel aus verfolgen!<\/p>\n<p>1. Auflage 2023<br \/>\n336 Seiten, gebunden mit SU<\/p>\n<p>&nbsp;<\/p>","protected":false},"excerpt":{"rendered":"<p>Wer sagt denn, dass die Welt schon entdeckt ist? Folgt man den Geschichten in \u00bbEin Rucksack voller Steigeisen\u00ab, gehen einem die Augen auf: Heiter und kundig, leichtf\u00fc\u00dfig und doch mit gewichtigem Gep\u00e4ck durchstreift Erwin Einzinger die Erde, nimmt Abzweigungen und ausgesetzte Panoramarouten. Immer mit dabei: Romane, Sagen und Legenden f\u00fcr die Lekt\u00fcre unterwegs, und die [&#8230;]\n","protected":false},"featured_media":168175,"template":"","meta":[],"product_brand":[],"product_cat":[21629],"product_tag":[],"class_list":{"0":"post-168174","1":"product","2":"type-product","3":"status-publish","4":"has-post-thumbnail","6":"product_cat-belletristik","7":"pa_autor-einzinger","8":"pa_erscheinungsjahr-27129","9":"pa_region-oesterreich","10":"pa_sprache-de","12":"first","13":"instock","14":"taxable","15":"shipping-taxable","16":"purchasable","17":"product-type-simple"},"_links":{"self":[{"href":"https:\/\/pizbube.ch\/en\/wp-json\/wp\/v2\/product\/168174","targetHints":{"allow":["GET"]}}],"collection":[{"href":"https:\/\/pizbube.ch\/en\/wp-json\/wp\/v2\/product"}],"about":[{"href":"https:\/\/pizbube.ch\/en\/wp-json\/wp\/v2\/types\/product"}],"wp:featuredmedia":[{"embeddable":true,"href":"https:\/\/pizbube.ch\/en\/wp-json\/wp\/v2\/media\/168175"}],"wp:attachment":[{"href":"https:\/\/pizbube.ch\/en\/wp-json\/wp\/v2\/media?parent=168174"}],"wp:term":[{"taxonomy":"product_brand","embeddable":true,"href":"https:\/\/pizbube.ch\/en\/wp-json\/wp\/v2\/product_brand?post=168174"},{"taxonomy":"product_cat","embeddable":true,"href":"https:\/\/pizbube.ch\/en\/wp-json\/wp\/v2\/product_cat?post=168174"},{"taxonomy":"product_tag","embeddable":true,"href":"https:\/\/pizbube.ch\/en\/wp-json\/wp\/v2\/product_tag?post=168174"}],"curies":[{"name":"wp","href":"https:\/\/api.w.org\/{rel}","templated":true}]}}