{"id":168181,"date":"2023-06-23T11:12:59","date_gmt":"2023-06-23T09:12:59","guid":{"rendered":"https:\/\/pizbube.ch\/?post_type=product&#038;p=168181"},"modified":"2023-06-23T11:13:15","modified_gmt":"2023-06-23T09:13:15","slug":"wasserwanderungen-17-routen-durch-das-wasserschloss-schweiz","status":"publish","type":"product","link":"https:\/\/pizbube.ch\/en\/shop\/wasserwanderungen-17-routen-durch-das-wasserschloss-schweiz\/","title":{"rendered":"Wasserwanderungen &#8211; 17 Routen durch das Wasserschloss Schweiz"},"content":{"rendered":"<ul>\n<li>Wanderland Schweiz \u2013 ein Wasser-Wunderland!<\/li>\n<li>17 Wanderungen entlang von B\u00e4chen, Fl\u00fcssen und Suonen, zu eisigen Grotten, monumentalen Stauseen oder auch einfach zu einladenden Badeseen.<\/li>\n<li>Mit Hintergrundinformationen, Karten und genauen Wegbeschreibungen.<\/li>\n<\/ul>\n<p>St\u00e4rker als jede andere Naturkraft gestaltet Wasser das Relief der Schweiz, das Wasserschloss Europas. Es tr\u00e4gt Gebirge ab und verfrachtet dessen Material ins Mittelland. Entlang von Fl\u00fcssen und B\u00e4chen, Quellen und Wasserf\u00e4llen zu wandern, ist stets abwechslungsreich und unterhaltsam. Auf 17 Wandervorschl\u00e4gen in der ganzen Schweiz werden nicht nur zahlreiche Naturph\u00e4nomene bestaunt, sondern auch bemerkenswerte Werke der Wasserbaukunst erkl\u00e4rt. Und nat\u00fcrlich gibt es immer wieder Gelegenheiten f\u00fcr einen Sprung ins erfrischende Nass.<\/p>\n<p>1. Auflage 2023<br \/>\n224 Seiten, 250 Fotos, 20 Karten, 3 Grafiken und Tabellen<br \/>\nFlexobroschur, 15,5 x 22,5 cm<\/p>\n<p>&nbsp;<\/p>","protected":false},"excerpt":{"rendered":"<p>Wanderland Schweiz \u2013 ein Wasser-Wunderland! 17 Wanderungen entlang von B\u00e4chen, Fl\u00fcssen und Suonen, zu eisigen Grotten, monumentalen Stauseen oder auch einfach zu einladenden Badeseen. Mit Hintergrundinformationen, Karten und genauen Wegbeschreibungen. St\u00e4rker als jede andere Naturkraft gestaltet Wasser das Relief der Schweiz, das Wasserschloss Europas. Es tr\u00e4gt Gebirge ab und verfrachtet dessen Material ins Mittelland. Entlang [&#8230;]\n","protected":false},"featured_media":168182,"template":"","meta":[],"product_brand":[],"product_cat":[21605],"product_tag":[],"class_list":{"0":"post-168181","1":"product","2":"type-product","3":"status-publish","4":"has-post-thumbnail","6":"product_cat-wanderfuehrer-trekking","7":"pa_autor-alean-felber","8":"pa_erscheinungsjahr-27129","9":"pa_region-schweiz","10":"pa_sprache-de","12":"first","13":"instock","14":"taxable","15":"shipping-taxable","16":"purchasable","17":"product-type-simple"},"_links":{"self":[{"href":"https:\/\/pizbube.ch\/en\/wp-json\/wp\/v2\/product\/168181","targetHints":{"allow":["GET"]}}],"collection":[{"href":"https:\/\/pizbube.ch\/en\/wp-json\/wp\/v2\/product"}],"about":[{"href":"https:\/\/pizbube.ch\/en\/wp-json\/wp\/v2\/types\/product"}],"wp:featuredmedia":[{"embeddable":true,"href":"https:\/\/pizbube.ch\/en\/wp-json\/wp\/v2\/media\/168182"}],"wp:attachment":[{"href":"https:\/\/pizbube.ch\/en\/wp-json\/wp\/v2\/media?parent=168181"}],"wp:term":[{"taxonomy":"product_brand","embeddable":true,"href":"https:\/\/pizbube.ch\/en\/wp-json\/wp\/v2\/product_brand?post=168181"},{"taxonomy":"product_cat","embeddable":true,"href":"https:\/\/pizbube.ch\/en\/wp-json\/wp\/v2\/product_cat?post=168181"},{"taxonomy":"product_tag","embeddable":true,"href":"https:\/\/pizbube.ch\/en\/wp-json\/wp\/v2\/product_tag?post=168181"}],"curies":[{"name":"wp","href":"https:\/\/api.w.org\/{rel}","templated":true}]}}