{"id":168212,"date":"2023-06-24T09:57:02","date_gmt":"2023-06-24T07:57:02","guid":{"rendered":"https:\/\/pizbube.ch\/?post_type=product&#038;p=168212"},"modified":"2023-06-24T10:05:18","modified_gmt":"2023-06-24T08:05:18","slug":"bouldering-il-manuale-completo-del-sassista-tecnica-sicurezza-etica-ed-esplorazione","status":"publish","type":"product","link":"https:\/\/pizbube.ch\/en\/shop\/bouldering-il-manuale-completo-del-sassista-tecnica-sicurezza-etica-ed-esplorazione\/","title":{"rendered":"BOULDERING &#8211; Il manuale completo del sassista: tecnica, sicurezza, etica ed esplorazione"},"content":{"rendered":"<p>Questo manuale ha l\u2019obiettivo di fornire un riferimento per la pratica del <em>bouldering<\/em> su roccia, sia a chi si sta approcciando a questa disciplina, sia a chi \u00e8 gi\u00e0 esperto ma vuole approfondirne la conoscenza in ogni suo aspetto.<\/p>\n<p>La prima parte del libro si propone di dare tutte le informazioni fondamentali relative al bouldering su roccia, analizzandone le caratteristiche fondamentali: che cosa significa fare boulder, quali sono le \u201cregole\u201d e le attenzioni che bisogna osservare per una pratica rispettosa e sostenibile, qual \u00e8 la terminologia che \u00e8 opportuno conoscere, quali sono i movimenti e i gesti tecnici che \u00e8 necessario imparare, quale \u00e8 il sistema di gradazione e le tipologie di rocce che usualmente si incontrano.<\/p>\n<p>Un intero capitolo riassume la lunga storia di questa disciplina, partendo dai primi passi alla fine dell\u2019800 fino ad arrivare ai giorni nostri. Segue poi un\u2019analisi dettagliata dell\u2019attrezzatura richiesta: scarpette, tipologie di crash-pad e i criteri per la loro scelta, spazzolini, magnesite e gli strumenti per una pratica pi\u00f9 \u201cavanzata\u201d. Un capitolo molto ampio \u00e8 quindi dedicato alla sicurezza, per fornire informazioni dettagliate su come utilizzare e posizionare i pad, come parare correttamente e in modo sicuro nelle diverse situazioni e come approcciarsi agli <em>highball<\/em>.<\/p>\n<p>La seconda parte del libro vuole invece fornire un riferimento per l\u2019esplorazione e la valorizzazione di aree boulder ancora incontaminate: quale attrezzatura aggiuntiva \u00e8 richiesta in questi casi, con quali criteri possiamo iniziare a esplorare nuovi massi, come condurre tutte le fasi della pulizia nel creare gli accessi, preparare le basi e spazzolare la roccia, quali sono i principi etici nell\u2019apertura di nuove linee e come possiamo poi valutare e divulgare i nostri massi.<\/p>\n<p>328 pagine<br \/>\n19,00 \u00d7 22,50 cm<br \/>\nprima ediz. 2023<\/p>","protected":false},"excerpt":{"rendered":"<p>Questo manuale ha l\u2019obiettivo di fornire un riferimento per la pratica del bouldering su roccia, sia a chi si sta approcciando a questa disciplina, sia a chi \u00e8 gi\u00e0 esperto ma vuole approfondirne la conoscenza in ogni suo aspetto. La prima parte del libro si propone di dare tutte le informazioni fondamentali relative al bouldering [&#8230;]\n","protected":false},"featured_media":168213,"template":"","meta":[],"product_brand":[],"product_cat":[21538,21542],"product_tag":[],"class_list":{"0":"post-168212","1":"product","2":"type-product","3":"status-publish","4":"has-post-thumbnail","6":"product_cat-lehrbuecher","7":"product_cat-sachbuecher-dokumentationen","8":"pa_autor-milani","9":"pa_erscheinungsjahr-27129","10":"pa_region-italien","11":"pa_region-klettertechnik","12":"pa_region-orientierung-wetter-ausbildung","13":"pa_sprache-it","15":"first","16":"instock","17":"taxable","18":"shipping-taxable","19":"purchasable","20":"product-type-simple"},"_links":{"self":[{"href":"https:\/\/pizbube.ch\/en\/wp-json\/wp\/v2\/product\/168212","targetHints":{"allow":["GET"]}}],"collection":[{"href":"https:\/\/pizbube.ch\/en\/wp-json\/wp\/v2\/product"}],"about":[{"href":"https:\/\/pizbube.ch\/en\/wp-json\/wp\/v2\/types\/product"}],"wp:featuredmedia":[{"embeddable":true,"href":"https:\/\/pizbube.ch\/en\/wp-json\/wp\/v2\/media\/168213"}],"wp:attachment":[{"href":"https:\/\/pizbube.ch\/en\/wp-json\/wp\/v2\/media?parent=168212"}],"wp:term":[{"taxonomy":"product_brand","embeddable":true,"href":"https:\/\/pizbube.ch\/en\/wp-json\/wp\/v2\/product_brand?post=168212"},{"taxonomy":"product_cat","embeddable":true,"href":"https:\/\/pizbube.ch\/en\/wp-json\/wp\/v2\/product_cat?post=168212"},{"taxonomy":"product_tag","embeddable":true,"href":"https:\/\/pizbube.ch\/en\/wp-json\/wp\/v2\/product_tag?post=168212"}],"curies":[{"name":"wp","href":"https:\/\/api.w.org\/{rel}","templated":true}]}}