{"id":168218,"date":"2023-06-24T10:37:58","date_gmt":"2023-06-24T08:37:58","guid":{"rendered":"https:\/\/pizbube.ch\/?post_type=product&#038;p=168218"},"modified":"2023-06-29T10:31:12","modified_gmt":"2023-06-29T08:31:12","slug":"mont-blanc-granite-t5-val-veny","status":"publish","type":"product","link":"https:\/\/pizbube.ch\/en\/shop\/mont-blanc-granite-t5-val-veny\/","title":{"rendered":"MONT BLANC GRANITE T5: VAL VENY"},"content":{"rendered":"<p>Ce cinqui\u00e8me tome de la collection Mont-Blanc Granite consacre les plus belles voies du versant italien du mont Blanc r\u00e9partis dans les trois bassins sauvages et pr\u00e9serv\u00e9s dominant le Val Veny.<\/p>\n<p>Apr\u00e8s le bassin d\u2019Argenti\u00e8re (tome 1), les aiguilles de Chamonix (tome 2), les bassins Charpoua \u2013 Tal\u00e8fre \u2013 Leschaux (tome 3) et le bassin G\u00e9ant \u2013 Cirque Maudit \u2013 Vall\u00e9e Blanche (tome 4), voici le Mont-Blanc Granite, les plus belles voies d\u2019escalade tome 5 : Val Veny (I) : Monzino \u2013 Borelli \u2013 Skyway<\/p>\n<p>Ce cinqui\u00e8me tome de la collection MONT-BLANC GRANITE consacre les plus belles voies du versant italien du mont Blanc r\u00e9partis dans les trois bassins sauvages et pr\u00e9serv\u00e9s dominant le Val Veny.<br \/>\nPlein sud, se dressent des parois granitiques de renomm\u00e9e mondiale \u2013 piliers du Brouillard et du Fr\u00eaney, aiguille Noire de Peuterey \u2013 mais \u00e9galement de multiples aiguilles et parois m\u00e9connues ou r\u00e9cemment (r\u00e9)\u00e9quip\u00e9es.<br \/>\nQualit\u00e9 du rocher, ampleur des sommets, ambiance de caract\u00e8re : autant d\u2019arguments qui feront le succ\u00e8s de ces falaises d\u2019altitude et grandes ar\u00eates alpines.<br \/>\n116 promesses d\u2019escalades rocheuses inoubliables. Les bassins sont agr\u00e9ment\u00e9s d\u2019un grand refuge id\u00e9alement plac\u00e9 (le refuge Monzino) et de deux cabanes de bivouacs haut perch\u00e9es (Eccles et Borelli).<\/p>\n<p>Quatre auteurs pour une sacr\u00e9e cord\u00e9e :<br \/>\nEnrico Bonino, guide vald\u00f4tain sp\u00e9cialiste des parois m\u00e9ridionales du Mont-Blanc.<br \/>\nLouis Laurent, membre de la compagnie des guides de Chamonix, fort grimpeur fort actif.<br \/>\nJulien D\u00e9s\u00e9cures, guide en vall\u00e9e de Chamonix, auteur du fameux topo Grandes Jorasses, Face Nord.<br \/>\nFran\u00e7ois Damilano, auteur de nombreux ouvrages et topos sur le massif du Mont-Blanc.<\/p>\n<p>Version anglais: <a href=\"https:\/\/pizbube.ch\/en\/shop\/mont-blanc-granite-val-veny-volumne-5\/\" target=\"_blank\" rel=\"noopener\">Mont Blanc Granite: Val Veny (Volume 5)<\/a><br \/>\nVersion italien: <a href=\"https:\/\/pizbube.ch\/en\/shop\/mont-blanc-granite-tomo-5-val-veny\/\" target=\"_blank\" rel=\"noopener\">MONT BLANC GRANITE Tomo 5: VAL VENY<\/a><\/p>\n<p>252 pages;<br \/>\n12,5 x 17,5 cm<\/p>","protected":false},"excerpt":{"rendered":"<p>Ce cinqui\u00e8me tome de la collection Mont-Blanc Granite consacre les plus belles voies du versant italien du mont Blanc r\u00e9partis dans les trois bassins sauvages et pr\u00e9serv\u00e9s dominant le Val Veny. Apr\u00e8s le bassin d\u2019Argenti\u00e8re (tome 1), les aiguilles de Chamonix (tome 2), les bassins Charpoua \u2013 Tal\u00e8fre \u2013 Leschaux (tome 3) et le bassin [&#8230;]\n","protected":false},"featured_media":168219,"template":"","meta":[],"product_brand":[],"product_cat":[21539],"product_tag":[],"class_list":{"0":"post-168218","1":"product","2":"type-product","3":"status-publish","4":"has-post-thumbnail","6":"product_cat-fuehrerliteratur-sportklettern-bouldern","7":"pa_autor-bonino-damilano-laurent-desecures","8":"pa_erscheinungsjahr-27129","9":"pa_region-italien","10":"pa_sprache-fr","12":"first","13":"instock","14":"taxable","15":"shipping-taxable","16":"purchasable","17":"product-type-simple"},"_links":{"self":[{"href":"https:\/\/pizbube.ch\/en\/wp-json\/wp\/v2\/product\/168218","targetHints":{"allow":["GET"]}}],"collection":[{"href":"https:\/\/pizbube.ch\/en\/wp-json\/wp\/v2\/product"}],"about":[{"href":"https:\/\/pizbube.ch\/en\/wp-json\/wp\/v2\/types\/product"}],"wp:featuredmedia":[{"embeddable":true,"href":"https:\/\/pizbube.ch\/en\/wp-json\/wp\/v2\/media\/168219"}],"wp:attachment":[{"href":"https:\/\/pizbube.ch\/en\/wp-json\/wp\/v2\/media?parent=168218"}],"wp:term":[{"taxonomy":"product_brand","embeddable":true,"href":"https:\/\/pizbube.ch\/en\/wp-json\/wp\/v2\/product_brand?post=168218"},{"taxonomy":"product_cat","embeddable":true,"href":"https:\/\/pizbube.ch\/en\/wp-json\/wp\/v2\/product_cat?post=168218"},{"taxonomy":"product_tag","embeddable":true,"href":"https:\/\/pizbube.ch\/en\/wp-json\/wp\/v2\/product_tag?post=168218"}],"curies":[{"name":"wp","href":"https:\/\/api.w.org\/{rel}","templated":true}]}}