{"id":168326,"date":"2023-06-30T10:04:29","date_gmt":"2023-06-30T08:04:29","guid":{"rendered":"https:\/\/pizbube.ch\/?post_type=product&#038;p=168326"},"modified":"2023-06-30T17:50:19","modified_gmt":"2023-06-30T15:50:19","slug":"die-pfalz-das-buch-palatinum-kletteruniversum-pfalz","status":"publish","type":"product","link":"https:\/\/pizbube.ch\/en\/shop\/die-pfalz-das-buch-palatinum-kletteruniversum-pfalz\/","title":{"rendered":"Die Pfalz. Das Buch. Palatinum &#8211; Kletteruniversum Pfalz"},"content":{"rendered":"<p>Mit dem Finger am Puls der vorgestellten Protagonisten und im Einklang mit den Schwingungen des Kletteruniversums Pfalz nimmt Alex Wenner uns mit auf eine 120 Jahre umspannende, faszinierende Reise \u2013 von den Urspr\u00fcngen bis in die Gegenwart des Kletterns in der Pfalz.<\/p>\n<p>Ein wildes St\u00fcck Klettergeschichte mit null Prozent Langeweile: Ausz\u00fcge aus Gipfelb\u00fcchern, dokumentarische Bilder und Gespr\u00e4che mit Zeitzeugen werden topaktuelle Fotos und Interviews mit Pers\u00f6nlichkeiten der Gegenwart gegen\u00fcbergestellt. So ist Die Pfalz. Das Buch weit mehr als eine trockene Chronik. Vom Bergsport inspirierte Sichtweisen, Philosophien und Lebensweisheiten, unterhaltsame Stories und hautnahe Fotos f\u00fcgen sich zu einem ganz besonderen Werk, das \u00fcber den Tellerrand der Kletterszene hinaus reicht. Mit Beitr\u00e4gen von Reinhard Karl &amp; Eva Altmeier, Andreas Kubin, Tilmann Hepp, Heinz Illner und Julius Westphal.<\/p>\n<p>1. Auflage 2023, 264 Seiten, 235 x 270 mm,<br \/>\nHardcover mit Schutzumschlag, komplett 4-farbig<\/p>","protected":false},"excerpt":{"rendered":"<p>Mit dem Finger am Puls der vorgestellten Protagonisten und im Einklang mit den Schwingungen des Kletteruniversums Pfalz nimmt Alex Wenner uns mit auf eine 120 Jahre umspannende, faszinierende Reise \u2013 von den Urspr\u00fcngen bis in die Gegenwart des Kletterns in der Pfalz. Ein wildes St\u00fcck Klettergeschichte mit null Prozent Langeweile: Ausz\u00fcge aus Gipfelb\u00fcchern, dokumentarische Bilder [&#8230;]\n","protected":false},"featured_media":168350,"template":"","meta":[],"product_brand":[],"product_cat":[21542],"product_tag":[27308],"class_list":{"0":"post-168326","1":"product","2":"type-product","3":"status-publish","4":"has-post-thumbnail","6":"product_cat-sachbuecher-dokumentationen","7":"product_tag-pfalzbuch","8":"pa_autor-wenner","9":"pa_erscheinungsjahr-27129","10":"pa_region-deutschland","11":"pa_sprache-de","13":"first","14":"instock","15":"taxable","16":"shipping-taxable","17":"purchasable","18":"product-type-simple"},"_links":{"self":[{"href":"https:\/\/pizbube.ch\/en\/wp-json\/wp\/v2\/product\/168326","targetHints":{"allow":["GET"]}}],"collection":[{"href":"https:\/\/pizbube.ch\/en\/wp-json\/wp\/v2\/product"}],"about":[{"href":"https:\/\/pizbube.ch\/en\/wp-json\/wp\/v2\/types\/product"}],"wp:featuredmedia":[{"embeddable":true,"href":"https:\/\/pizbube.ch\/en\/wp-json\/wp\/v2\/media\/168350"}],"wp:attachment":[{"href":"https:\/\/pizbube.ch\/en\/wp-json\/wp\/v2\/media?parent=168326"}],"wp:term":[{"taxonomy":"product_brand","embeddable":true,"href":"https:\/\/pizbube.ch\/en\/wp-json\/wp\/v2\/product_brand?post=168326"},{"taxonomy":"product_cat","embeddable":true,"href":"https:\/\/pizbube.ch\/en\/wp-json\/wp\/v2\/product_cat?post=168326"},{"taxonomy":"product_tag","embeddable":true,"href":"https:\/\/pizbube.ch\/en\/wp-json\/wp\/v2\/product_tag?post=168326"}],"curies":[{"name":"wp","href":"https:\/\/api.w.org\/{rel}","templated":true}]}}