{"id":168448,"date":"2023-07-05T12:37:15","date_gmt":"2023-07-05T10:37:15","guid":{"rendered":"https:\/\/pizbube.ch\/?post_type=product&#038;p=168448"},"modified":"2023-11-17T17:00:48","modified_gmt":"2023-11-17T16:00:48","slug":"agenda-montagne-2024-les-plus-beaux-lacs-des-alpes","status":"publish","type":"product","link":"https:\/\/pizbube.ch\/en\/shop\/agenda-montagne-2024-les-plus-beaux-lacs-des-alpes\/","title":{"rendered":"Agenda Montagne 2024 &#8211; Les plus beaux lacs des Alpes"},"content":{"rendered":"<div class=\"field field-name-hw-presentation-editoriale field-type-text-long field-label-hidden\">\n<div class=\"field-items\">\n<div class=\"field-item even\">\n<p>Une\u00a0s\u00e9lection des plus belles photos de lacs alpins au fil des saisons, du massif du Mont-Blanc au Mercantour.<\/p>\n<p>Sportifs, naturalistes ou contemplatifs, passez\u00a0l\u2019ann\u00e9e en montagne au bord d\u2019un lac.\u00a0Bleu opale, verts ou noirs, d\u2019origine glaciaire ou autre, les lacs font le charme des Alpes fran\u00e7aises. Les uns sont perch\u00e9s et difficiles d\u2019acc\u00e8s, les autres au fond d\u2019une vall\u00e9e s\u2019offrent facilement au regard. Lieu d\u2019une simple halte ou but de randonn\u00e9e, ils sont toujours tr\u00e8s appr\u00e9ci\u00e9s des marcheurs. Semaine apr\u00e8s semaine, d\u00e9couvrez une s\u00e9lection des 40 plus beaux lacs alpins et bivouaquez en pens\u00e9e au bord de leurs rives.<\/p>\n<p>128 pages,<br \/>\n122 x 187 mm<\/p>\n<\/div>\n<\/div>\n<\/div>","protected":false},"excerpt":{"rendered":"<p>Une\u00a0s\u00e9lection des plus belles photos de lacs alpins au fil des saisons, du massif du Mont-Blanc au Mercantour. Sportifs, naturalistes ou contemplatifs, passez\u00a0l\u2019ann\u00e9e en montagne au bord d\u2019un lac.\u00a0Bleu opale, verts ou noirs, d\u2019origine glaciaire ou autre, les lacs font le charme des Alpes fran\u00e7aises. Les uns sont perch\u00e9s et difficiles d\u2019acc\u00e8s, les autres au [&#8230;]\n","protected":false},"featured_media":168449,"template":"","meta":[],"product_brand":[],"product_cat":[21607],"product_tag":[],"class_list":{"0":"post-168448","1":"product","2":"type-product","3":"status-publish","4":"has-post-thumbnail","6":"product_cat-kalender-posters","7":"pa_autor-favre","8":"pa_erscheinungsjahr-27129","9":"pa_region-frankreich","10":"pa_sprache-fr","12":"first","13":"instock","14":"taxable","15":"shipping-taxable","16":"purchasable","17":"product-type-simple"},"_links":{"self":[{"href":"https:\/\/pizbube.ch\/en\/wp-json\/wp\/v2\/product\/168448","targetHints":{"allow":["GET"]}}],"collection":[{"href":"https:\/\/pizbube.ch\/en\/wp-json\/wp\/v2\/product"}],"about":[{"href":"https:\/\/pizbube.ch\/en\/wp-json\/wp\/v2\/types\/product"}],"wp:featuredmedia":[{"embeddable":true,"href":"https:\/\/pizbube.ch\/en\/wp-json\/wp\/v2\/media\/168449"}],"wp:attachment":[{"href":"https:\/\/pizbube.ch\/en\/wp-json\/wp\/v2\/media?parent=168448"}],"wp:term":[{"taxonomy":"product_brand","embeddable":true,"href":"https:\/\/pizbube.ch\/en\/wp-json\/wp\/v2\/product_brand?post=168448"},{"taxonomy":"product_cat","embeddable":true,"href":"https:\/\/pizbube.ch\/en\/wp-json\/wp\/v2\/product_cat?post=168448"},{"taxonomy":"product_tag","embeddable":true,"href":"https:\/\/pizbube.ch\/en\/wp-json\/wp\/v2\/product_tag?post=168448"}],"curies":[{"name":"wp","href":"https:\/\/api.w.org\/{rel}","templated":true}]}}