{"id":168482,"date":"2023-07-06T15:08:17","date_gmt":"2023-07-06T13:08:17","guid":{"rendered":"https:\/\/pizbube.ch\/?post_type=product&#038;p=168482"},"modified":"2023-07-06T15:48:22","modified_gmt":"2023-07-06T13:48:22","slug":"platta-eine-ehemalige-nachbarschaft-im-hochtal-avers","status":"publish","type":"product","link":"https:\/\/pizbube.ch\/en\/shop\/platta-eine-ehemalige-nachbarschaft-im-hochtal-avers\/","title":{"rendered":"PLATTA &#8211; Eine ehemalige Nachbarschaft im Hochtal Avers"},"content":{"rendered":"<p><span class=\"value\">Die effektivsten Alpenbauern im Hochmittelalter waren die Walser. Sie hatten sich F\u00e4higkeiten und Techniken angeeignet, die es ihnen erm\u00f6glichten, auf \u00fcber 2000 m \u00fc M. zu siedeln und bis auf 2400 m \u00fc M. aktive Landwirtschaft zu betreiben. <\/span><\/p>\n<p><span class=\"value\">Die Wirtschaftsweise das Walser pr\u00e4gte die hochalpinen Gebiete mit \u00d6konomiegeb\u00e4uden von hoher Qualit\u00e4t. Heute allerdings sind diese St\u00e4lle und Bergst\u00e4lli vom Zerfall bedroht.<\/span><\/p>\n<p>Fester Einband;<br \/>\n<span class=\"value\">185 Seiten<\/span><\/p>","protected":false},"excerpt":{"rendered":"<p>Die effektivsten Alpenbauern im Hochmittelalter waren die Walser. Sie hatten sich F\u00e4higkeiten und Techniken angeeignet, die es ihnen erm\u00f6glichten, auf \u00fcber 2000 m \u00fc M. zu siedeln und bis auf 2400 m \u00fc M. aktive Landwirtschaft zu betreiben. Die Wirtschaftsweise das Walser pr\u00e4gte die hochalpinen Gebiete mit \u00d6konomiegeb\u00e4uden von hoher Qualit\u00e4t. Heute allerdings sind diese [&#8230;]\n","protected":false},"featured_media":168483,"template":"","meta":[],"product_brand":[],"product_cat":[21580,21542],"product_tag":[],"class_list":{"0":"post-168482","1":"product","2":"type-product","3":"status-publish","4":"has-post-thumbnail","6":"product_cat-kunst-kultur","7":"product_cat-sachbuecher-dokumentationen","8":"pa_autor-stoffel","9":"pa_erscheinungsjahr-21546","10":"pa_region-schweiz","11":"pa_sprache-de","13":"first","14":"instock","15":"taxable","16":"shipping-taxable","17":"purchasable","18":"product-type-simple"},"_links":{"self":[{"href":"https:\/\/pizbube.ch\/en\/wp-json\/wp\/v2\/product\/168482","targetHints":{"allow":["GET"]}}],"collection":[{"href":"https:\/\/pizbube.ch\/en\/wp-json\/wp\/v2\/product"}],"about":[{"href":"https:\/\/pizbube.ch\/en\/wp-json\/wp\/v2\/types\/product"}],"wp:featuredmedia":[{"embeddable":true,"href":"https:\/\/pizbube.ch\/en\/wp-json\/wp\/v2\/media\/168483"}],"wp:attachment":[{"href":"https:\/\/pizbube.ch\/en\/wp-json\/wp\/v2\/media?parent=168482"}],"wp:term":[{"taxonomy":"product_brand","embeddable":true,"href":"https:\/\/pizbube.ch\/en\/wp-json\/wp\/v2\/product_brand?post=168482"},{"taxonomy":"product_cat","embeddable":true,"href":"https:\/\/pizbube.ch\/en\/wp-json\/wp\/v2\/product_cat?post=168482"},{"taxonomy":"product_tag","embeddable":true,"href":"https:\/\/pizbube.ch\/en\/wp-json\/wp\/v2\/product_tag?post=168482"}],"curies":[{"name":"wp","href":"https:\/\/api.w.org\/{rel}","templated":true}]}}