{"id":168489,"date":"2023-07-06T16:54:14","date_gmt":"2023-07-06T14:54:14","guid":{"rendered":"https:\/\/pizbube.ch\/?post_type=product&#038;p=168489"},"modified":"2024-08-30T16:13:24","modified_gmt":"2024-08-30T14:13:24","slug":"silvretta-block-2","status":"publish","type":"product","link":"https:\/\/pizbube.ch\/en\/shop\/silvretta-block-2\/","title":{"rendered":"SILVRETTA-BLOCK"},"content":{"rendered":"<p>Silvapark &#8211; Galt\u00fcr<\/p>\n<p>Das auf 2000 m gelegene Bouldergebiet Silvapark bei Galt\u00fcr im Tiroler Paznauntal ist l\u00e4ngst eine international bekannte Boulderdestination und mit mittlerweile rund 600 Boulderproblemen eines der gro\u00dfen alpinen Gebiete.<\/p>\n<p>Das 96seitige Buch befasst sich eingehend mit dem Tiroler Boulderjuwel und bringt die Information dazu auf einen topaktuellen Stand. Dazu wurden im Herbst 2022 die neu entstandenen Boulderprobleme erfasst.<br \/>\nNeben den Top-Problemen wie &#171;Anam Cara&#187; oder &#171;Memento&#187; sowie vielen exzellenten schweren bis schwierigsten Testpieces gibt es hier auch jede Menge Bet\u00e4tigungsfeld\u00a0im einfachen und mittleren Schwierigkeitsbereich. Im Sektor Sekten wurden sogar\u00a0farblich markierte Parcours verschiedener Schwierigkeiten\u00a0angeleget. Das Gebiet ist also f\u00fcr K\u00f6nner gleicherma\u00dfen wie f\u00fcr Familien hervorragend geeignet!<\/p>\n<p>Die Texte sind 2-sprachig deutsch\/englisch und neben detaillierten verbalen Beschreibungen zu den Boulderproblemen haben auch wieder Landschafts- und Action-Bilder Platz gefunden.<\/p>\n<p>Um die \u00dcbersicht zu erleichtern und die eigenen Leistungen besser dokumentieren zu k\u00f6nnen, findet man am Ende des Buches einen alphabetischen Index und eine nach Schwierigkeit geordnete Auflistung\u00a0der Probleme.<\/p>\n<p><span class=\"txt_e\">The Bouldering area Silvapark close to Galt\u00fcr in the Tyrolean Paznauntal is by now a well known international bouldering destination and is with its about 600 problems one of the big alpine areas.<\/span><\/p>\n<p><span class=\"txt_e\">On the 96 pages this tyrolean bouldering jewel is described extensively and the information to the area is up-to-date. For this in autumn 2022 we researched the new problems of the last seasons.<br \/>\nSo there is a huge field for activity also in the lower and middle difficulties and together with such longtime existing top problems as &#171;Anam Cara&#187; or &#171;Memento&#187; and all the other hard and super hard testpieces the area is a perfect field of activity \u00a0for experts as well as for families!<\/span><\/p>\n<p><span class=\"txt_e\">The texts are bilingual german\/english and next to the detailed descriptions of the problems has also been space again for photos of the landscape or bouldering-action.<\/span><\/p>\n<p><span class=\"txt_e\">To improve\u00a0handling an alphabetically sorted index of the problems as well as a listing of the problems\u00a0sorted by grade can be found at the end of the book, which allows easily\u00a0the documentation of your own performances.<\/span><\/p>\n<p>4. Auflage 2023<\/p>","protected":false},"excerpt":{"rendered":"<p>Silvapark &#8211; Galt\u00fcr Das auf 2000 m gelegene Bouldergebiet Silvapark bei Galt\u00fcr im Tiroler Paznauntal ist l\u00e4ngst eine international bekannte Boulderdestination und mit mittlerweile rund 600 Boulderproblemen eines der gro\u00dfen alpinen Gebiete. Das 96seitige Buch befasst sich eingehend mit dem Tiroler Boulderjuwel und bringt die Information dazu auf einen topaktuellen Stand. Dazu wurden im Herbst [&#8230;]\n","protected":false},"featured_media":168490,"template":"","meta":[],"product_brand":[],"product_cat":[21539],"product_tag":[26906],"class_list":{"0":"post-168489","1":"product","2":"type-product","3":"status-publish","4":"has-post-thumbnail","6":"product_cat-fuehrerliteratur-sportklettern-bouldern","7":"product_tag-silvrettablock","8":"pa_autor-roeker","9":"pa_erscheinungsjahr-27129","10":"pa_region-oesterreich","11":"pa_sprache-de-en-2","13":"first","14":"instock","15":"taxable","16":"shipping-taxable","17":"purchasable","18":"product-type-simple"},"_links":{"self":[{"href":"https:\/\/pizbube.ch\/en\/wp-json\/wp\/v2\/product\/168489","targetHints":{"allow":["GET"]}}],"collection":[{"href":"https:\/\/pizbube.ch\/en\/wp-json\/wp\/v2\/product"}],"about":[{"href":"https:\/\/pizbube.ch\/en\/wp-json\/wp\/v2\/types\/product"}],"wp:featuredmedia":[{"embeddable":true,"href":"https:\/\/pizbube.ch\/en\/wp-json\/wp\/v2\/media\/168490"}],"wp:attachment":[{"href":"https:\/\/pizbube.ch\/en\/wp-json\/wp\/v2\/media?parent=168489"}],"wp:term":[{"taxonomy":"product_brand","embeddable":true,"href":"https:\/\/pizbube.ch\/en\/wp-json\/wp\/v2\/product_brand?post=168489"},{"taxonomy":"product_cat","embeddable":true,"href":"https:\/\/pizbube.ch\/en\/wp-json\/wp\/v2\/product_cat?post=168489"},{"taxonomy":"product_tag","embeddable":true,"href":"https:\/\/pizbube.ch\/en\/wp-json\/wp\/v2\/product_tag?post=168489"}],"curies":[{"name":"wp","href":"https:\/\/api.w.org\/{rel}","templated":true}]}}