{"id":168504,"date":"2023-07-07T15:46:55","date_gmt":"2023-07-07T13:46:55","guid":{"rendered":"https:\/\/pizbube.ch\/?post_type=product&#038;p=168504"},"modified":"2023-07-27T10:57:30","modified_gmt":"2023-07-27T08:57:30","slug":"valtellina-rock-hohe-waende-multipitch-sportklettern-und-trad","status":"publish","type":"product","link":"https:\/\/pizbube.ch\/en\/shop\/valtellina-rock-hohe-waende-multipitch-sportklettern-und-trad\/","title":{"rendered":"VALTELLINA ROCK &#8211; Hohe W\u00e4nde  (Multipitch-Sportklettern und Trad)"},"content":{"rendered":"<p>Multipitch-Sportklettern und Trad im Val Gerola, Val Masino, Val Malenco, Aprica, Val Grosina, Bormio, Valfurva, Val di Dentro, Laghi di Cancano<\/p>\n<p>Das Valtellina bietet zahlreiche M\u00f6glichkeiten f\u00fcr Outdoor-Fans, an erster Stelle steht hier unangefochten das Klettern in all seinen Formen: Einseill\u00e4ngen, Sport-Multipitch, Trad-Multipitch und Alpinismus im Fels. In der Reihe von Versante Sud sind erst k\u00fcrzlich ein Boulderund ein Klettergarten-F\u00fchrer erschienen, bis heute fehlt jedoch eine Ausgabe zu den Multipitch-Routen jenseits des ber\u00fchmten Tals Val Masino.<\/p>\n<p>In diesem Buch werden die vielen Sportund TradRouten im Valtellina beschrieben, die man bis dato nur in den Aufzeichnungen der Erschlie\u00dfer oder in wenigen, inzwischen nicht mehr auffindbaren alten Kletterf\u00fchrern finden konnte.<\/p>\n<p>Die Routen in diesem F\u00fchrer k\u00f6nnen alle an einem Tag geklettert werden, egal ob Sportoder TradRoute; alpinistische Routen mit \u00dcbernachtung in H\u00fctte oder Biwak werden nicht aufgef\u00fchrt. Die beschriebenen Routen k\u00f6nnen meist das ganze Jahr \u00fcber geklettert werden, nur im Winter k\u00f6nnte es bisweilen zu kalt sein&#8230;<\/p>\n<p>1. Auflage 2023<br \/>\n367 Seiten<\/p>","protected":false},"excerpt":{"rendered":"<p>Multipitch-Sportklettern und Trad im Val Gerola, Val Masino, Val Malenco, Aprica, Val Grosina, Bormio, Valfurva, Val di Dentro, Laghi di Cancano Das Valtellina bietet zahlreiche M\u00f6glichkeiten f\u00fcr Outdoor-Fans, an erster Stelle steht hier unangefochten das Klettern in all seinen Formen: Einseill\u00e4ngen, Sport-Multipitch, Trad-Multipitch und Alpinismus im Fels. In der Reihe von Versante Sud sind erst [&#8230;]\n","protected":false},"featured_media":168505,"template":"","meta":[],"product_brand":[],"product_cat":[21539],"product_tag":[],"class_list":{"0":"post-168504","1":"product","2":"type-product","3":"status-publish","4":"has-post-thumbnail","6":"product_cat-fuehrerliteratur-sportklettern-bouldern","7":"pa_autor-bagarin-codeca","8":"pa_erscheinungsjahr-27129","9":"pa_region-italien","10":"pa_sprache-de","12":"first","13":"instock","14":"taxable","15":"shipping-taxable","16":"purchasable","17":"product-type-simple"},"_links":{"self":[{"href":"https:\/\/pizbube.ch\/en\/wp-json\/wp\/v2\/product\/168504","targetHints":{"allow":["GET"]}}],"collection":[{"href":"https:\/\/pizbube.ch\/en\/wp-json\/wp\/v2\/product"}],"about":[{"href":"https:\/\/pizbube.ch\/en\/wp-json\/wp\/v2\/types\/product"}],"wp:featuredmedia":[{"embeddable":true,"href":"https:\/\/pizbube.ch\/en\/wp-json\/wp\/v2\/media\/168505"}],"wp:attachment":[{"href":"https:\/\/pizbube.ch\/en\/wp-json\/wp\/v2\/media?parent=168504"}],"wp:term":[{"taxonomy":"product_brand","embeddable":true,"href":"https:\/\/pizbube.ch\/en\/wp-json\/wp\/v2\/product_brand?post=168504"},{"taxonomy":"product_cat","embeddable":true,"href":"https:\/\/pizbube.ch\/en\/wp-json\/wp\/v2\/product_cat?post=168504"},{"taxonomy":"product_tag","embeddable":true,"href":"https:\/\/pizbube.ch\/en\/wp-json\/wp\/v2\/product_tag?post=168504"}],"curies":[{"name":"wp","href":"https:\/\/api.w.org\/{rel}","templated":true}]}}