{"id":168633,"date":"2023-07-18T10:05:31","date_gmt":"2023-07-18T08:05:31","guid":{"rendered":"https:\/\/pizbube.ch\/?post_type=product&#038;p=168633"},"modified":"2023-07-26T10:06:22","modified_gmt":"2023-07-26T08:06:22","slug":"ptits-sentiers-pfaedli-jura-biennois-bieler-jura","status":"publish","type":"product","link":"https:\/\/pizbube.ch\/en\/shop\/ptits-sentiers-pfaedli-jura-biennois-bieler-jura\/","title":{"rendered":"P`tits Sentiers &#8211; Pf\u00e4dli Jura biennois &#8211; Bieler Jura"},"content":{"rendered":"<p>Wanderf\u00fchrer;<br \/>\nErschliesst das Gebiet von Orvin, Frinvillier, P\u00e9ry, la Heutte,<br \/>\nSonceboz (Montoz sud) und den Schilt. Es sind 88 Routen beschrieben mit<br \/>\nSchwierigkeitsgraden von T1 bis T4+ (nach SAC Schwierigkeitsskala)<\/p>\n<p>Dies ist die 3., v\u00f6llig \u00fcberarbeitete Ausgabe des regionalen Wanderf\u00fchrers. Die Autoren haben das gebiet um einige neue, bisher unver\u00f6ffentlichte Pfade erweitert.<br \/>\nEinige Touren richten sich speziell an Personen, die trittsicher sind und nicht zu H\u00f6henangst neigen&#8230;<br \/>\nUmschlag farbig \/ 28 Seiten<\/p>\n<p>Zahlreiche Skizzen<br \/>\nText DE \/ FR<\/p>\n<p>Couvre la r\u00e9gion d`Orvin, Frinvillier, P\u00e9ry, la Heutte, Sonceboz (Montoz sud)<br \/>\net le Schilt.<br \/>\n88 itin\u00e9raires y sont d\u00e9crits, difficult\u00e9s entre T2 et T4+ (cotations du CAS)<\/p>\n<p>Voici la 3i\u00e8me \u00e9dition totalement remani\u00e9e et \u00e9largi!<\/p>\n<p>Format A5 \/ couverture cartonn\u00e9e couleur \/ 28 pages.<br \/>\nNombreux croquis et photos, textes Fran\u00e7ais \/Allemand.<\/p>","protected":false},"excerpt":{"rendered":"<p>Wanderf\u00fchrer; Erschliesst das Gebiet von Orvin, Frinvillier, P\u00e9ry, la Heutte, Sonceboz (Montoz sud) und den Schilt. Es sind 88 Routen beschrieben mit Schwierigkeitsgraden von T1 bis T4+ (nach SAC Schwierigkeitsskala) Dies ist die 3., v\u00f6llig \u00fcberarbeitete Ausgabe des regionalen Wanderf\u00fchrers. Die Autoren haben das gebiet um einige neue, bisher unver\u00f6ffentlichte Pfade erweitert. Einige Touren richten [&#8230;]\n","protected":false},"featured_media":168634,"template":"","meta":[],"product_brand":[],"product_cat":[21605],"product_tag":[27315],"class_list":{"0":"post-168633","1":"product","2":"type-product","3":"status-publish","4":"has-post-thumbnail","6":"product_cat-wanderfuehrer-trekking","7":"product_tag-pfaedeli","8":"pa_autor-devaux-girardin","9":"pa_erscheinungsjahr-27129","10":"pa_region-schweiz","11":"pa_sprache-d","12":"pa_sprache-f","14":"first","15":"instock","16":"taxable","17":"shipping-taxable","18":"purchasable","19":"product-type-simple"},"_links":{"self":[{"href":"https:\/\/pizbube.ch\/en\/wp-json\/wp\/v2\/product\/168633","targetHints":{"allow":["GET"]}}],"collection":[{"href":"https:\/\/pizbube.ch\/en\/wp-json\/wp\/v2\/product"}],"about":[{"href":"https:\/\/pizbube.ch\/en\/wp-json\/wp\/v2\/types\/product"}],"wp:featuredmedia":[{"embeddable":true,"href":"https:\/\/pizbube.ch\/en\/wp-json\/wp\/v2\/media\/168634"}],"wp:attachment":[{"href":"https:\/\/pizbube.ch\/en\/wp-json\/wp\/v2\/media?parent=168633"}],"wp:term":[{"taxonomy":"product_brand","embeddable":true,"href":"https:\/\/pizbube.ch\/en\/wp-json\/wp\/v2\/product_brand?post=168633"},{"taxonomy":"product_cat","embeddable":true,"href":"https:\/\/pizbube.ch\/en\/wp-json\/wp\/v2\/product_cat?post=168633"},{"taxonomy":"product_tag","embeddable":true,"href":"https:\/\/pizbube.ch\/en\/wp-json\/wp\/v2\/product_tag?post=168633"}],"curies":[{"name":"wp","href":"https:\/\/api.w.org\/{rel}","templated":true}]}}