{"id":168688,"date":"2023-07-22T11:34:52","date_gmt":"2023-07-22T09:34:52","guid":{"rendered":"https:\/\/pizbube.ch\/?post_type=product&#038;p=168688"},"modified":"2023-07-27T11:32:32","modified_gmt":"2023-07-27T09:32:32","slug":"dolomiten-53-routen-und-erlebnisse","status":"publish","type":"product","link":"https:\/\/pizbube.ch\/en\/shop\/dolomiten-53-routen-und-erlebnisse\/","title":{"rendered":"DOLOMITEN &#8211; 53 Routen und Erlebnisse"},"content":{"rendered":"<p>DOLOMITEN 53 Routen und Erlebnisse<\/p>\n<p>Die Erstbegeher erz\u00e4hlen<\/p>\n<p>Der vorliegende Kletterf\u00fchrer umfasst eine Auswahl von 53 alpinen Routen in den Dolomiten vom V bis VII Schwierigkeitsgrad. Sie wurden alle von den Autoren Grill\/Kluckner zusammen mit Freunden erstbegangen und eingerichtet.<\/p>\n<p>Entsprechend sorgf\u00e4ltig und detailliert sind die Beschreibungen und Topos. Gro\u00dfe, ansprechende \u00dcbersichtsund Wandbilder erleichtern die Orientierung und Routenfindung. Ein besonderer Wert wurde nicht nur auf die Charakterisierung der einzelnen Touren gelegt, sondern auch auf das umliegende Gebiet, in welches sie eingebettet sind. Zeichnungen und Bilder verdeutlichen die Einzigartigkeit der vorgestellten, formkr\u00e4ftigen Dolomiten und geben einen \u00e4sthetischen Gesamtcharakter.<\/p>\n<p>Eine weitere Besonderheit dieses Kletterf\u00fchrers sind die spannenden, humorvollen, aber auch philosophischen Erz\u00e4hlungen und Geschichten zu den vorgestellten Erstbegehungen. Beim Durchbl\u00e4ttern und Lesen dieses k\u00fcnstlerischen Werkes entstehen Interesse und die Lust, die vorgestellten Gebiete und Routen zu erkunden.<\/p>\n<p>432 Seiten,<br \/>\n1. Auflage 2023<\/p>","protected":false},"excerpt":{"rendered":"<p>DOLOMITEN 53 Routen und Erlebnisse Die Erstbegeher erz\u00e4hlen Der vorliegende Kletterf\u00fchrer umfasst eine Auswahl von 53 alpinen Routen in den Dolomiten vom V bis VII Schwierigkeitsgrad. Sie wurden alle von den Autoren Grill\/Kluckner zusammen mit Freunden erstbegangen und eingerichtet. Entsprechend sorgf\u00e4ltig und detailliert sind die Beschreibungen und Topos. Gro\u00dfe, ansprechende \u00dcbersichtsund Wandbilder erleichtern die Orientierung [&#8230;]\n","protected":false},"featured_media":168689,"template":"","meta":[],"product_brand":[],"product_cat":[21539],"product_tag":[],"class_list":{"0":"post-168688","1":"product","2":"type-product","3":"status-publish","4":"has-post-thumbnail","6":"product_cat-fuehrerliteratur-sportklettern-bouldern","7":"pa_autor-kluckner-grill","8":"pa_erscheinungsjahr-27129","9":"pa_region-italien","10":"pa_sprache-de","12":"first","13":"instock","14":"taxable","15":"shipping-taxable","16":"purchasable","17":"product-type-simple"},"_links":{"self":[{"href":"https:\/\/pizbube.ch\/en\/wp-json\/wp\/v2\/product\/168688","targetHints":{"allow":["GET"]}}],"collection":[{"href":"https:\/\/pizbube.ch\/en\/wp-json\/wp\/v2\/product"}],"about":[{"href":"https:\/\/pizbube.ch\/en\/wp-json\/wp\/v2\/types\/product"}],"wp:featuredmedia":[{"embeddable":true,"href":"https:\/\/pizbube.ch\/en\/wp-json\/wp\/v2\/media\/168689"}],"wp:attachment":[{"href":"https:\/\/pizbube.ch\/en\/wp-json\/wp\/v2\/media?parent=168688"}],"wp:term":[{"taxonomy":"product_brand","embeddable":true,"href":"https:\/\/pizbube.ch\/en\/wp-json\/wp\/v2\/product_brand?post=168688"},{"taxonomy":"product_cat","embeddable":true,"href":"https:\/\/pizbube.ch\/en\/wp-json\/wp\/v2\/product_cat?post=168688"},{"taxonomy":"product_tag","embeddable":true,"href":"https:\/\/pizbube.ch\/en\/wp-json\/wp\/v2\/product_tag?post=168688"}],"curies":[{"name":"wp","href":"https:\/\/api.w.org\/{rel}","templated":true}]}}