{"id":168694,"date":"2023-07-22T11:53:04","date_gmt":"2023-07-22T09:53:04","guid":{"rendered":"https:\/\/pizbube.ch\/?post_type=product&#038;p=168694"},"modified":"2023-07-27T10:44:18","modified_gmt":"2023-07-27T08:44:18","slug":"wandern-mit-den-allerkleinsten-das-praxisnahe-handbuch-fuer-outdoorerlebnisse-mit-kindern-von-0-bis-4-jahre","status":"publish","type":"product","link":"https:\/\/pizbube.ch\/en\/shop\/wandern-mit-den-allerkleinsten-das-praxisnahe-handbuch-fuer-outdoorerlebnisse-mit-kindern-von-0-bis-4-jahre\/","title":{"rendered":"WANDERN MIT DEN ALLERKLEINSTEN  &#8211; Das praxisnahe Handbuch f\u00fcr Outdoorerlebnisse mit Kindern von 0 bis 4 Jahre"},"content":{"rendered":"<p>Dieses Buch ist \u201cdas Buch\u201d, das wir gerne gelesen h\u00e4tten, bevor wir mit unseren Kindern die ersten Wanderungen und Ausfl\u00fcge in der freien Natur gemacht haben.<\/p>\n<p>Wir sehen die Familie als ein Expeditionsteam, in dem das Wohlbefinden aller Teammitglieder im Vordergrund steht, unabh\u00e4ngig davon, wie viel Zeit im Freien verbracht wird. Die Eltern \u00fcbernehmen die Rolle des Expeditionsleiters. Sie zeigen den Weg zu einem respektvollen Umgang mit der Umwelt, indem sie den Kindern Sinnhaftigkeit, Nachhaltigkeit und das sichere Verhalten vermitteln.<\/p>\n<p>Dieser Ratgeber geht \u00fcber die reine Darstellung einer Ausr\u00fcstung hinaus; beschrieben wird, wie mit der richtigen Planung und Vorbereitung die Natur sicher erkundet werden kann. Jeder Aspekt eines Tagesausflugs im Freien mit einem S\u00e4ugling, einem Kleinkind oder einem kleinen Wanderer (0 bis 4 Jahre alt) wird behandelt, einschlie\u00dflich den Themen wie das Erholen, das F\u00fcttern oder das Wickeln. Es wird auch beschrieben, wie Outdoorerlebnisse durch eine kooperative und positive Einstellung sinnvoll gestaltet werden k\u00f6nnen. L\u00f6sungen werden vorgestellt, die Kindern und Eltern Spa\u00df machen und mit denen eine enge Bindung aufgebaut werden kann.<\/p>\n<p>Das Buch befasst sich auch mit dem \u00dcbernachten mit Kindern auf Trekkingtouren, sowie \u00fcber das, was zu beachten ist, wenn ein kleines Geschwisterchen zur Gruppe st\u00f6\u00dft oder wenn mehrere Kinder an einer Wanderung teilnehmen.<\/p>\n<p>In jedem Kapitel werden Tipps und pers\u00f6nliche Erfahrungen der Autorinnen hervorgehoben. Diese zeigen besonders kuriose und n\u00fctzliche Aspekte des Wanderns mit Kindern auf.<\/p>\n<p>1. Auflage 2023;<br \/>\n239 Seiten<\/p>","protected":false},"excerpt":{"rendered":"<p>Dieses Buch ist \u201cdas Buch\u201d, das wir gerne gelesen h\u00e4tten, bevor wir mit unseren Kindern die ersten Wanderungen und Ausfl\u00fcge in der freien Natur gemacht haben. Wir sehen die Familie als ein Expeditionsteam, in dem das Wohlbefinden aller Teammitglieder im Vordergrund steht, unabh\u00e4ngig davon, wie viel Zeit im Freien verbracht wird. Die Eltern \u00fcbernehmen die [&#8230;]\n","protected":false},"featured_media":168695,"template":"","meta":[],"product_brand":[],"product_cat":[21538],"product_tag":[],"class_list":{"0":"post-168694","1":"product","2":"type-product","3":"status-publish","4":"has-post-thumbnail","6":"product_cat-lehrbuecher","7":"pa_autor-zennaro-klaus","8":"pa_erscheinungsjahr-27129","9":"pa_region-orientierung-wetter-ausbildung","10":"pa_sprache-de","12":"first","13":"instock","14":"taxable","15":"shipping-taxable","16":"purchasable","17":"product-type-simple"},"_links":{"self":[{"href":"https:\/\/pizbube.ch\/en\/wp-json\/wp\/v2\/product\/168694","targetHints":{"allow":["GET"]}}],"collection":[{"href":"https:\/\/pizbube.ch\/en\/wp-json\/wp\/v2\/product"}],"about":[{"href":"https:\/\/pizbube.ch\/en\/wp-json\/wp\/v2\/types\/product"}],"wp:featuredmedia":[{"embeddable":true,"href":"https:\/\/pizbube.ch\/en\/wp-json\/wp\/v2\/media\/168695"}],"wp:attachment":[{"href":"https:\/\/pizbube.ch\/en\/wp-json\/wp\/v2\/media?parent=168694"}],"wp:term":[{"taxonomy":"product_brand","embeddable":true,"href":"https:\/\/pizbube.ch\/en\/wp-json\/wp\/v2\/product_brand?post=168694"},{"taxonomy":"product_cat","embeddable":true,"href":"https:\/\/pizbube.ch\/en\/wp-json\/wp\/v2\/product_cat?post=168694"},{"taxonomy":"product_tag","embeddable":true,"href":"https:\/\/pizbube.ch\/en\/wp-json\/wp\/v2\/product_tag?post=168694"}],"curies":[{"name":"wp","href":"https:\/\/api.w.org\/{rel}","templated":true}]}}