{"id":168699,"date":"2023-07-22T12:43:39","date_gmt":"2023-07-22T10:43:39","guid":{"rendered":"https:\/\/pizbube.ch\/?post_type=product&#038;p=168699"},"modified":"2024-09-06T09:32:40","modified_gmt":"2024-09-06T07:32:40","slug":"sella-rock-255-mehrseillaengenrouten-in-der-sellagruppe","status":"publish","type":"product","link":"https:\/\/pizbube.ch\/en\/shop\/sella-rock-255-mehrseillaengenrouten-in-der-sellagruppe\/","title":{"rendered":"SELLA rock &#8211; 255 Mehrseill\u00e4ngenrouten in der Sellagruppe"},"content":{"rendered":"<p>255 Mehrseill\u00e4ngenrouten in der Sellagruppe<\/p>\n<p>Die Sellagruppe ist einfach gigantisch: Sie beherbergt Hunderte und Aberhunderte von Routen. Im Laufe der Jahre wurden unz\u00e4hlige Routen er\u00f6ffnet, von denen einige in Vergessenheit geraten sind oder von neuen Linien begraben wurden, die urspr\u00fcnglichen Routen streiften, kreuzten oder \u00fcberlagerten. Mehr als eine neue moderne Route hat die \u00dcberreste historischer Linien endg\u00fcltig beseitigt, von denen die meisten nicht wiederholt wurden und an deren Existenz sich kaum jemand erinnert.<\/p>\n<p>Allein \u00fcber die ber\u00fchmten Torri und den Piz Ciavazes lie\u00dfe sich eine Monographie schreiben, aber die Sellagruppe besteht nicht nur aus dem Piz Ciavazes, woran die gewaltige Wand des Sass\u00a0Pordoi erinnert; und dann braucht man nur noch am Sellapass um die Ecke biegen, um sich vor den schattigen W\u00e4nden der Nordflanke wiederzufinden, unter den imposanten Sportkletter-Platten von Cansla entlang gehen und mit Ehrfurcht auf die W\u00e4nde der Mesule blicken, eine \u201ebohrhakenfreie Zone\u201c par excellence. Ein kleines St\u00fcck weiter bietet der Klettergarten von Frea mit seinen Mehrseill\u00e4ngen wieder eine entspanntere Atmosph\u00e4re, aber die W\u00e4nde des Sass dla Luesa bringen uns zur\u00fcck zum klassischen Alpinismus. Gleich danach bieten die gewaltigen W\u00e4nde von Pisciad\u00f9 und Torre Brunico die M\u00f6glichkeit, sich an klassischen und sportlichen Top-Touren zu versuchen. In Colfosco bietet die Faccia oscura della luna, die Dunkle Seite des Mondes mittlerweile nicht weniger als 15 Sportrouten des unerm\u00fcdlichen Roly Galvagni, w\u00e4hrend die letzte in diesem F\u00fchrer vorgestellte Ecke dieses Felsenparadieses die W\u00e4nde um Vallon sind, in der N\u00e4he der Kostnerh\u00fctte.<\/p>\n<p>Wir haben uns auf die interessantesten Routen konzentriert, wobei wir mehr Wert auf die Genauigkeit der Beschreibungen als auf die Anzahl der vorgestellten Routen gelegt haben. Nat\u00fcrlich haben wir nicht alle bestehenden Routen wiederholt, aber wir haben durch die Zusammenarbeit mit den Erschlie\u00dfern und Wiederholern von Informationen aus erster Hand profitiert, in der Hoffnung, ein m\u00f6glichst genaues Ergebnis zu liefern.<\/p>\n<p>384 Seiten,<br \/>\n1.Auflage 2023<\/p>","protected":false},"excerpt":{"rendered":"<p>255 Mehrseill\u00e4ngenrouten in der Sellagruppe Die Sellagruppe ist einfach gigantisch: Sie beherbergt Hunderte und Aberhunderte von Routen. Im Laufe der Jahre wurden unz\u00e4hlige Routen er\u00f6ffnet, von denen einige in Vergessenheit geraten sind oder von neuen Linien begraben wurden, die urspr\u00fcnglichen Routen streiften, kreuzten oder \u00fcberlagerten. Mehr als eine neue moderne Route hat die \u00dcberreste historischer [&#8230;]\n","protected":false},"featured_media":168704,"template":"","meta":[],"product_brand":[],"product_cat":[21539],"product_tag":[27317],"class_list":{"0":"post-168699","1":"product","2":"type-product","3":"status-publish","4":"has-post-thumbnail","6":"product_cat-fuehrerliteratur-sportklettern-bouldern","7":"product_tag-sellarock","8":"pa_autor-conz-bernard","9":"pa_erscheinungsjahr-27129","10":"pa_region-italien","11":"pa_sprache-de","13":"first","14":"instock","15":"taxable","16":"shipping-taxable","17":"purchasable","18":"product-type-simple"},"_links":{"self":[{"href":"https:\/\/pizbube.ch\/en\/wp-json\/wp\/v2\/product\/168699","targetHints":{"allow":["GET"]}}],"collection":[{"href":"https:\/\/pizbube.ch\/en\/wp-json\/wp\/v2\/product"}],"about":[{"href":"https:\/\/pizbube.ch\/en\/wp-json\/wp\/v2\/types\/product"}],"wp:featuredmedia":[{"embeddable":true,"href":"https:\/\/pizbube.ch\/en\/wp-json\/wp\/v2\/media\/168704"}],"wp:attachment":[{"href":"https:\/\/pizbube.ch\/en\/wp-json\/wp\/v2\/media?parent=168699"}],"wp:term":[{"taxonomy":"product_brand","embeddable":true,"href":"https:\/\/pizbube.ch\/en\/wp-json\/wp\/v2\/product_brand?post=168699"},{"taxonomy":"product_cat","embeddable":true,"href":"https:\/\/pizbube.ch\/en\/wp-json\/wp\/v2\/product_cat?post=168699"},{"taxonomy":"product_tag","embeddable":true,"href":"https:\/\/pizbube.ch\/en\/wp-json\/wp\/v2\/product_tag?post=168699"}],"curies":[{"name":"wp","href":"https:\/\/api.w.org\/{rel}","templated":true}]}}