{"id":168756,"date":"2023-07-26T17:01:36","date_gmt":"2023-07-26T15:01:36","guid":{"rendered":"https:\/\/pizbube.ch\/?post_type=product&#038;p=168756"},"modified":"2024-10-03T15:47:51","modified_gmt":"2024-10-03T13:47:51","slug":"escalades-dans-le-diois-2","status":"publish","type":"product","link":"https:\/\/pizbube.ch\/en\/shop\/escalades-dans-le-diois-2\/","title":{"rendered":"Escalades dans le Diois"},"content":{"rendered":"<p>Ce topo ne d\u00e9crit pas toutes les grandes voies de la vall\u00e9e de la Dr\u00f4me dont certaines ont peu d\u2019int\u00e9r\u00eat. Il ne pr\u00e9tend pas contenir les plus belles escalades, liste discutable. Il ne pr\u00e9tend pas \u00eatre d\u2019une exactitude math\u00e9matique, car la montagne est changeante. Il n\u2019est pas une bible des voies \u00e0 faire ou \u00e0 refaire. C\u2019est un topo d\u2019escalade qui fait un \u00e9tat des lieux sur ce coin oubli\u00e9 du Vercors, en proposant c\u00f4te \u00e0 c\u00f4te des voies classiques, des voies d\u2019escalade libre moderne, d\u2019escalades artificielles, faciles ou difficiles, connues ou inconnues.<br \/>\n<br class=\"autobr\" \/>Nous avons tenu \u00e0 mettre des textes qui vous permettront de relier ces voies aux hommes qui les ont imagin\u00e9es, les ont gravies, les ont aim\u00e9es.<br \/>\nCe topo pr\u00e9sente une s\u00e9lection de 134 grandes voies d&#8217;escalade (jusqu&#8217;\u00e0 450m de haut) r\u00e9parties sur 13 sites d&#8217;escalade dans le DIOIS.<\/p>\n<p>Les secteurs pr\u00e9sent\u00e9s dans le topoguide :<\/p>\n<p>(56 voies nouvelles)<br \/>\n\u2022 Saou<br \/>\n\u2022 Les Trois Becs<br \/>\n\u2022 Glandasse<br \/>\n\u2022 Archiane<br \/>\n\u2022 Aiguilles de B\u00e9nevise<br \/>\n\u2022 Paroi de Tussac<br \/>\n\u2022 Rochers du Combeau<br \/>\n\u2022 Gorges des G\u00e2ts<br \/>\n\u2022 Rochers de Chironne<br \/>\n\u2022 Aiguille Saint-Benoit<br \/>\n\u2022 Pennes-le-Sec<br \/>\n\u2022 Valcroissant<\/p>\n<p>Format 17 x 24 cm<br \/>\n224 pages en couleurs<br \/>\nLexique multilingue<\/p>","protected":false},"excerpt":{"rendered":"<p>Ce topo ne d\u00e9crit pas toutes les grandes voies de la vall\u00e9e de la Dr\u00f4me dont certaines ont peu d\u2019int\u00e9r\u00eat. Il ne pr\u00e9tend pas contenir les plus belles escalades, liste discutable. Il ne pr\u00e9tend pas \u00eatre d\u2019une exactitude math\u00e9matique, car la montagne est changeante. Il n\u2019est pas une bible des voies \u00e0 faire ou \u00e0 [&#8230;]\n","protected":false},"featured_media":168757,"template":"","meta":[],"product_brand":[],"product_cat":[21539],"product_tag":[],"class_list":{"0":"post-168756","1":"product","2":"type-product","3":"status-publish","4":"has-post-thumbnail","6":"product_cat-fuehrerliteratur-sportklettern-bouldern","7":"pa_autor-duhaut-ibarra","8":"pa_erscheinungsjahr-27129","9":"pa_region-frankreich","10":"pa_sprache-fr","12":"first","13":"instock","14":"taxable","15":"shipping-taxable","16":"purchasable","17":"product-type-simple"},"_links":{"self":[{"href":"https:\/\/pizbube.ch\/en\/wp-json\/wp\/v2\/product\/168756","targetHints":{"allow":["GET"]}}],"collection":[{"href":"https:\/\/pizbube.ch\/en\/wp-json\/wp\/v2\/product"}],"about":[{"href":"https:\/\/pizbube.ch\/en\/wp-json\/wp\/v2\/types\/product"}],"wp:featuredmedia":[{"embeddable":true,"href":"https:\/\/pizbube.ch\/en\/wp-json\/wp\/v2\/media\/168757"}],"wp:attachment":[{"href":"https:\/\/pizbube.ch\/en\/wp-json\/wp\/v2\/media?parent=168756"}],"wp:term":[{"taxonomy":"product_brand","embeddable":true,"href":"https:\/\/pizbube.ch\/en\/wp-json\/wp\/v2\/product_brand?post=168756"},{"taxonomy":"product_cat","embeddable":true,"href":"https:\/\/pizbube.ch\/en\/wp-json\/wp\/v2\/product_cat?post=168756"},{"taxonomy":"product_tag","embeddable":true,"href":"https:\/\/pizbube.ch\/en\/wp-json\/wp\/v2\/product_tag?post=168756"}],"curies":[{"name":"wp","href":"https:\/\/api.w.org\/{rel}","templated":true}]}}