{"id":168785,"date":"2023-07-27T16:00:04","date_gmt":"2023-07-27T14:00:04","guid":{"rendered":"https:\/\/pizbube.ch\/?post_type=product&#038;p=168785"},"modified":"2023-07-28T10:05:08","modified_gmt":"2023-07-28T08:05:08","slug":"alta-via-1-della-valle-daosta-guidacarta-125000","status":"publish","type":"product","link":"https:\/\/pizbube.ch\/en\/shop\/alta-via-1-della-valle-daosta-guidacarta-125000\/","title":{"rendered":"Alta Via 1 della Valle d&#8217;Aosta guida+carta 1:25&#8217;000"},"content":{"rendered":"<p>L&#8217;Alta Via 1 della Valle d&#8217;Aosta, trekking d&#8217;alta quota da Donnas a Courmayeur, attraverso le Valli del Monte Rosa, la Valtournenche, la Valpelline, la Conca del Gran San Bernardo, fino alla Val Ferret.<\/p>\n<p>L&#8217;Alta Via n.1 della Valle d&#8217;Aosta o Alta Via dei Giganti \u00e8 uno splendido trekking in alta quota che attraversa tutte le valli settentrionali delle regione, con scorci ripetuti e ineguagliabili su Monte Rosa, Cervino, Dent d&#8217;H\u00e9rens, Grand Combin e in ultimo le Grandes Jorasses. Viene qui presentato in 14 tappe con partenza da Donnas e arrivo a Courmayeur, di cui le prime 5 in Valle del Lys, che viene percorsa pressoch\u00e9 interamente. L&#8217;ambiente \u00e8 semplicemente eccezionale e i pernottamenti si effettuano in strutture ricettive di ottimo livello, perlopi\u00f9 rifugi sopra i 2000 metri di quota. La guida, un taccuino fotografico con dati tecnici e tutti i recapiti dei posti tappa presenti sul percorso, \u00e8 accompagnata da una carta stampata su supporto ecologico, impermeabile e resistente, con reticolo chilometrico UTM WGS84, disponibile anche in versione elettronica per Android, iOS e Windows.<\/p>\n<p>\u2022 Formato: 12&#215;17 (guida) &#8211; 70&#215;100 fronte e retro (carta)<br \/>\n\u2022 Pagine: 32 + carta 1:25.000<br \/>\n\u2022 Foto: Colori<\/p>\n<p>&nbsp;<\/p>","protected":false},"excerpt":{"rendered":"<p>L&#8217;Alta Via 1 della Valle d&#8217;Aosta, trekking d&#8217;alta quota da Donnas a Courmayeur, attraverso le Valli del Monte Rosa, la Valtournenche, la Valpelline, la Conca del Gran San Bernardo, fino alla Val Ferret. L&#8217;Alta Via n.1 della Valle d&#8217;Aosta o Alta Via dei Giganti \u00e8 uno splendido trekking in alta quota che attraversa tutte le [&#8230;]\n","protected":false},"featured_media":168786,"template":"","meta":[],"product_brand":[],"product_cat":[21543],"product_tag":[],"class_list":{"0":"post-168785","1":"product","2":"type-product","3":"status-publish","4":"has-post-thumbnail","6":"product_cat-landkarten","7":"pa_autor-escursionista","8":"pa_erscheinungsjahr-27129","9":"pa_region-italien","10":"pa_sprache-it-fr-en","12":"first","13":"instock","14":"taxable","15":"shipping-taxable","16":"purchasable","17":"product-type-simple"},"_links":{"self":[{"href":"https:\/\/pizbube.ch\/en\/wp-json\/wp\/v2\/product\/168785","targetHints":{"allow":["GET"]}}],"collection":[{"href":"https:\/\/pizbube.ch\/en\/wp-json\/wp\/v2\/product"}],"about":[{"href":"https:\/\/pizbube.ch\/en\/wp-json\/wp\/v2\/types\/product"}],"wp:featuredmedia":[{"embeddable":true,"href":"https:\/\/pizbube.ch\/en\/wp-json\/wp\/v2\/media\/168786"}],"wp:attachment":[{"href":"https:\/\/pizbube.ch\/en\/wp-json\/wp\/v2\/media?parent=168785"}],"wp:term":[{"taxonomy":"product_brand","embeddable":true,"href":"https:\/\/pizbube.ch\/en\/wp-json\/wp\/v2\/product_brand?post=168785"},{"taxonomy":"product_cat","embeddable":true,"href":"https:\/\/pizbube.ch\/en\/wp-json\/wp\/v2\/product_cat?post=168785"},{"taxonomy":"product_tag","embeddable":true,"href":"https:\/\/pizbube.ch\/en\/wp-json\/wp\/v2\/product_tag?post=168785"}],"curies":[{"name":"wp","href":"https:\/\/api.w.org\/{rel}","templated":true}]}}