{"id":168825,"date":"2023-07-29T09:49:42","date_gmt":"2023-07-29T07:49:42","guid":{"rendered":"https:\/\/pizbube.ch\/?post_type=product&#038;p=168825"},"modified":"2023-07-29T09:49:42","modified_gmt":"2023-07-29T07:49:42","slug":"cinque-terre-125-000-con-guida","status":"publish","type":"product","link":"https:\/\/pizbube.ch\/en\/shop\/cinque-terre-125-000-con-guida\/","title":{"rendered":"Cinque Terre 1:25.000 con guida"},"content":{"rendered":"<p>Carta escursionistica delle Cinque Terre con guida alle pi\u00f9 belle escursioni.<\/p>\n<p>Con la collana &#171;le pi\u00f9 belle escursioni&#187; si inaugura una nuova serie di libretti pratici e maneggevoli che affiancheranno le carte in scala 1:25.000 del territorio piemontese e ligure. La carta \u00e8 stampata fronte e retro su supporto riciclabile, impermeabile e antistrappo e tutti i sentieri riportati (segnalati e privi di segnaletica) sono stati registrati con apparecchiatura satellitare GPS. Il disegno cartografico, con rocce, ghiaie e ghiacciai \u00e8 stato realizzato su recenti fotografie aeree. In una comoda custodia a 2 tasche si trover\u00e0 cos\u00ec, allo stesso prezzo di acquisto della sola carta, anche la guida a colori con la descrizione di 9 escursioni selezionate tra le pi\u00f9 belle della zona, con approfondimenti storico-culturali e illustrazioni a colori, in lingua italiano, francese e inglese.<\/p>\n<p>1 L&#8217;Isola di Palmaria e Muzzerone<br \/>\n2 L&#8217;anello di Tramonti<br \/>\n3 Un anello da Riomaggiore<br \/>\n4 Da Corniglia a Riomaggiore<br \/>\n5 Da Corniglia a Vernazza<br \/>\n6 Da Monterosso a Vernazza<br \/>\n7 Da Monterosso a Levanto<br \/>\n8 Le borgate di Levanto<br \/>\n9 La Rossola<\/p>\n<p>Edizione: Prima<br \/>\nAnno: Giugno 2023<br \/>\nFormato: 12&#215;16.5 (guida) &#8211; 70&#215;100 (carta)<br \/>\nPagine: 80 (guida) + 1:25.000 (carta)<\/p>","protected":false},"excerpt":{"rendered":"<p>Carta escursionistica delle Cinque Terre con guida alle pi\u00f9 belle escursioni. Con la collana &#171;le pi\u00f9 belle escursioni&#187; si inaugura una nuova serie di libretti pratici e maneggevoli che affiancheranno le carte in scala 1:25.000 del territorio piemontese e ligure. La carta \u00e8 stampata fronte e retro su supporto riciclabile, impermeabile e antistrappo e tutti [&#8230;]\n","protected":false},"featured_media":168826,"template":"","meta":[],"product_brand":[],"product_cat":[21543],"product_tag":[],"class_list":{"0":"post-168825","1":"product","2":"type-product","3":"status-publish","4":"has-post-thumbnail","6":"product_cat-landkarten","7":"pa_autor-escursionista","8":"pa_erscheinungsjahr-27129","9":"pa_region-italien","10":"pa_sprache-it-fr-en","12":"first","13":"instock","14":"taxable","15":"shipping-taxable","16":"purchasable","17":"product-type-simple"},"_links":{"self":[{"href":"https:\/\/pizbube.ch\/en\/wp-json\/wp\/v2\/product\/168825","targetHints":{"allow":["GET"]}}],"collection":[{"href":"https:\/\/pizbube.ch\/en\/wp-json\/wp\/v2\/product"}],"about":[{"href":"https:\/\/pizbube.ch\/en\/wp-json\/wp\/v2\/types\/product"}],"wp:featuredmedia":[{"embeddable":true,"href":"https:\/\/pizbube.ch\/en\/wp-json\/wp\/v2\/media\/168826"}],"wp:attachment":[{"href":"https:\/\/pizbube.ch\/en\/wp-json\/wp\/v2\/media?parent=168825"}],"wp:term":[{"taxonomy":"product_brand","embeddable":true,"href":"https:\/\/pizbube.ch\/en\/wp-json\/wp\/v2\/product_brand?post=168825"},{"taxonomy":"product_cat","embeddable":true,"href":"https:\/\/pizbube.ch\/en\/wp-json\/wp\/v2\/product_cat?post=168825"},{"taxonomy":"product_tag","embeddable":true,"href":"https:\/\/pizbube.ch\/en\/wp-json\/wp\/v2\/product_tag?post=168825"}],"curies":[{"name":"wp","href":"https:\/\/api.w.org\/{rel}","templated":true}]}}