{"id":168835,"date":"2023-07-29T10:21:56","date_gmt":"2023-07-29T08:21:56","guid":{"rendered":"https:\/\/pizbube.ch\/?post_type=product&#038;p=168835"},"modified":"2023-07-29T10:21:56","modified_gmt":"2023-07-29T08:21:56","slug":"cammino-balteo-valle-daosta-guidacarta-125000","status":"publish","type":"product","link":"https:\/\/pizbube.ch\/en\/shop\/cammino-balteo-valle-daosta-guidacarta-125000\/","title":{"rendered":"Cammino Balteo Valle d&#8217;Aosta guida+carta 1:25000"},"content":{"rendered":"<p>Carta e guida con dati tecnici al Cammino Balteo, 23 tappe a media e bassa quota per scoprire una Valle d&#8217;Aosta diversa, ma sempre sorprendente.<\/p>\n<p>23 tappe per conoscere una Valle d&#8217;Aosta diversa, a media e bassa quota, fatta di piccoli villaggi, segni della fede e agglomerati rurali dalle splendide architetture, in una natura sorprendente. Un itinerario nuovo per viaggiare zaino in spalla anche nelle stagioni intermedie, che pu\u00f2 anche essere suddiviso in due grandi circuiti, facenti capo alla splendida citt\u00e0 di Aosta. La guida, un taccuino fotografico con dati tecnici e tutti i recapiti dei posti tappa presenti sul percorso, \u00e8 accompagnata da una carta stampata su supporto ecologico, impermeabile e antistrappo, con reticolo chilometrico UTM WGS84, disponibile per l&#8217;acquisto anche in versione elettronica per Android, iOS e Windows.<\/p>\n<p>Anno: Maggio 2023<br \/>\nFormato: 12&#215;17 (guida) &#8211; 70&#215;100 fronte e retro (carta)<br \/>\nPagine: 48 + carta 1:25.000<\/p>","protected":false},"excerpt":{"rendered":"<p>Carta e guida con dati tecnici al Cammino Balteo, 23 tappe a media e bassa quota per scoprire una Valle d&#8217;Aosta diversa, ma sempre sorprendente. 23 tappe per conoscere una Valle d&#8217;Aosta diversa, a media e bassa quota, fatta di piccoli villaggi, segni della fede e agglomerati rurali dalle splendide architetture, in una natura sorprendente. [&#8230;]\n","protected":false},"featured_media":168837,"template":"","meta":[],"product_brand":[],"product_cat":[21543],"product_tag":[],"class_list":{"0":"post-168835","1":"product","2":"type-product","3":"status-publish","4":"has-post-thumbnail","6":"product_cat-landkarten","7":"pa_autor-escursionista","8":"pa_erscheinungsjahr-27129","9":"pa_region-italien","10":"pa_sprache-it-en-fr","12":"first","13":"instock","14":"taxable","15":"shipping-taxable","16":"purchasable","17":"product-type-simple"},"_links":{"self":[{"href":"https:\/\/pizbube.ch\/en\/wp-json\/wp\/v2\/product\/168835","targetHints":{"allow":["GET"]}}],"collection":[{"href":"https:\/\/pizbube.ch\/en\/wp-json\/wp\/v2\/product"}],"about":[{"href":"https:\/\/pizbube.ch\/en\/wp-json\/wp\/v2\/types\/product"}],"wp:featuredmedia":[{"embeddable":true,"href":"https:\/\/pizbube.ch\/en\/wp-json\/wp\/v2\/media\/168837"}],"wp:attachment":[{"href":"https:\/\/pizbube.ch\/en\/wp-json\/wp\/v2\/media?parent=168835"}],"wp:term":[{"taxonomy":"product_brand","embeddable":true,"href":"https:\/\/pizbube.ch\/en\/wp-json\/wp\/v2\/product_brand?post=168835"},{"taxonomy":"product_cat","embeddable":true,"href":"https:\/\/pizbube.ch\/en\/wp-json\/wp\/v2\/product_cat?post=168835"},{"taxonomy":"product_tag","embeddable":true,"href":"https:\/\/pizbube.ch\/en\/wp-json\/wp\/v2\/product_tag?post=168835"}],"curies":[{"name":"wp","href":"https:\/\/api.w.org\/{rel}","templated":true}]}}