{"id":168897,"date":"2023-08-03T12:29:38","date_gmt":"2023-08-03T10:29:38","guid":{"rendered":"https:\/\/pizbube.ch\/?post_type=product&#038;p=168897"},"modified":"2025-10-07T13:47:37","modified_gmt":"2025-10-07T11:47:37","slug":"les-falaises-du-gard","status":"publish","type":"product","link":"https:\/\/pizbube.ch\/en\/shop\/les-falaises-du-gard\/","title":{"rendered":"Les Falaises du Gard"},"content":{"rendered":"<p>Escalade entre C\u00e9vennes et Garrigues, Topoguide d&#8216; escalade.<\/p>\n<p>Le topo des falaises du Gard regroupe quasiment toutes les falaises du d\u00e9partement:<br \/>\nSaint Ambroix, Pont d&#8217;Auzon, Seynes, M\u00e9jannes-le-Clap, Montfaucon, Rochefort-du-Gard, Eztezargues, Collias, Pont Saint Nicolas, Russan, Aubais.<\/p>\n<p>Les falaises de Seynes, haut lieu de l&#8217;escalade mondiale au printemps et en automne. Ce topo vous propose toutes les falaises calcaires du nord du d\u00e9partement du gard dans le sud de la France.<\/p>\n<p>Beschrieben sind folgende Gebiete:<br \/>\nSeynes, Russan, Collias, Pont St Nicolas,<br \/>\nRochefort, Est\u00e9zargues, Gargantua, Orsan, Tresques, Aubais, Pont d&#8216; Auzon,<br \/>\nCarri\u00e8res, C\u00f4te d&#8216; All\u00e8gre, St. Ambroix, La Grand Combe, Mialet, M\u00f6jannes le<br \/>\nClap, La Cadi\u00e8re, St Ambroix, Montefaucon und Vialas.<\/p>\n<p>224 pages<\/p>","protected":false},"excerpt":{"rendered":"<p>Escalade entre C\u00e9vennes et Garrigues, Topoguide d&#8216; escalade. Le topo des falaises du Gard regroupe quasiment toutes les falaises du d\u00e9partement: Saint Ambroix, Pont d&#8217;Auzon, Seynes, M\u00e9jannes-le-Clap, Montfaucon, Rochefort-du-Gard, Eztezargues, Collias, Pont Saint Nicolas, Russan, Aubais. Les falaises de Seynes, haut lieu de l&#8217;escalade mondiale au printemps et en automne. Ce topo vous propose toutes [&#8230;]\n","protected":false},"featured_media":168898,"template":"","meta":[],"product_brand":[],"product_cat":[21539],"product_tag":[27099],"class_list":{"0":"post-168897","1":"product","2":"type-product","3":"status-publish","4":"has-post-thumbnail","6":"product_cat-fuehrerliteratur-sportklettern-bouldern","7":"product_tag-cevennen","8":"pa_autor-pierret-sandri","9":"pa_erscheinungsjahr-27129","10":"pa_region-frankreich","11":"pa_sprache-d","12":"pa_sprache-e","13":"pa_sprache-f","14":"pa_sprache-i","16":"first","17":"instock","18":"taxable","19":"shipping-taxable","20":"purchasable","21":"product-type-simple"},"_links":{"self":[{"href":"https:\/\/pizbube.ch\/en\/wp-json\/wp\/v2\/product\/168897","targetHints":{"allow":["GET"]}}],"collection":[{"href":"https:\/\/pizbube.ch\/en\/wp-json\/wp\/v2\/product"}],"about":[{"href":"https:\/\/pizbube.ch\/en\/wp-json\/wp\/v2\/types\/product"}],"wp:featuredmedia":[{"embeddable":true,"href":"https:\/\/pizbube.ch\/en\/wp-json\/wp\/v2\/media\/168898"}],"wp:attachment":[{"href":"https:\/\/pizbube.ch\/en\/wp-json\/wp\/v2\/media?parent=168897"}],"wp:term":[{"taxonomy":"product_brand","embeddable":true,"href":"https:\/\/pizbube.ch\/en\/wp-json\/wp\/v2\/product_brand?post=168897"},{"taxonomy":"product_cat","embeddable":true,"href":"https:\/\/pizbube.ch\/en\/wp-json\/wp\/v2\/product_cat?post=168897"},{"taxonomy":"product_tag","embeddable":true,"href":"https:\/\/pizbube.ch\/en\/wp-json\/wp\/v2\/product_tag?post=168897"}],"curies":[{"name":"wp","href":"https:\/\/api.w.org\/{rel}","templated":true}]}}