{"id":168914,"date":"2023-08-04T12:42:24","date_gmt":"2023-08-04T10:42:24","guid":{"rendered":"https:\/\/pizbube.ch\/?post_type=product&#038;p=168914"},"modified":"2025-01-30T09:22:42","modified_gmt":"2025-01-30T08:22:42","slug":"granada-guia-de-escalada-deportiva","status":"publish","type":"product","link":"https:\/\/pizbube.ch\/en\/shop\/granada-guia-de-escalada-deportiva\/","title":{"rendered":"Granada &#8211; Gu\u00eda de escalada deportiva"},"content":{"rendered":"<div id=\"short_description_content\" class=\"rte align_justify\">\n<p>Gu\u00eda de escalada deportiva en Granada. M\u00e1s de 2600 v\u00edas, 16 zonas:<br \/>\n-Alfacar -Cerro del toro -Cogollos de la vega -Darro -D\u00edlar -Lagos -Loja -Los cahorros -Los vados -Moclin -Montefr\u00edo -Pe\u00f1a cabrera -Pi\u00f1ar -Poloria -Viznar -Z\u00fajar<\/p>\n<p>Estupenda y reciente recopilaci\u00f3n de 2600 v\u00edas de escalada repartidas en 16 zonas diferentes a lo largo y ancho de la geograf\u00eda granadina.<br \/>\nSi un libro no se puede juzgar por las tapas, esta gu\u00eda escalada la juzgaremos por su peso:<br \/>\n\u00a1\u00a1\u00a1 M\u00e1s de 1kg!!!<\/p>\n<p>Sportclimbing in Granada, more than 2600 routes, 16 zones:<br \/>\n-Alfacar -Cerro del toro -Cogollos de la vega -Darro -D\u00edlar -Lagos -Loja -Los cahorros -Los vados -Moclin -Montefr\u00edo -Pe\u00f1a cabrera -Pi\u00f1ar -Poloria -Viznar -Z\u00fajar<\/p>\n<p>Dimensiones: 17 cm x 23 cm<br \/>\nN\u00ba P\u00e1g.:447<br \/>\nIdiomas:Castellano,Ingles<\/p>\n<\/div>","protected":false},"excerpt":{"rendered":"<p>Gu\u00eda de escalada deportiva en Granada. M\u00e1s de 2600 v\u00edas, 16 zonas: -Alfacar -Cerro del toro -Cogollos de la vega -Darro -D\u00edlar -Lagos -Loja -Los cahorros -Los vados -Moclin -Montefr\u00edo -Pe\u00f1a cabrera -Pi\u00f1ar -Poloria -Viznar -Z\u00fajar Estupenda y reciente recopilaci\u00f3n de 2600 v\u00edas de escalada repartidas en 16 zonas diferentes a lo largo y ancho [&#8230;]\n","protected":false},"featured_media":168915,"template":"","meta":[],"product_brand":[],"product_cat":[21539],"product_tag":[],"class_list":{"0":"post-168914","1":"product","2":"type-product","3":"status-publish","4":"has-post-thumbnail","6":"product_cat-fuehrerliteratur-sportklettern-bouldern","7":"pa_autor-morales-mancera","8":"pa_erscheinungsjahr-27129","9":"pa_region-spanien","10":"pa_sprache-es-en","12":"first","13":"outofstock","14":"taxable","15":"shipping-taxable","16":"purchasable","17":"product-type-simple"},"_links":{"self":[{"href":"https:\/\/pizbube.ch\/en\/wp-json\/wp\/v2\/product\/168914","targetHints":{"allow":["GET"]}}],"collection":[{"href":"https:\/\/pizbube.ch\/en\/wp-json\/wp\/v2\/product"}],"about":[{"href":"https:\/\/pizbube.ch\/en\/wp-json\/wp\/v2\/types\/product"}],"wp:featuredmedia":[{"embeddable":true,"href":"https:\/\/pizbube.ch\/en\/wp-json\/wp\/v2\/media\/168915"}],"wp:attachment":[{"href":"https:\/\/pizbube.ch\/en\/wp-json\/wp\/v2\/media?parent=168914"}],"wp:term":[{"taxonomy":"product_brand","embeddable":true,"href":"https:\/\/pizbube.ch\/en\/wp-json\/wp\/v2\/product_brand?post=168914"},{"taxonomy":"product_cat","embeddable":true,"href":"https:\/\/pizbube.ch\/en\/wp-json\/wp\/v2\/product_cat?post=168914"},{"taxonomy":"product_tag","embeddable":true,"href":"https:\/\/pizbube.ch\/en\/wp-json\/wp\/v2\/product_tag?post=168914"}],"curies":[{"name":"wp","href":"https:\/\/api.w.org\/{rel}","templated":true}]}}