{"id":169000,"date":"2023-08-11T14:36:52","date_gmt":"2023-08-11T12:36:52","guid":{"rendered":"https:\/\/pizbube.ch\/?post_type=product&#038;p=169000"},"modified":"2025-09-30T17:37:27","modified_gmt":"2025-09-30T15:37:27","slug":"ceuese-2023","status":"publish","type":"product","link":"https:\/\/pizbube.ch\/en\/shop\/ceuese-2023\/","title":{"rendered":"C\u00e9\u00fcse 2023"},"content":{"rendered":"<p>Grimper dans les Hautes-Alpes<\/p>\n<p>Falaise de C\u00e9\u00fcse et toutes ses lignes mythiques. 168 pages tout en couleur, plus de 27<br \/>\nsecteurs.<br \/>\nEnfin le voil\u00e0 ! Le topo de CEUSE-Grimper dans les Hautes-Alpes nous revient<br \/>\ndans une version enti\u00e8rement revue, corrig\u00e9e et compl\u00e9t\u00e9e. Une refonte<br \/>\ncompl\u00e8te pour un site d`escalade d`exception &#8230;<br \/>\nLaurent Girousse et Rolland Marie ont fait du gros boulot. Version bilingue<br \/>\n(Fran\u00e7ais \/ Anglais).<\/p>\n<p>&nbsp;<\/p>\n<p>C\u00e9\u00fcse &#8211; Climbing in Hautes-Alpes.<br \/>\nNew topo of C\u00e9\u00fcse! All routes of more than 27 crags on 168 pages!<\/p>\n<p>Der F\u00fchrer, der das gesamte Sportklettern in der Gegend abdeckt, wurde seit<br \/>\nder letzten Ausgabe komplett \u00fcberarbeitet und aktualisiert. Die Entwicklung<br \/>\nneuer Routen wurde st\u00e4ndig weiter vorangetrieben, weshalb neue Routen in<br \/>\nbestehenden Sektoren wie Grand Face und Nitshapa eingerichtet wurden.<\/p>\n<p>Dar\u00fcber hinaus sind jetzt zwei v\u00f6llig neue Sektoren in dem Buch verf\u00fcgbar:<br \/>\nPlein Sud und Papillon.<\/p>\n<p>Insgesamt sind im F\u00fchrer mehr als 200 neue Routen im Vergleich zur vorherigen<br \/>\nVersion zu finden. Die Neuauflage ist ein weiterer gro\u00dfer Beitrag zur<br \/>\nst\u00e4ndigen Weiterentwicklung des Sportkletterns in einem der wohlbesten<br \/>\nSportklettergebiete der Welt.<\/p>\n<p>C\u00c9\u00dcSE: Der F\u00fchrer, der das gesamte Sportklettern in der Gegend abdeckt, wurde seit der letzten Ausgabe im Jahr 2013 komplett \u00fcberarbeitet und aktualisiert. Die Entwicklung neuer Routen wurde st\u00e4ndig weiter vorangetrieben. Dieser neue F\u00fchrer ist ein weiterer gro\u00dfer Beitrag zur st\u00e4ndigen Entwicklung des Sportkletterns in einem der besten Sportklettergebiete der Welt.<br \/>\nIn Franz. und Engl Sprache; Fototopof\u00fchrer, 168 Seiten<\/p>","protected":false},"excerpt":{"rendered":"<p>Grimper dans les Hautes-Alpes Falaise de C\u00e9\u00fcse et toutes ses lignes mythiques. 168 pages tout en couleur, plus de 27 secteurs. Enfin le voil\u00e0 ! Le topo de CEUSE-Grimper dans les Hautes-Alpes nous revient dans une version enti\u00e8rement revue, corrig\u00e9e et compl\u00e9t\u00e9e. Une refonte compl\u00e8te pour un site d`escalade d`exception &#8230; Laurent Girousse et Rolland [&#8230;]\n","protected":false},"featured_media":169001,"template":"","meta":[],"product_brand":[],"product_cat":[21539],"product_tag":[],"class_list":{"0":"post-169000","1":"product","2":"type-product","3":"status-publish","4":"has-post-thumbnail","6":"product_cat-fuehrerliteratur-sportklettern-bouldern","7":"pa_autor-girousse-marie","8":"pa_erscheinungsjahr-27129","9":"pa_region-frankreich","10":"pa_sprache-fr-en","12":"first","13":"onbackorder","14":"taxable","15":"shipping-taxable","16":"purchasable","17":"product-type-simple"},"_links":{"self":[{"href":"https:\/\/pizbube.ch\/en\/wp-json\/wp\/v2\/product\/169000","targetHints":{"allow":["GET"]}}],"collection":[{"href":"https:\/\/pizbube.ch\/en\/wp-json\/wp\/v2\/product"}],"about":[{"href":"https:\/\/pizbube.ch\/en\/wp-json\/wp\/v2\/types\/product"}],"wp:featuredmedia":[{"embeddable":true,"href":"https:\/\/pizbube.ch\/en\/wp-json\/wp\/v2\/media\/169001"}],"wp:attachment":[{"href":"https:\/\/pizbube.ch\/en\/wp-json\/wp\/v2\/media?parent=169000"}],"wp:term":[{"taxonomy":"product_brand","embeddable":true,"href":"https:\/\/pizbube.ch\/en\/wp-json\/wp\/v2\/product_brand?post=169000"},{"taxonomy":"product_cat","embeddable":true,"href":"https:\/\/pizbube.ch\/en\/wp-json\/wp\/v2\/product_cat?post=169000"},{"taxonomy":"product_tag","embeddable":true,"href":"https:\/\/pizbube.ch\/en\/wp-json\/wp\/v2\/product_tag?post=169000"}],"curies":[{"name":"wp","href":"https:\/\/api.w.org\/{rel}","templated":true}]}}