{"id":169058,"date":"2023-08-16T11:27:54","date_gmt":"2023-08-16T09:27:54","guid":{"rendered":"https:\/\/pizbube.ch\/?post_type=product&#038;p=169058"},"modified":"2023-11-02T14:13:27","modified_gmt":"2023-11-02T13:13:27","slug":"flechten-der-schweiz","status":"publish","type":"product","link":"https:\/\/pizbube.ch\/en\/shop\/flechten-der-schweiz\/","title":{"rendered":"Flechten der Schweiz"},"content":{"rendered":"<p>Vielfalt, Biologie, Naturschutz. Mit 52 Exkursionen<\/p>\n<p>Flechten findet man \u00fcberall: direkt vor der Haust\u00fcr, an B\u00e4umen und Str\u00e4uchern, auf Steinen und Holzpfosten, ja sogar auf den h\u00f6chsten Alpengipfeln. W\u00e4hrend einige durch intensive Farben auffallen, zeigen andere ihre Sch\u00f6nheit erst unter der Lupe. Ihnen allen ist aber gemeinsam, dass sie \u00e4u\u00dferst interessante Lebewesen sind: lebenslange Verbindungen eines Pilzes und einer Alge oder eines Cyanobakteriums.<br \/>\n&#171;Flechten der Schweiz&#187; portr\u00e4tiert \u00fcber 360 einheimische Arten mit Fotos, leicht verst\u00e4ndlichen Texten und Verbreitungskarten. 52 Exkursionsvorschl\u00e4ge laden dazu ein, die einheimische Welt der Flechten rund ums Jahr selber zu entdecken.<\/p>\n<p>\u00abIch m\u00f6chte Bildb\u00e4nde, die wissend fabulieren, und B\u00fccher wie diese, die weder aus Pilz noch Algen, sondern Geflochtenem bestehen. [\u2026] Christoph Scheidegger, Christine Keller und Silvia Stofer zeigen anhand der heimischen Flechten, wie vielgestaltig, komplex, wundersch\u00f6n, unscheinbar und vor allem: verwoben mit Land und Klima das Leben auf diesem Planeten ist.\u00bb Aus dem Vorwort von Kim de l\u2019Horizon<\/p>\n<p>1. Auflage 2023<br \/>\n592 Seiten, rund 1400 Farbfotos, 730 Grafiken, 360 Karten<br \/>\nFlexobroschur, 17 x 24 cm, 1650 g<\/p>\n","protected":false},"excerpt":{"rendered":"<p><strong><a href=\"https:\/\/pizbube.ch\/wp-content\/uploads\/2023\/08\/flechten_schweiz_Inhaltsverzeichnis.pdf\" target=\"_blank\" rel=\"noopener\">flechten_schweiz_Inhaltsverzeichnis<\/a><\/strong><\/p>","protected":false},"featured_media":169059,"template":"","meta":[],"product_brand":[],"product_cat":[21538,21542,21605],"product_tag":[],"class_list":{"0":"post-169058","1":"product","2":"type-product","3":"status-publish","4":"has-post-thumbnail","6":"product_cat-lehrbuecher","7":"product_cat-sachbuecher-dokumentationen","8":"product_cat-wanderfuehrer-trekking","9":"pa_autor-scheidegger-christoph-keller-christine-stofer-silvia","10":"pa_erscheinungsjahr-27129","11":"pa_region-fauna-flora-geologie-glaziologie","12":"pa_region-schweiz","13":"pa_sprache-de","15":"first","16":"instock","17":"taxable","18":"shipping-taxable","19":"purchasable","20":"product-type-simple"},"_links":{"self":[{"href":"https:\/\/pizbube.ch\/en\/wp-json\/wp\/v2\/product\/169058","targetHints":{"allow":["GET"]}}],"collection":[{"href":"https:\/\/pizbube.ch\/en\/wp-json\/wp\/v2\/product"}],"about":[{"href":"https:\/\/pizbube.ch\/en\/wp-json\/wp\/v2\/types\/product"}],"wp:featuredmedia":[{"embeddable":true,"href":"https:\/\/pizbube.ch\/en\/wp-json\/wp\/v2\/media\/169059"}],"wp:attachment":[{"href":"https:\/\/pizbube.ch\/en\/wp-json\/wp\/v2\/media?parent=169058"}],"wp:term":[{"taxonomy":"product_brand","embeddable":true,"href":"https:\/\/pizbube.ch\/en\/wp-json\/wp\/v2\/product_brand?post=169058"},{"taxonomy":"product_cat","embeddable":true,"href":"https:\/\/pizbube.ch\/en\/wp-json\/wp\/v2\/product_cat?post=169058"},{"taxonomy":"product_tag","embeddable":true,"href":"https:\/\/pizbube.ch\/en\/wp-json\/wp\/v2\/product_tag?post=169058"}],"curies":[{"name":"wp","href":"https:\/\/api.w.org\/{rel}","templated":true}]}}