{"id":169067,"date":"2023-08-16T11:58:21","date_gmt":"2023-08-16T09:58:21","guid":{"rendered":"https:\/\/pizbube.ch\/?post_type=product&#038;p=169067"},"modified":"2023-08-16T12:00:47","modified_gmt":"2023-08-16T10:00:47","slug":"le-monde-den-haut","status":"publish","type":"product","link":"https:\/\/pizbube.ch\/en\/shop\/le-monde-den-haut\/","title":{"rendered":"Le monde d&#8217;en haut"},"content":{"rendered":"<p><em>\u00ab Je suis un pauvre gamin sans parents. Le paria du village \u00e0 qui on donne par charit\u00e9 une assiette de soupe, mais \u00e0 qui on ne fait jamais une place \u00e0 table. Chez les autres, ma place est par terre, avec la petite fille mongolienne du hameau. Pourtant, je ne me sens ni bless\u00e9, ni vex\u00e9. C\u2019est ainsi. Je me suis construit comme cela. \u00bb<\/em><\/p>\n<p>Plus qu\u2019une autobiographie, Le Monde d\u2019en haut se lit comme une \u00e9pop\u00e9e. Port\u00e9 par un destin hors du commun, l\u2019enfant sauvage des Hautes-Alpes est devenu un alpiniste de renom gravant son talent et son audace sur quelques-uns des plus beaux sommets du globe, de la Meije \u00e0 l\u2019Ama Dablam en Himalaya. Guide de haute montagne, professeur \u00e0 l\u2019\u00c9cole nationale de ski et d\u2019alpinisme, himalayiste chevronn\u00e9, cet esth\u00e8te de l\u2019alpinisme a fait de sa vie une aventure permanente dict\u00e9e par l\u2019\u00e9motion et la passion. Un r\u00e9cit palpitant qui encorde le lecteur pour le guider vers ce monde de l\u2019altitude, l\u00e0 o\u00f9 le c\u0153ur des hommes se livre sans d\u00e9tour.<\/p>\n<p>Ouvrage \u00e9crit en collaboration avec Marie-St\u00e9phane Guy.<\/p>\n<p>D\u00e9dicace de Georges Payot.<\/p>\n<p>180 pages<br \/>\nBroch\u00e9 14&#215;20,5 cm<\/p>","protected":false},"excerpt":{"rendered":"<p>\u00ab Je suis un pauvre gamin sans parents. Le paria du village \u00e0 qui on donne par charit\u00e9 une assiette de soupe, mais \u00e0 qui on ne fait jamais une place \u00e0 table. Chez les autres, ma place est par terre, avec la petite fille mongolienne du hameau. Pourtant, je ne me sens ni bless\u00e9, [&#8230;]\n","protected":false},"featured_media":169068,"template":"","meta":[],"product_brand":[],"product_cat":[21629,21542],"product_tag":[],"class_list":{"0":"post-169067","1":"product","2":"type-product","3":"status-publish","4":"has-post-thumbnail","6":"product_cat-belletristik","7":"product_cat-sachbuecher-dokumentationen","8":"pa_autor-renaud","9":"pa_erscheinungsjahr-27129","10":"pa_region-frankreich","11":"pa_sprache-fr","13":"first","14":"instock","15":"taxable","16":"shipping-taxable","17":"purchasable","18":"product-type-simple"},"_links":{"self":[{"href":"https:\/\/pizbube.ch\/en\/wp-json\/wp\/v2\/product\/169067","targetHints":{"allow":["GET"]}}],"collection":[{"href":"https:\/\/pizbube.ch\/en\/wp-json\/wp\/v2\/product"}],"about":[{"href":"https:\/\/pizbube.ch\/en\/wp-json\/wp\/v2\/types\/product"}],"wp:featuredmedia":[{"embeddable":true,"href":"https:\/\/pizbube.ch\/en\/wp-json\/wp\/v2\/media\/169068"}],"wp:attachment":[{"href":"https:\/\/pizbube.ch\/en\/wp-json\/wp\/v2\/media?parent=169067"}],"wp:term":[{"taxonomy":"product_brand","embeddable":true,"href":"https:\/\/pizbube.ch\/en\/wp-json\/wp\/v2\/product_brand?post=169067"},{"taxonomy":"product_cat","embeddable":true,"href":"https:\/\/pizbube.ch\/en\/wp-json\/wp\/v2\/product_cat?post=169067"},{"taxonomy":"product_tag","embeddable":true,"href":"https:\/\/pizbube.ch\/en\/wp-json\/wp\/v2\/product_tag?post=169067"}],"curies":[{"name":"wp","href":"https:\/\/api.w.org\/{rel}","templated":true}]}}