{"id":169091,"date":"2023-08-17T11:27:59","date_gmt":"2023-08-17T09:27:59","guid":{"rendered":"https:\/\/pizbube.ch\/?post_type=product&#038;p=169091"},"modified":"2026-03-26T14:27:58","modified_gmt":"2026-03-26T13:27:58","slug":"karpathos-kletterfuehrer-2","status":"publish","type":"product","link":"https:\/\/pizbube.ch\/en\/shop\/karpathos-kletterfuehrer-2\/","title":{"rendered":"Karpathos Kletterf\u00fchrer"},"content":{"rendered":"<p>Karpathos ist das neue Kalymnos&#8230;<br \/>\nUm die 400 Sportkletterrouten in 33 Sektoren der griechischen Insel Karpathos sind in diesem F\u00fchrer zusammengestellt. Die Routen sind farbcodiert in Fototopos eingezeichnet und die Verteilung der Schwierigkeitsgrade deckt die gesamte Bandbreite der Bewertungsskala ab.<\/p>\n<p>Mit Piktogrammen f\u00fcr einen schnelleren \u00dcberblick: (Kinderfreundlichkeit, Ausrichtung des Sektors, Wandh\u00f6he, Anzahl der ben\u00f6tigten Exen, Zustiegszeit).<\/p>\n<p>96 Seiten; 3. Auflage 2023<\/p>\n<p>&nbsp;<\/p>\n<p>Karpathos is one of the most beautiful islands of the Dodecanese &#8211; its mostly famous for its exotic beaches and great windsurfing however, it is now home to some fantastic sport climbing.<\/p>\n<p>This new third edition of the guidebook is nearly double the size of the previous, first edition&#8230; It now describes over 400 routes accross 33 sectors; it contains full colour photo-topos fore each of the sectors and it has a good selection of action shots, it also containes easy-to-follow maps for each of the sectors included&#8230; If you like Kalymnos, you will love Karpathos! English, Spanish, German language throughout&#8230;<\/p>\n<p>paperback: 96 pages, A5<br \/>\nlanguages: English, Spanish, German, Russian<\/p>","protected":false},"excerpt":{"rendered":"<p>Karpathos ist das neue Kalymnos&#8230; Um die 400 Sportkletterrouten in 33 Sektoren der griechischen Insel Karpathos sind in diesem F\u00fchrer zusammengestellt. Die Routen sind farbcodiert in Fototopos eingezeichnet und die Verteilung der Schwierigkeitsgrade deckt die gesamte Bandbreite der Bewertungsskala ab. Mit Piktogrammen f\u00fcr einen schnelleren \u00dcberblick: (Kinderfreundlichkeit, Ausrichtung des Sektors, Wandh\u00f6he, Anzahl der ben\u00f6tigten Exen, [&#8230;]\n","protected":false},"featured_media":169092,"template":"","meta":[],"product_brand":[],"product_cat":[21539],"product_tag":[],"class_list":{"0":"post-169091","1":"product","2":"type-product","3":"status-publish","4":"has-post-thumbnail","6":"product_cat-fuehrerliteratur-sportklettern-bouldern","7":"pa_autor-kraszewski","8":"pa_erscheinungsjahr-27129","9":"pa_region-griechenland","10":"pa_sprache-de-en-es","12":"first","13":"onbackorder","14":"taxable","15":"shipping-taxable","16":"purchasable","17":"product-type-simple"},"_links":{"self":[{"href":"https:\/\/pizbube.ch\/en\/wp-json\/wp\/v2\/product\/169091","targetHints":{"allow":["GET"]}}],"collection":[{"href":"https:\/\/pizbube.ch\/en\/wp-json\/wp\/v2\/product"}],"about":[{"href":"https:\/\/pizbube.ch\/en\/wp-json\/wp\/v2\/types\/product"}],"wp:featuredmedia":[{"embeddable":true,"href":"https:\/\/pizbube.ch\/en\/wp-json\/wp\/v2\/media\/169092"}],"wp:attachment":[{"href":"https:\/\/pizbube.ch\/en\/wp-json\/wp\/v2\/media?parent=169091"}],"wp:term":[{"taxonomy":"product_brand","embeddable":true,"href":"https:\/\/pizbube.ch\/en\/wp-json\/wp\/v2\/product_brand?post=169091"},{"taxonomy":"product_cat","embeddable":true,"href":"https:\/\/pizbube.ch\/en\/wp-json\/wp\/v2\/product_cat?post=169091"},{"taxonomy":"product_tag","embeddable":true,"href":"https:\/\/pizbube.ch\/en\/wp-json\/wp\/v2\/product_tag?post=169091"}],"curies":[{"name":"wp","href":"https:\/\/api.w.org\/{rel}","templated":true}]}}