{"id":169101,"date":"2023-08-17T14:35:21","date_gmt":"2023-08-17T12:35:21","guid":{"rendered":"https:\/\/pizbube.ch\/?post_type=product&#038;p=169101"},"modified":"2024-02-14T08:57:49","modified_gmt":"2024-02-14T07:57:49","slug":"orpierre-grimper-dans-les-pays-du-buech","status":"publish","type":"product","link":"https:\/\/pizbube.ch\/en\/shop\/orpierre-grimper-dans-les-pays-du-buech\/","title":{"rendered":"Orpierre &#8211; Grimper dans les Pays du Buech"},"content":{"rendered":"<p>Le village qui grimpe! &#8211; Topof\u00fchrer \u00fcber das beliebte Klettergebiet in den Hautes Alpes:<\/p>\n<p>Ch\u00e2teauneuf &#8211; Ventavon &#8211; Savournon &#8211; Sigottier &#8211; B\u00fcech Nord<br \/>\nmit allen n\u00fctzlichen Angaben zu Lage, Zustieg, Ausr\u00fcstung und<br \/>\n\u00dcbernachtungsm\u00f6glichkeiten.<\/p>\n<p>Savournon, Saint Julien, Sigottier, Anielles, Lus. Secteurs d`Orpierre,<br \/>\nCh\u00e2teauneuf, Savournon, Ventavon, Sigottier, Bu\u00ebch Nord.<\/p>\n<p>296 S. (NEUAUFLAGE 2023) in Franz. und Engl. Sprache<\/p>\n<p>&nbsp;<\/p>\n<p>Le nouveau TOPO d&#8217;ESCALADE ORPIERRE &#171;le village qui grimpe&#187; avec toutes les voies du secteur<br \/>\nOrpierre, Ventavon, Savournon, Sigottier, Ch\u00e2teauneuf de Chabre, Bu\u00ebch nord&#8230; Fran\u00e7ais\/English\/Deutsch<\/p>\n<p>Nouvelle \u00e9dition 2023 !<\/p>\n<p>Beau livre de 296 pages, couverture papier glac\u00e9, belles illustrations couleurs, traductions en anglais et allemand.<br \/>\nTopo descriptif des voies d&#8217;Orpierre, Ch\u00e2teauneuf de Chabre, Ventavon, Savournon, Sigottier et Bu\u00ebch nord (Agnielles, la Jarjatte&#8230;).<\/p>\n<p>&nbsp;<\/p>\n<p>NEW EDITION 2023: Topoguiidebook for the Orpierre region (Savournon, Saint<br \/>\nJulien, Sigottier, Anielles, Lus. Secteurs d`Orpierre, Ch\u00e2teauneuf, Savournon,<br \/>\nVentavon, Sigottier, Bu\u00ebch Nord) 296 p.<\/p>\n<p><strong>\u00a0<\/strong><\/p>","protected":false},"excerpt":{"rendered":"<p>Le village qui grimpe! &#8211; Topof\u00fchrer \u00fcber das beliebte Klettergebiet in den Hautes Alpes: Ch\u00e2teauneuf &#8211; Ventavon &#8211; Savournon &#8211; Sigottier &#8211; B\u00fcech Nord mit allen n\u00fctzlichen Angaben zu Lage, Zustieg, Ausr\u00fcstung und \u00dcbernachtungsm\u00f6glichkeiten. Savournon, Saint Julien, Sigottier, Anielles, Lus. Secteurs d`Orpierre, Ch\u00e2teauneuf, Savournon, Ventavon, Sigottier, Bu\u00ebch Nord. 296 S. (NEUAUFLAGE 2023) in Franz. und [&#8230;]\n","protected":false},"featured_media":169102,"template":"","meta":[],"product_brand":[],"product_cat":[21539],"product_tag":[],"class_list":{"0":"post-169101","1":"product","2":"type-product","3":"status-publish","4":"has-post-thumbnail","6":"product_cat-fuehrerliteratur-sportklettern-bouldern","7":"pa_autor-bochaton-deidda","8":"pa_autor-ffme","9":"pa_erscheinungsjahr-27129","10":"pa_region-frankreich","11":"pa_sprache-fr-en","13":"first","14":"instock","15":"taxable","16":"shipping-taxable","17":"purchasable","18":"product-type-simple"},"_links":{"self":[{"href":"https:\/\/pizbube.ch\/en\/wp-json\/wp\/v2\/product\/169101","targetHints":{"allow":["GET"]}}],"collection":[{"href":"https:\/\/pizbube.ch\/en\/wp-json\/wp\/v2\/product"}],"about":[{"href":"https:\/\/pizbube.ch\/en\/wp-json\/wp\/v2\/types\/product"}],"wp:featuredmedia":[{"embeddable":true,"href":"https:\/\/pizbube.ch\/en\/wp-json\/wp\/v2\/media\/169102"}],"wp:attachment":[{"href":"https:\/\/pizbube.ch\/en\/wp-json\/wp\/v2\/media?parent=169101"}],"wp:term":[{"taxonomy":"product_brand","embeddable":true,"href":"https:\/\/pizbube.ch\/en\/wp-json\/wp\/v2\/product_brand?post=169101"},{"taxonomy":"product_cat","embeddable":true,"href":"https:\/\/pizbube.ch\/en\/wp-json\/wp\/v2\/product_cat?post=169101"},{"taxonomy":"product_tag","embeddable":true,"href":"https:\/\/pizbube.ch\/en\/wp-json\/wp\/v2\/product_tag?post=169101"}],"curies":[{"name":"wp","href":"https:\/\/api.w.org\/{rel}","templated":true}]}}