{"id":169160,"date":"2023-08-23T12:10:58","date_gmt":"2023-08-23T10:10:58","guid":{"rendered":"https:\/\/pizbube.ch\/?post_type=product&#038;p=169160"},"modified":"2023-08-23T12:10:58","modified_gmt":"2023-08-23T10:10:58","slug":"berghuette","status":"publish","type":"product","link":"https:\/\/pizbube.ch\/en\/shop\/berghuette\/","title":{"rendered":"Bergh\u00fctte"},"content":{"rendered":"<p>Im Winter arbeiten sie unten im Tal \u2013 der Sommer geh\u00f6rt den Bergen. Die drei kennen sich schon lange: Jonas und Galel sind Bergf\u00fchrer, Paul betreibt eine H\u00fctte. Dort oben, auf 2000 Metern H\u00f6he, sind sie in ihrem Element. Rundum Gipfel, Weite, Stille. Ein Nirgendwo, im Herzen der Welt. Wenn die einen nach Tagen des Wegs ihre Wanderer heraufbringen, wartet der andere mit frischgebackenem Brot. Dazu essen sie Alpk\u00e4se, trinken Wein, machen ein Feuer, erz\u00e4hlen. Schauen in die Sterne und gehen wieder. Was sie teilen, bleibt dort oben. Das Tal z\u00e4hlt nicht. Doch eines Tages kommt Galel, der Sanfte und Starke, der immer schon von Weitem pfeift, ver\u00e4ndert zur\u00fcck. Sein Lachen fehlt, und die Freunde beginnen, sich Sorgen zu machen.<\/p>\n<p><i>Bergh\u00fctte<\/i> ist ein Deb\u00fct \u00fcber drei Menschen im Angesicht einer m\u00e4chtigen Berglandschaft, die das Wichtige nicht mehr sagen m\u00fcssen. Sie teilen das unfassbare Gl\u00fcck \u2013 aber wissen auch, dass ein einziger falscher Schritt fatale Folgen haben kann.<\/p>\n<p>144 Seiten | Gebunden,<br \/>\nSchweizer Literaturpreis 2023<\/p>","protected":false},"excerpt":{"rendered":"<p>Im Winter arbeiten sie unten im Tal \u2013 der Sommer geh\u00f6rt den Bergen. Die drei kennen sich schon lange: Jonas und Galel sind Bergf\u00fchrer, Paul betreibt eine H\u00fctte. Dort oben, auf 2000 Metern H\u00f6he, sind sie in ihrem Element. Rundum Gipfel, Weite, Stille. Ein Nirgendwo, im Herzen der Welt. Wenn die einen nach Tagen des [&#8230;]\n","protected":false},"featured_media":169161,"template":"","meta":[],"product_brand":[],"product_cat":[21629],"product_tag":[],"class_list":{"0":"post-169160","1":"product","2":"type-product","3":"status-publish","4":"has-post-thumbnail","6":"product_cat-belletristik","7":"pa_autor-desarzens","8":"pa_erscheinungsjahr-27129","9":"pa_region-schweiz","10":"pa_sprache-de","12":"first","13":"instock","14":"taxable","15":"shipping-taxable","16":"purchasable","17":"product-type-simple"},"_links":{"self":[{"href":"https:\/\/pizbube.ch\/en\/wp-json\/wp\/v2\/product\/169160","targetHints":{"allow":["GET"]}}],"collection":[{"href":"https:\/\/pizbube.ch\/en\/wp-json\/wp\/v2\/product"}],"about":[{"href":"https:\/\/pizbube.ch\/en\/wp-json\/wp\/v2\/types\/product"}],"wp:featuredmedia":[{"embeddable":true,"href":"https:\/\/pizbube.ch\/en\/wp-json\/wp\/v2\/media\/169161"}],"wp:attachment":[{"href":"https:\/\/pizbube.ch\/en\/wp-json\/wp\/v2\/media?parent=169160"}],"wp:term":[{"taxonomy":"product_brand","embeddable":true,"href":"https:\/\/pizbube.ch\/en\/wp-json\/wp\/v2\/product_brand?post=169160"},{"taxonomy":"product_cat","embeddable":true,"href":"https:\/\/pizbube.ch\/en\/wp-json\/wp\/v2\/product_cat?post=169160"},{"taxonomy":"product_tag","embeddable":true,"href":"https:\/\/pizbube.ch\/en\/wp-json\/wp\/v2\/product_tag?post=169160"}],"curies":[{"name":"wp","href":"https:\/\/api.w.org\/{rel}","templated":true}]}}