{"id":169163,"date":"2023-08-23T12:22:11","date_gmt":"2023-08-23T10:22:11","guid":{"rendered":"https:\/\/pizbube.ch\/?post_type=product&#038;p=169163"},"modified":"2025-11-27T14:20:39","modified_gmt":"2025-11-27T13:20:39","slug":"der-wanderfotograf","status":"publish","type":"product","link":"https:\/\/pizbube.ch\/en\/shop\/der-wanderfotograf\/","title":{"rendered":"Der Wanderfotograf"},"content":{"rendered":"<p>Roberto Donetta war fliegender Samenh\u00e4ndler im Bleniotal, als er die Fotografie entdeckte und sie zu seinem Zusatzverdienst machte. Er hatte eine Familie zu ern\u00e4hren und zog mit Samenkiste, Stativ und Kamera durch das ganze Tal. Die Leute wollten Fotos, und der Autodidakt setzte die Menschen im Tessin, ihren Alltag, ihre Feste, die D\u00f6rfer und die Landschaft hundertfach in Szene. Doch er kam aus der Armut nicht heraus. Von seiner Familie verlassen, starb er krank und allein in seinem Haus. F\u00fcr die \u00fcber 5000 Glasplatten in der Casa Rotonda interessierte sich 1932 niemand, bis ein halbes Jahrhundert sp\u00e4ter der Schatz gehoben wurde \u2013 und sich ein Fotograf von sensibler Modernit\u00e4t offenbarte.<\/p>\n<p>Auf Grundlage von Donettas Gedanken, meist bis sp\u00e4t in die Nacht in gro\u00dfformatige Rechnungsb\u00fccher notiert, erz\u00e4hlt Mario Casella das Leben eines eigenst\u00e4ndigen K\u00fcnstlers, aber tief verzweifelten Menschen. Die Stimme Saulles, der oft beim Fotografieren assistierte, tr\u00e4gt die vergn\u00fcglichen Geschichten hinter den Fotos bei und wei\u00df um die Hingabe und Improvisationsfreude des Vaters bei seiner Arbeit. Im Zusammenspiel mit ausgesuchten Familienfotos erhellt der Roman nicht nur die bewegende Lebensgeschichte Roberto Donettas, sondern veranschaulicht auch die Anf\u00e4nge der Fotografie \u2013 in einem hoffnungslos armen Tessiner Tal.<\/p>\n<p data-name=\"gattung\">Biografischer Roman<\/p>\n<p data-name=\"gattung-extra\">Mit Fotos von Roberto Donetta<\/p>\n<p class=\"mitwirkende\" data-name=\"mitwirkende\"><span title=\"\u00dcbersetzt von Franziska Kristen\">\u00dcbersetzt von Franziska Kristen<\/span><br \/>\n<span title=\"Vorwort von Guido Magnaguagno\">Vorwort von Guido Magnaguagno<\/span><\/p>\n<p>ca. 224 Seiten | Gebunden<\/p>","protected":false},"excerpt":{"rendered":"<p>Roberto Donetta war fliegender Samenh\u00e4ndler im Bleniotal, als er die Fotografie entdeckte und sie zu seinem Zusatzverdienst machte. Er hatte eine Familie zu ern\u00e4hren und zog mit Samenkiste, Stativ und Kamera durch das ganze Tal. Die Leute wollten Fotos, und der Autodidakt setzte die Menschen im Tessin, ihren Alltag, ihre Feste, die D\u00f6rfer und die [&#8230;]\n","protected":false},"featured_media":169164,"template":"","meta":[],"product_brand":[],"product_cat":[21629,21542],"product_tag":[],"class_list":{"0":"post-169163","1":"product","2":"type-product","3":"status-publish","4":"has-post-thumbnail","6":"product_cat-belletristik","7":"product_cat-sachbuecher-dokumentationen","8":"pa_autor-casella","9":"pa_erscheinungsjahr-27129","10":"pa_region-schweiz","11":"pa_sprache-de","13":"first","14":"instock","15":"taxable","16":"shipping-taxable","17":"purchasable","18":"product-type-simple"},"_links":{"self":[{"href":"https:\/\/pizbube.ch\/en\/wp-json\/wp\/v2\/product\/169163","targetHints":{"allow":["GET"]}}],"collection":[{"href":"https:\/\/pizbube.ch\/en\/wp-json\/wp\/v2\/product"}],"about":[{"href":"https:\/\/pizbube.ch\/en\/wp-json\/wp\/v2\/types\/product"}],"wp:featuredmedia":[{"embeddable":true,"href":"https:\/\/pizbube.ch\/en\/wp-json\/wp\/v2\/media\/169164"}],"wp:attachment":[{"href":"https:\/\/pizbube.ch\/en\/wp-json\/wp\/v2\/media?parent=169163"}],"wp:term":[{"taxonomy":"product_brand","embeddable":true,"href":"https:\/\/pizbube.ch\/en\/wp-json\/wp\/v2\/product_brand?post=169163"},{"taxonomy":"product_cat","embeddable":true,"href":"https:\/\/pizbube.ch\/en\/wp-json\/wp\/v2\/product_cat?post=169163"},{"taxonomy":"product_tag","embeddable":true,"href":"https:\/\/pizbube.ch\/en\/wp-json\/wp\/v2\/product_tag?post=169163"}],"curies":[{"name":"wp","href":"https:\/\/api.w.org\/{rel}","templated":true}]}}