{"id":169182,"date":"2023-08-24T14:37:04","date_gmt":"2023-08-24T12:37:04","guid":{"rendered":"https:\/\/pizbube.ch\/?post_type=product&#038;p=169182"},"modified":"2023-08-24T15:10:21","modified_gmt":"2023-08-24T13:10:21","slug":"schauplatz-avers-geschichten-einer-landschaft","status":"publish","type":"product","link":"https:\/\/pizbube.ch\/en\/shop\/schauplatz-avers-geschichten-einer-landschaft\/","title":{"rendered":"Schauplatz Avers &#8211; Geschichten einer Landschaft"},"content":{"rendered":"<p>Ina Boesch erz\u00e4hlt die Geschichte des d\u00fcnn besiedelten B\u00fcndner Hochtals Avers aus unterschiedlichen Perspektiven. Im Zentrum stehen die Menschen, welche die Landschaft unterschiedlich sahen und nutzten. Bereits im 17. Jahrhundert zog das abgelegene Tal Naturforscher in seinen Bann, die dort seltene Blumen jagten und Handelsrouten auskundschafteten. Gleichzeitig grassierte der Hexenglaube und versetzte die Bev\u00f6lkerung in Angst und Schrecken.<\/p>\n<p>Die Autorin greift Themen auf, die f\u00fcr die Geschichte des alpinen Raums von Bedeutung sind. Sie erz\u00e4hlt von Avnerinnen und Avnern, die der Armut entflohen und in \u00dcbersee ihr Gl\u00fcck suchten; von M\u00e4nnern und Frauen, die in den Sommermonaten zur Heuernte ins Hochtal pilgerten; von Tourismusunternehmern, die in den 1960er-Jahren ein gigantisches Feriendorf errichten wollten; und vom Vorhaben, das angrenzende Val Madris zur Energiegewinnung zu fluten.<\/p>\n<p>160 Seiten<br \/>\nca. 20 farbige und sw Abbildungen<br \/>\ngebunden<br \/>\n14.5 \u00d7 22.2 cm<br \/>\n1. Auflage 2023<\/p>","protected":false},"excerpt":{"rendered":"<p>Ina Boesch erz\u00e4hlt die Geschichte des d\u00fcnn besiedelten B\u00fcndner Hochtals Avers aus unterschiedlichen Perspektiven. Im Zentrum stehen die Menschen, welche die Landschaft unterschiedlich sahen und nutzten. Bereits im 17. Jahrhundert zog das abgelegene Tal Naturforscher in seinen Bann, die dort seltene Blumen jagten und Handelsrouten auskundschafteten. Gleichzeitig grassierte der Hexenglaube und versetzte die Bev\u00f6lkerung in [&#8230;]\n","protected":false},"featured_media":169183,"template":"","meta":[],"product_brand":[],"product_cat":[21542],"product_tag":[],"class_list":{"0":"post-169182","1":"product","2":"type-product","3":"status-publish","4":"has-post-thumbnail","6":"product_cat-sachbuecher-dokumentationen","7":"pa_autor-boesch-2","8":"pa_erscheinungsjahr-27129","9":"pa_region-schweiz","10":"pa_sprache-de","12":"first","13":"instock","14":"taxable","15":"shipping-taxable","16":"purchasable","17":"product-type-simple"},"_links":{"self":[{"href":"https:\/\/pizbube.ch\/en\/wp-json\/wp\/v2\/product\/169182","targetHints":{"allow":["GET"]}}],"collection":[{"href":"https:\/\/pizbube.ch\/en\/wp-json\/wp\/v2\/product"}],"about":[{"href":"https:\/\/pizbube.ch\/en\/wp-json\/wp\/v2\/types\/product"}],"wp:featuredmedia":[{"embeddable":true,"href":"https:\/\/pizbube.ch\/en\/wp-json\/wp\/v2\/media\/169183"}],"wp:attachment":[{"href":"https:\/\/pizbube.ch\/en\/wp-json\/wp\/v2\/media?parent=169182"}],"wp:term":[{"taxonomy":"product_brand","embeddable":true,"href":"https:\/\/pizbube.ch\/en\/wp-json\/wp\/v2\/product_brand?post=169182"},{"taxonomy":"product_cat","embeddable":true,"href":"https:\/\/pizbube.ch\/en\/wp-json\/wp\/v2\/product_cat?post=169182"},{"taxonomy":"product_tag","embeddable":true,"href":"https:\/\/pizbube.ch\/en\/wp-json\/wp\/v2\/product_tag?post=169182"}],"curies":[{"name":"wp","href":"https:\/\/api.w.org\/{rel}","templated":true}]}}