{"id":169196,"date":"2023-08-25T09:32:55","date_gmt":"2023-08-25T07:32:55","guid":{"rendered":"https:\/\/pizbube.ch\/?post_type=product&#038;p=169196"},"modified":"2024-12-03T17:14:23","modified_gmt":"2024-12-03T16:14:23","slug":"gletscher-und-glaube-katastrophenbewaeltigung-in-den-oetztaler-alpen-einst-und-heute","status":"publish","type":"product","link":"https:\/\/pizbube.ch\/en\/shop\/gletscher-und-glaube-katastrophenbewaeltigung-in-den-oetztaler-alpen-einst-und-heute\/","title":{"rendered":"Gletscher und Glaube &#8211; Katastrophenbew\u00e4ltigung in den \u00d6tztaler Alpen einst und heute"},"content":{"rendered":"<p>(\u00dcber-)Leben im Schatten des ewigen Eises \u2013 einst und heute.<\/p>\n<p>Das Leben in hochalpinen Lagen war und ist ein Leben der Extreme. Den Naturkatastrophen und ihren Auswirkungen ausgesetzt, entwickelten die Menschen kulturelle Strategien, mit denen sie auf die Folgen von Klimazyklen reagierten. W\u00e4hrend zwischen 1650 und 1850 die \u201eKleine Eiszeit\u201c f\u00fcr Gletschervorst\u00f6\u00dfe, Muren, \u00dcberschwemmungen und Lawinen sorgte, ist es seit 1850 die Klimaerw\u00e4rmung, die das Leben im hochalpinen Raum beeinflusst.<\/p>\n<p>Franz J\u00e4ger untersucht die Auseinandersetzung mit der \u201ewilden Natur\u201c in den \u00d6tztaler Alpen \u2013 dem hinteren \u00d6tztal, Pitztal und Passeiertal \u2013 und begibt sich auf die Spur kultureller Bew\u00e4ltigung. Dabei unterzieht er die epochen\u00fcbergreifenden kulturellen Prozesse einer breiten interdisziplin\u00e4ren Analyse und zieht auch einen Vergleich mit dem Gebiet des Oberwallis in der Schweiz, dessen Bewohner mit \u00e4hnlichen Naturgefahren zu rechnen hatten.<\/p>\n<p>Im Umgang mit Naturkatastrophen in den Alpen kommt insbesondere volksfrommen Praktiken ein herausragender Stellenwert zu, der sich in Ans\u00e4tzen bis in die heutige Zeit erhalten hat. Der Autor begab sich zum Studium solcher Mittel kultureller Katastrophenbew\u00e4ltigung auf eine intensive Feldforschung und er\u00f6ffnet auch einen Blick auf die gegenw\u00e4rtige Lage dieser Region im Schatten der Gletscher.<\/p>\n<p>292 Seiten, kartoniert<\/p>","protected":false},"excerpt":{"rendered":"<p>(\u00dcber-)Leben im Schatten des ewigen Eises \u2013 einst und heute. Das Leben in hochalpinen Lagen war und ist ein Leben der Extreme. Den Naturkatastrophen und ihren Auswirkungen ausgesetzt, entwickelten die Menschen kulturelle Strategien, mit denen sie auf die Folgen von Klimazyklen reagierten. W\u00e4hrend zwischen 1650 und 1850 die \u201eKleine Eiszeit\u201c f\u00fcr Gletschervorst\u00f6\u00dfe, Muren, \u00dcberschwemmungen und [&#8230;]\n","protected":false},"featured_media":169197,"template":"","meta":[],"product_brand":[],"product_cat":[21580,21542],"product_tag":[],"class_list":{"0":"post-169196","1":"product","2":"type-product","3":"status-publish","4":"has-post-thumbnail","6":"product_cat-kunst-kultur","7":"product_cat-sachbuecher-dokumentationen","8":"pa_autor-jaeger","9":"pa_erscheinungsjahr-21586","10":"pa_region-oesterreich","11":"pa_sprache-de","13":"first","14":"instock","15":"taxable","16":"shipping-taxable","17":"purchasable","18":"product-type-simple"},"_links":{"self":[{"href":"https:\/\/pizbube.ch\/en\/wp-json\/wp\/v2\/product\/169196","targetHints":{"allow":["GET"]}}],"collection":[{"href":"https:\/\/pizbube.ch\/en\/wp-json\/wp\/v2\/product"}],"about":[{"href":"https:\/\/pizbube.ch\/en\/wp-json\/wp\/v2\/types\/product"}],"wp:featuredmedia":[{"embeddable":true,"href":"https:\/\/pizbube.ch\/en\/wp-json\/wp\/v2\/media\/169197"}],"wp:attachment":[{"href":"https:\/\/pizbube.ch\/en\/wp-json\/wp\/v2\/media?parent=169196"}],"wp:term":[{"taxonomy":"product_brand","embeddable":true,"href":"https:\/\/pizbube.ch\/en\/wp-json\/wp\/v2\/product_brand?post=169196"},{"taxonomy":"product_cat","embeddable":true,"href":"https:\/\/pizbube.ch\/en\/wp-json\/wp\/v2\/product_cat?post=169196"},{"taxonomy":"product_tag","embeddable":true,"href":"https:\/\/pizbube.ch\/en\/wp-json\/wp\/v2\/product_tag?post=169196"}],"curies":[{"name":"wp","href":"https:\/\/api.w.org\/{rel}","templated":true}]}}