{"id":169283,"date":"2023-08-30T10:27:50","date_gmt":"2023-08-30T08:27:50","guid":{"rendered":"https:\/\/pizbube.ch\/?post_type=product&#038;p=169283"},"modified":"2023-08-30T10:29:10","modified_gmt":"2023-08-30T08:29:10","slug":"nutzen-benutzen-hegen-pflegen-die-alpen-im-anthropozaen","status":"publish","type":"product","link":"https:\/\/pizbube.ch\/en\/shop\/nutzen-benutzen-hegen-pflegen-die-alpen-im-anthropozaen\/","title":{"rendered":"Nutzen. Benutzen. Hegen. Pflegen. &#8211; Die Alpen im Anthropoz\u00e4n"},"content":{"rendered":"<p class=\"editors\">Urner Institut Kulturen der Alpen<\/p>\n<p>Das Institut \u00abKulturen der Alpen\u00bb widmet sich in der ganzen thematischen Breite den Besonderheiten des alpinen Raums \u2013 von den pr\u00e4historischen Zeugnissen \u00fcber spezifische Traditionen bis hin zu den Herausforderungen der Gegenwart.<\/p>\n<p>Im Sammelband enthalten sind 16 Beitr\u00e4ge von Autorinnen und Autoren aus Wissenschaft und Praxis. Sie beleuchten die Qualit\u00e4ten von Nachhaltigkeit im Zusammenspiel von Land-, Forst- und Energiewirtschaft, aber auch Tourismus, Wohnen und lokalem Handwerk. Dabei orientieren sie sich an den Begriffen Nutzen, Benutzen, Hegen, Pflegen \u2013 das sind vier alpenspezifische Handlungen, die Vorbild f\u00fcr die planetarische Biosph\u00e4re sein k\u00f6nnten.<\/p>\n<p>Seit 2022 setzt das Online- Magazin Syntopia Alpina mit w\u00f6chentlichen Beitr\u00e4gen Im-pulse zu Themen der Nachhal- tigkeit. Einen vertieften Blick auf diese Initiativen wirft nun das gedruckte Buch. Autorin-nen und Autoren aus Wissen- schaft und Praxis beleuchten die Qualit\u00e4ten von Nachhaltigkeit im Zusammenspiel von Land-, Forst- und Energiewirtschaft, aber auch Tourismus, Wohnen und lokalem Handwerk. Sie orientieren sich an den Begriffen \u00abNutzen\u00bb, \u00abBenutzen\u00bb, \u00abHegen\u00bb, \u00abPflegen\u00bb und verbinden damit alpen- spezifische Handlungen, die Vorbild f\u00fcr die planetari sche Biosph\u00e4re sein k\u00f6nnten. Das Urner Institut Kulturen der Alpen unter der Leitung von Boris Previ\u0161ic\u00b4 widmet sich den Besonderheiten des alpinen Raums in seiner ganzen thematischen Breite.<\/p>\n<p>Fotografien von Marco Vol ken. Beitr\u00e4ge von Loredana Bevilacqua, Annina Boogen, Thomas Egger, Elisa Frank, K\u00f6bi Gantenbein, Kurt Gritsch, Wilfried Haeberli, Nikolaus Heinzer, Roman H\u00fcppi, Elisabeth Joris, Sibylle Lustenberger, Andrea Meier, Eva-Maria M\u00fcller, Roland Norer, Boris Previ\u0161ic\u00b4, Michel Roth, Daniel Speich Chass\u00e9, Andreas Weissen, Ariane Zangger<\/p>\n<p>2023, 176 Seiten<br \/>\nca. 50 farbige und sw Abbildungen<br \/>\n15 \u00d7 22.5 cm<\/p>","protected":false},"excerpt":{"rendered":"<p>Urner Institut Kulturen der Alpen Das Institut \u00abKulturen der Alpen\u00bb widmet sich in der ganzen thematischen Breite den Besonderheiten des alpinen Raums \u2013 von den pr\u00e4historischen Zeugnissen \u00fcber spezifische Traditionen bis hin zu den Herausforderungen der Gegenwart. Im Sammelband enthalten sind 16 Beitr\u00e4ge von Autorinnen und Autoren aus Wissenschaft und Praxis. Sie beleuchten die Qualit\u00e4ten [&#8230;]\n","protected":false},"featured_media":169284,"template":"","meta":[],"product_brand":[],"product_cat":[21542],"product_tag":[],"class_list":{"0":"post-169283","1":"product","2":"type-product","3":"status-publish","4":"has-post-thumbnail","6":"product_cat-sachbuecher-dokumentationen","7":"pa_autor-urner-institut-kulturen-der-alpen-hrsg","8":"pa_erscheinungsjahr-27129","9":"pa_region-schweiz","10":"pa_sprache-de","12":"first","13":"instock","14":"taxable","15":"shipping-taxable","16":"purchasable","17":"product-type-simple"},"_links":{"self":[{"href":"https:\/\/pizbube.ch\/en\/wp-json\/wp\/v2\/product\/169283","targetHints":{"allow":["GET"]}}],"collection":[{"href":"https:\/\/pizbube.ch\/en\/wp-json\/wp\/v2\/product"}],"about":[{"href":"https:\/\/pizbube.ch\/en\/wp-json\/wp\/v2\/types\/product"}],"wp:featuredmedia":[{"embeddable":true,"href":"https:\/\/pizbube.ch\/en\/wp-json\/wp\/v2\/media\/169284"}],"wp:attachment":[{"href":"https:\/\/pizbube.ch\/en\/wp-json\/wp\/v2\/media?parent=169283"}],"wp:term":[{"taxonomy":"product_brand","embeddable":true,"href":"https:\/\/pizbube.ch\/en\/wp-json\/wp\/v2\/product_brand?post=169283"},{"taxonomy":"product_cat","embeddable":true,"href":"https:\/\/pizbube.ch\/en\/wp-json\/wp\/v2\/product_cat?post=169283"},{"taxonomy":"product_tag","embeddable":true,"href":"https:\/\/pizbube.ch\/en\/wp-json\/wp\/v2\/product_tag?post=169283"}],"curies":[{"name":"wp","href":"https:\/\/api.w.org\/{rel}","templated":true}]}}