{"id":169292,"date":"2023-08-30T15:51:15","date_gmt":"2023-08-30T13:51:15","guid":{"rendered":"https:\/\/pizbube.ch\/?post_type=product&#038;p=169292"},"modified":"2023-08-31T17:39:39","modified_gmt":"2023-08-31T15:39:39","slug":"patones-y-alrededores-guia-de-escalada-kopie","status":"publish","type":"product","link":"https:\/\/pizbube.ch\/en\/shop\/patones-y-alrededores-guia-de-escalada-kopie\/","title":{"rendered":"PATONES y alrededores. Gu\u00eda de escalada"},"content":{"rendered":"<p>Limestone sport climbing venue in the north of Madrid.<\/p>\n<p>En el norte de la provincia de Madrid el abundante granito dio tregua a algunos afloramientos calc\u00e1reos y, aunque la roca que vino del magma gana por goleada, los habitantes de la capital y alrededores no nos podemos quejar de roca vertical y desplomada, escalable y agradecida.<\/p>\n<p>Un gran ca\u00f1\u00f3n \u2013el del Pont\u00f3n de la Oliva\u2013 y otros m\u00e1s peque\u00f1os \u2013Ca\u00f1\u00f3n de Uceda y ca\u00f1\u00f3n de Patones pueblo\u2013 adem\u00e1s de un par de franjas anaranjadas y consecuentemente con tendencia al desplome \u2013Los Alcores y Pe\u00f1arrubia\u2013 han servido de lienzo para dibujar las 900 rutas que os presentamos en este trabajo, una <b>3\u00aa edici\u00f3n revisada y actualizada<\/b> en la se han incluido las \u00faltimas v\u00edas abiertas.<\/p>\n<p>El 25% de los derechos de esta gu\u00eda se destina a la Asociaci\u00f3n Escalada Sostenible.<\/p>\n<p>La gu\u00eda incluye adem\u00e1s toda la informaci\u00f3n sobre las peque\u00f1as escuelas sat\u00e9lite que se encuentran relativamente cerca del pueblo de Patones: Alcores (m\u00e1s conocida como El Vell\u00f3n), Pe\u00f1a Rubia, Patones pueblo y Ca\u00f1\u00f3n de Uceda. En total se describen algo m\u00e1s de 800 rutas, la inmensa mayor\u00eda equipadas, sobre roca calc\u00e1rea, desde el IV hasta el 9a.<\/p>","protected":false},"excerpt":{"rendered":"<p>Limestone sport climbing venue in the north of Madrid. En el norte de la provincia de Madrid el abundante granito dio tregua a algunos afloramientos calc\u00e1reos y, aunque la roca que vino del magma gana por goleada, los habitantes de la capital y alrededores no nos podemos quejar de roca vertical y desplomada, escalable y [&#8230;]\n","protected":false},"featured_media":169293,"template":"","meta":[],"product_brand":[],"product_cat":[21539],"product_tag":[],"class_list":{"0":"post-169292","1":"product","2":"type-product","3":"status-publish","4":"has-post-thumbnail","6":"product_cat-fuehrerliteratur-sportklettern-bouldern","7":"pa_autor-velazquez-gaztelu-2","8":"pa_erscheinungsjahr-21597","9":"pa_region-spanien","10":"pa_sprache-sp","12":"first","13":"instock","14":"taxable","15":"shipping-taxable","16":"purchasable","17":"product-type-simple"},"_links":{"self":[{"href":"https:\/\/pizbube.ch\/en\/wp-json\/wp\/v2\/product\/169292","targetHints":{"allow":["GET"]}}],"collection":[{"href":"https:\/\/pizbube.ch\/en\/wp-json\/wp\/v2\/product"}],"about":[{"href":"https:\/\/pizbube.ch\/en\/wp-json\/wp\/v2\/types\/product"}],"wp:featuredmedia":[{"embeddable":true,"href":"https:\/\/pizbube.ch\/en\/wp-json\/wp\/v2\/media\/169293"}],"wp:attachment":[{"href":"https:\/\/pizbube.ch\/en\/wp-json\/wp\/v2\/media?parent=169292"}],"wp:term":[{"taxonomy":"product_brand","embeddable":true,"href":"https:\/\/pizbube.ch\/en\/wp-json\/wp\/v2\/product_brand?post=169292"},{"taxonomy":"product_cat","embeddable":true,"href":"https:\/\/pizbube.ch\/en\/wp-json\/wp\/v2\/product_cat?post=169292"},{"taxonomy":"product_tag","embeddable":true,"href":"https:\/\/pizbube.ch\/en\/wp-json\/wp\/v2\/product_tag?post=169292"}],"curies":[{"name":"wp","href":"https:\/\/api.w.org\/{rel}","templated":true}]}}