{"id":169300,"date":"2023-08-31T09:25:22","date_gmt":"2023-08-31T07:25:22","guid":{"rendered":"https:\/\/pizbube.ch\/?post_type=product&#038;p=169300"},"modified":"2024-06-13T18:05:31","modified_gmt":"2024-06-13T16:05:31","slug":"kletterfuehrer-jaegihorn-im-baltschiedertal","status":"publish","type":"product","link":"https:\/\/pizbube.ch\/en\/shop\/kletterfuehrer-jaegihorn-im-baltschiedertal\/","title":{"rendered":"Kletterf\u00fchrer J\u00e4gihorn im Baltschiedertal"},"content":{"rendered":"<p>Das J\u00e4gihorn liegt zu hinterst im Baltschiedertal \/ Wallis und erreicht eine H\u00f6he von 3407 Meter \u00fcber Meer. Der Berg bietet eine Vielzahl an Kletterm\u00f6glichkeiten.<\/p>\n<p>Vom gut abgesicherten Klettergarten bis zu vielen Seill\u00e4ngen Clean Climbing ist f\u00fcr jede(n) etwas dabei. Diese Vielf\u00e4ltigkeit in Kombination mit dem wundersch\u00f6nen Felsen in bester Qualit\u00e4t und der spektakul\u00e4ren Landschaft macht das J\u00e4gihorn zu einem unverzichtbaren Kletterziel in der Schweiz.<\/p>\n<p>In diesem Kletterf\u00fchrer befinden sich alle wichtigen Informationen, die Sie f\u00fcr eine unvergessliche Klettertour am J\u00e4gihorn ben\u00f6tigen!<\/p>\n<p>Format: A5,<br \/>\nSeiten<\/p>\n<p>&nbsp;<\/p>\n<p>Topoguide for the J\u00e4gihorn, next to the Baltschiederhut in the Valais;<br \/>\nGerman &amp; English Text; Format: A5<\/p>","protected":false},"excerpt":{"rendered":"<p>Das J\u00e4gihorn liegt zu hinterst im Baltschiedertal \/ Wallis und erreicht eine H\u00f6he von 3407 Meter \u00fcber Meer. Der Berg bietet eine Vielzahl an Kletterm\u00f6glichkeiten. Vom gut abgesicherten Klettergarten bis zu vielen Seill\u00e4ngen Clean Climbing ist f\u00fcr jede(n) etwas dabei. Diese Vielf\u00e4ltigkeit in Kombination mit dem wundersch\u00f6nen Felsen in bester Qualit\u00e4t und der spektakul\u00e4ren Landschaft [&#8230;]\n","protected":false},"featured_media":169301,"template":"","meta":[],"product_brand":[],"product_cat":[21539],"product_tag":[],"class_list":{"0":"post-169300","1":"product","2":"type-product","3":"status-publish","4":"has-post-thumbnail","6":"product_cat-fuehrerliteratur-sportklettern-bouldern","7":"pa_autor-wildisen","8":"pa_erscheinungsjahr-27129","9":"pa_region-schweiz","10":"pa_sprache-de-en","12":"first","13":"instock","14":"taxable","15":"shipping-taxable","16":"purchasable","17":"product-type-simple"},"_links":{"self":[{"href":"https:\/\/pizbube.ch\/en\/wp-json\/wp\/v2\/product\/169300","targetHints":{"allow":["GET"]}}],"collection":[{"href":"https:\/\/pizbube.ch\/en\/wp-json\/wp\/v2\/product"}],"about":[{"href":"https:\/\/pizbube.ch\/en\/wp-json\/wp\/v2\/types\/product"}],"wp:featuredmedia":[{"embeddable":true,"href":"https:\/\/pizbube.ch\/en\/wp-json\/wp\/v2\/media\/169301"}],"wp:attachment":[{"href":"https:\/\/pizbube.ch\/en\/wp-json\/wp\/v2\/media?parent=169300"}],"wp:term":[{"taxonomy":"product_brand","embeddable":true,"href":"https:\/\/pizbube.ch\/en\/wp-json\/wp\/v2\/product_brand?post=169300"},{"taxonomy":"product_cat","embeddable":true,"href":"https:\/\/pizbube.ch\/en\/wp-json\/wp\/v2\/product_cat?post=169300"},{"taxonomy":"product_tag","embeddable":true,"href":"https:\/\/pizbube.ch\/en\/wp-json\/wp\/v2\/product_tag?post=169300"}],"curies":[{"name":"wp","href":"https:\/\/api.w.org\/{rel}","templated":true}]}}