{"id":169314,"date":"2023-08-31T09:25:12","date_gmt":"2023-08-31T07:25:12","guid":{"rendered":"https:\/\/pizbube.ch\/?post_type=product&#038;p=169314"},"modified":"2025-06-27T12:40:26","modified_gmt":"2025-06-27T10:40:26","slug":"en-val-dherens-topo-escalade","status":"publish","type":"product","link":"https:\/\/pizbube.ch\/en\/shop\/en-val-dherens-topo-escalade\/","title":{"rendered":"En Val d&#8217;H\u00e9rens &#8211; Topo Escalade"},"content":{"rendered":"<p>En Val d&#8217;H\u00e9rens, Escalade<\/p>\n<p>D\u00e9couvrez les 6 secteurs d&#8217;escalade en falaise \u00e0 H\u00e9r\u00e9mence, dont deux nouveaux secteurs!<\/p>\n<p>Le Val d\u2019H\u00e9rens rec\u00e8le de nombreux sites proposant aux grimpeurs tous les styles d\u2019escalade. Des petites falaises accessibles offrent des voies d\u2019initiation, des secteurs plus raides invitent le grimpeur sportif \u00e0 se d\u00e9passer et de hautes falaises proposent des voies longues pour le grimpeur-alpiniste aimant les belles envol\u00e9es dans un environnement alpin dont la r\u00e9putation n\u2019est plus \u00e0 faire. Chaque site a une personnalit\u00e9, un grain de rocher bien \u00e0 lui, un environnement agr\u00e9able. Et lorsque les temp\u00e9ratures s\u2019\u00e9l\u00e8vent, la fra\u00eecheur du Val d\u2019H\u00e9rens permet de grimper pendant les mois chauds de l\u2019\u00e9t\u00e9.<\/p>\n<p>23 secteurs r\u00e9partis sur les communes d\u2019H\u00e9r\u00e9mence, Saint-Martin et Evol\u00e8ne r\u00e9pertorient environ 170 voies.<\/p>\n<p>75 pages<\/p>\n<p><strong>Sonderpreis Auflage 2023: CHF 10.00 statt 29.00<\/strong><\/p>","protected":false},"excerpt":{"rendered":"<p>En Val d&#8217;H\u00e9rens, Escalade D\u00e9couvrez les 6 secteurs d&#8217;escalade en falaise \u00e0 H\u00e9r\u00e9mence, dont deux nouveaux secteurs! Le Val d\u2019H\u00e9rens rec\u00e8le de nombreux sites proposant aux grimpeurs tous les styles d\u2019escalade. Des petites falaises accessibles offrent des voies d\u2019initiation, des secteurs plus raides invitent le grimpeur sportif \u00e0 se d\u00e9passer et de hautes falaises proposent [&#8230;]\n","protected":false},"featured_media":169315,"template":"","meta":[],"product_brand":[],"product_cat":[21539],"product_tag":[],"class_list":{"0":"post-169314","1":"product","2":"type-product","3":"status-publish","4":"has-post-thumbnail","6":"product_cat-fuehrerliteratur-sportklettern-bouldern","7":"pa_autor-brenzikofer","8":"pa_erscheinungsjahr-27129","9":"pa_region-schweiz","10":"pa_sprache-fr","12":"first","13":"instock","14":"sale","15":"taxable","16":"shipping-taxable","17":"purchasable","18":"product-type-simple"},"_links":{"self":[{"href":"https:\/\/pizbube.ch\/en\/wp-json\/wp\/v2\/product\/169314","targetHints":{"allow":["GET"]}}],"collection":[{"href":"https:\/\/pizbube.ch\/en\/wp-json\/wp\/v2\/product"}],"about":[{"href":"https:\/\/pizbube.ch\/en\/wp-json\/wp\/v2\/types\/product"}],"wp:featuredmedia":[{"embeddable":true,"href":"https:\/\/pizbube.ch\/en\/wp-json\/wp\/v2\/media\/169315"}],"wp:attachment":[{"href":"https:\/\/pizbube.ch\/en\/wp-json\/wp\/v2\/media?parent=169314"}],"wp:term":[{"taxonomy":"product_brand","embeddable":true,"href":"https:\/\/pizbube.ch\/en\/wp-json\/wp\/v2\/product_brand?post=169314"},{"taxonomy":"product_cat","embeddable":true,"href":"https:\/\/pizbube.ch\/en\/wp-json\/wp\/v2\/product_cat?post=169314"},{"taxonomy":"product_tag","embeddable":true,"href":"https:\/\/pizbube.ch\/en\/wp-json\/wp\/v2\/product_tag?post=169314"}],"curies":[{"name":"wp","href":"https:\/\/api.w.org\/{rel}","templated":true}]}}