{"id":169317,"date":"2023-08-31T11:11:18","date_gmt":"2023-08-31T09:11:18","guid":{"rendered":"https:\/\/pizbube.ch\/?post_type=product&#038;p=169317"},"modified":"2025-12-12T14:19:04","modified_gmt":"2025-12-12T13:19:04","slug":"berge-grandiose-naturfotografie-von-den-alpen-bis-zum-himalaya","status":"publish","type":"product","link":"https:\/\/pizbube.ch\/en\/shop\/berge-grandiose-naturfotografie-von-den-alpen-bis-zum-himalaya\/","title":{"rendered":"Berge &#8211; Grandiose Naturfotografie von den Alpen bis zum Himalaya"},"content":{"rendered":"<div class=\"text pt-5\">\n<p class=\"font-weight-bold h6\">Wo Himmel und Erde verschmelzen<\/p>\n<div class=\"column-count-md-2\">\n<p>Berge sind sein Element. Seit mehr als vier Jahrzehnten ist der \u00f6sterreichische Fotograf Peter Mathis in den Hochgebirgen der Welt unterwegs. Die Grenzen zwischen Sport und Kunst sind dabei flie\u00dfend, denn seine digitale Mittelformatkamera ist stets dabei, wenn er auf die Gipfel steigt. Von seinen Bergtouren bringt er atemberaubende Aufnahmen mit.<\/p>\n<p>Die besten der vergangenen 30 Jahre werden hier pr\u00e4sentiert von den Alpen und den Dolomiten \u00fcber das Montblanc-Massiv, die kalifornische Sierra Nevada bis zum Himalaya. Konsequent in Schwarz-Wei\u00df gehalten, gibt das Wechselspiel von Licht und Schatten seinen Bildern ihren unwiderstehlichen Rhythmus. Pers\u00f6nliche Texte erz\u00e4hlen die spannende Geschichte hinter manchem Foto und gew\u00e4hren Einblick in die faszinierende Welt der Hochgebirge: die Orte, an denen die G\u00f6tter wohnen.<\/p>\n<div class=\"pb-1\">Hardcover, Pappband, 176 Seiten, 29,0 x 31,0 cm<\/div>\n<div class=\"pb-1\">Mit 92 Schwarz-Wei\u00df-Fotos<\/div>\n<\/div>\n<\/div>","protected":false},"excerpt":{"rendered":"<p>Wo Himmel und Erde verschmelzen Berge sind sein Element. Seit mehr als vier Jahrzehnten ist der \u00f6sterreichische Fotograf Peter Mathis in den Hochgebirgen der Welt unterwegs. Die Grenzen zwischen Sport und Kunst sind dabei flie\u00dfend, denn seine digitale Mittelformatkamera ist stets dabei, wenn er auf die Gipfel steigt. Von seinen Bergtouren bringt er atemberaubende Aufnahmen [&#8230;]\n","protected":false},"featured_media":169318,"template":"","meta":[],"product_brand":[],"product_cat":[21580,21542],"product_tag":[],"class_list":{"0":"post-169317","1":"product","2":"type-product","3":"status-publish","4":"has-post-thumbnail","6":"product_cat-kunst-kultur","7":"product_cat-sachbuecher-dokumentationen","8":"pa_autor-mathis-roeper","9":"pa_erscheinungsjahr-27129","10":"pa_region-italien","11":"pa_region-oesterreich","12":"pa_region-schweiz","13":"pa_sprache-de","15":"first","16":"instock","17":"taxable","18":"shipping-taxable","19":"purchasable","20":"product-type-simple"},"_links":{"self":[{"href":"https:\/\/pizbube.ch\/en\/wp-json\/wp\/v2\/product\/169317","targetHints":{"allow":["GET"]}}],"collection":[{"href":"https:\/\/pizbube.ch\/en\/wp-json\/wp\/v2\/product"}],"about":[{"href":"https:\/\/pizbube.ch\/en\/wp-json\/wp\/v2\/types\/product"}],"wp:featuredmedia":[{"embeddable":true,"href":"https:\/\/pizbube.ch\/en\/wp-json\/wp\/v2\/media\/169318"}],"wp:attachment":[{"href":"https:\/\/pizbube.ch\/en\/wp-json\/wp\/v2\/media?parent=169317"}],"wp:term":[{"taxonomy":"product_brand","embeddable":true,"href":"https:\/\/pizbube.ch\/en\/wp-json\/wp\/v2\/product_brand?post=169317"},{"taxonomy":"product_cat","embeddable":true,"href":"https:\/\/pizbube.ch\/en\/wp-json\/wp\/v2\/product_cat?post=169317"},{"taxonomy":"product_tag","embeddable":true,"href":"https:\/\/pizbube.ch\/en\/wp-json\/wp\/v2\/product_tag?post=169317"}],"curies":[{"name":"wp","href":"https:\/\/api.w.org\/{rel}","templated":true}]}}