{"id":169339,"date":"2023-09-01T11:32:37","date_gmt":"2023-09-01T09:32:37","guid":{"rendered":"https:\/\/pizbube.ch\/?post_type=product&#038;p=169339"},"modified":"2023-09-01T11:32:37","modified_gmt":"2023-09-01T09:32:37","slug":"karnischer-hoehenweg-kompass","status":"publish","type":"product","link":"https:\/\/pizbube.ch\/en\/shop\/karnischer-hoehenweg-kompass\/","title":{"rendered":"Karnischer H\u00f6henweg (KOMPASS)"},"content":{"rendered":"<p class=\"page-title\"><span class=\"base\" data-ui-id=\"page-title-wrapper\">Kompass Wanderf\u00fchrer 5633<\/span><\/p>\n<p><span class=\"value\">Der Karnische Hauptkamm erstreckt sich \u00fcber rund 100 km entlang der S\u00fcdgrenze \u00d6sterreichs (K\u00e4rnten\/Osttirol) zum benachbarten italienischen Friaul. Genau an dieser Linie orientiert sich der Karnische H\u00f6henweg als 10- bis 14-t\u00e4giges alpines Trekking.<\/span><\/p>\n<p>&#8211; Der Karnische H\u00f6henweg hat sich von einer Art \u201eInsidertipp\u201c zu einer der beliebtesten mehrt\u00e4gigen Wanderungen von H\u00fctte zu H\u00fctte gemausert.<br \/>\n&#8211; Ein bunter Mix verschiedener Gesteine und die N\u00e4he zur St\u00f6rungslinie der Periadriatischen Naht begr\u00fcnden eine der geologisch bedeutendsten Regionen weltweit und bieten dem Wanderer fantastische landschaftliche Kontraste.<br \/>\n&#8211; Grunds\u00e4tzlich unterschiedlichen Charakter tragen die eher liebliche Almregion im Osten des Gebietes und der deutlich alpinere Westteil. Daher lohnen auch separate Begehungen. Absolviert man die komplette Strecke von Ost nach West, steigert sich gleichsam die Dramaturgie.<br \/>\n&#8211; Der Karnische Hauptkamm geh\u00f6rte im Ersten Weltkrieg zur stark umk\u00e4mpften Frontlinie. Zahllose Relikte sind heute noch zu erkennen. Die H\u00f6henroute wurde im vereinten Europa mittlerweile zum \u201eFriedensweg\u201c ausgerufen.<\/p>\n<p><span class=\"value\">ie Vorteile des Wanderf\u00fchrers auf einen Blick:<br \/>\n&#8211; Von KOMPASS-Experten erwanderte Touren<br \/>\n&#8211; Jede Tour mit H\u00f6henprofil und Kartenausschnitt<br \/>\n&#8211; Ausflugs- und \u00dcbernachtungstipps<br \/>\n&#8211; Kostenloser Download der GPX-Daten<br \/>\nDie Vorteile der Extra-Tourenkarte auf einen Blick:<br \/>\n&#8211; Unterst\u00fctzt die Tourenauswahl<br \/>\n&#8211; Kartografische Gesamt\u00fcbersicht<br \/>\n&#8211; Touren k\u00f6nnen einfach kombiniert werden<br \/>\n&#8211; Ein Leichtgewicht zum Mitnehmen<\/span><\/p>\n<div class=\"product attribute row text-secondary my-3\">\n<div class=\"col-12\"><span class=\"value\">mit Extra-Tourenkarte 1:35&#8217;000, GPX-Daten zum Download<\/span><\/div>\n<\/div>","protected":false},"excerpt":{"rendered":"<p>Kompass Wanderf\u00fchrer 5633 Der Karnische Hauptkamm erstreckt sich \u00fcber rund 100 km entlang der S\u00fcdgrenze \u00d6sterreichs (K\u00e4rnten\/Osttirol) zum benachbarten italienischen Friaul. Genau an dieser Linie orientiert sich der Karnische H\u00f6henweg als 10- bis 14-t\u00e4giges alpines Trekking. &#8211; Der Karnische H\u00f6henweg hat sich von einer Art \u201eInsidertipp\u201c zu einer der beliebtesten mehrt\u00e4gigen Wanderungen von H\u00fctte zu [&#8230;]\n","protected":false},"featured_media":169340,"template":"","meta":[],"product_brand":[],"product_cat":[21543,21605],"product_tag":[],"class_list":{"0":"post-169339","1":"product","2":"type-product","3":"status-publish","4":"has-post-thumbnail","6":"product_cat-landkarten","7":"product_cat-wanderfuehrer-trekking","8":"pa_autor-zahel","9":"pa_erscheinungsjahr-27129","10":"pa_region-italien","11":"pa_region-oesterreich","12":"pa_sprache-de","14":"first","15":"instock","16":"taxable","17":"shipping-taxable","18":"purchasable","19":"product-type-simple"},"_links":{"self":[{"href":"https:\/\/pizbube.ch\/en\/wp-json\/wp\/v2\/product\/169339","targetHints":{"allow":["GET"]}}],"collection":[{"href":"https:\/\/pizbube.ch\/en\/wp-json\/wp\/v2\/product"}],"about":[{"href":"https:\/\/pizbube.ch\/en\/wp-json\/wp\/v2\/types\/product"}],"wp:featuredmedia":[{"embeddable":true,"href":"https:\/\/pizbube.ch\/en\/wp-json\/wp\/v2\/media\/169340"}],"wp:attachment":[{"href":"https:\/\/pizbube.ch\/en\/wp-json\/wp\/v2\/media?parent=169339"}],"wp:term":[{"taxonomy":"product_brand","embeddable":true,"href":"https:\/\/pizbube.ch\/en\/wp-json\/wp\/v2\/product_brand?post=169339"},{"taxonomy":"product_cat","embeddable":true,"href":"https:\/\/pizbube.ch\/en\/wp-json\/wp\/v2\/product_cat?post=169339"},{"taxonomy":"product_tag","embeddable":true,"href":"https:\/\/pizbube.ch\/en\/wp-json\/wp\/v2\/product_tag?post=169339"}],"curies":[{"name":"wp","href":"https:\/\/api.w.org\/{rel}","templated":true}]}}