{"id":169344,"date":"2023-09-01T12:00:25","date_gmt":"2023-09-01T10:00:25","guid":{"rendered":"https:\/\/pizbube.ch\/?post_type=product&#038;p=169344"},"modified":"2025-08-09T09:50:06","modified_gmt":"2025-08-09T07:50:06","slug":"wenn-ich-was-mach-mach-ichs-gscheid","status":"publish","type":"product","link":"https:\/\/pizbube.ch\/en\/shop\/wenn-ich-was-mach-mach-ichs-gscheid\/","title":{"rendered":"\u00bbWenn ich was mach, mach ich\u00b4s gscheid\u00ab"},"content":{"rendered":"<p>\u00dcber Herausforderungen, die Freiheit in den Bergen und warum es wichtig ist, sein Ding durchzuziehen.<\/p>\n<p>Laura Dahlmeier \u2013 das ist die erfolgreiche Biathletin und Olympiasiegerin, die sich mit nur 25 Jahren aus dem Leistungssport zur\u00fcckzog. Eine strahlende Siegerin im Licht der Sportberichterstattung. Was kaum einer wei\u00df: Biathlon war immer nur ein Teil ihres Lebens. Lauras gro\u00dfe Leidenschaft geh\u00f6rt den Bergen. Aufgewachsen in Garmisch wurde sie von ihren Eltern fr\u00fch an diese herangef\u00fchrt. Beim Klettern und auf Skiern blieb sie dem Bergsport auch w\u00e4hrend ihrer Karriere im Biathlon treu. Ein enormer Spagat, wie sie heute gesteht.<\/p>\n<p>In ihrem Buch berichtet sie von riskanten Touren und gewaltigen W\u00e4nden. Spricht offen \u00fcber die Gefahren, die der Alpinismus mit sich bringt, und erl\u00e4utert die Gr\u00fcnde f\u00fcr ihren R\u00fcckzug vom Profisport. Laura liebt die Freiheit, die sich im Gebirge besonders gut ausleben l\u00e4sst \u2013 und motiviert auch uns, unsere Tr\u00e4ume zu verwirklichen.<\/p>\n<p>Laura Dahlmeier, 1993 in Garmisch-Partenkirchen geboren, gewann als Biathletin den Gesamtweltcup (2016\/17) und sieben Goldmedaillen bei Weltmeisterschaften. Auf dem H\u00f6hepunkt ihrer Karriere wurde sie 2018 in Pyeongchang zweifache Olympiasiegerin. Im Mai 2019 trat sie mit nur 25 Jahren vom Leistungssport zur\u00fcck. Dahlmeier studiert Sport an der TU M\u00fcnchen und absolviert die Ausbildung zur staatlich gepr\u00fcften Berg- und Skif\u00fchrerin. Seit ihrer Kindheit ist sie leidenschaftliche Bergsportlerin in allen Disziplinen.<\/p>\n<p>3. Auflage 2023<br \/>\n224 Seiten<\/p>","protected":false},"excerpt":{"rendered":"<p>\u00dcber Herausforderungen, die Freiheit in den Bergen und warum es wichtig ist, sein Ding durchzuziehen. Laura Dahlmeier \u2013 das ist die erfolgreiche Biathletin und Olympiasiegerin, die sich mit nur 25 Jahren aus dem Leistungssport zur\u00fcckzog. Eine strahlende Siegerin im Licht der Sportberichterstattung. Was kaum einer wei\u00df: Biathlon war immer nur ein Teil ihres Lebens. Lauras [&#8230;]\n","protected":false},"featured_media":169345,"template":"","meta":[],"product_brand":[],"product_cat":[21629,21542],"product_tag":[],"class_list":{"0":"post-169344","1":"product","2":"type-product","3":"status-publish","4":"has-post-thumbnail","6":"product_cat-belletristik","7":"product_cat-sachbuecher-dokumentationen","8":"pa_autor-dahlmeier-kucera","9":"pa_erscheinungsjahr-27129","10":"pa_region-italien","11":"pa_sprache-de","13":"first","14":"instock","15":"taxable","16":"shipping-taxable","17":"purchasable","18":"product-type-simple"},"_links":{"self":[{"href":"https:\/\/pizbube.ch\/en\/wp-json\/wp\/v2\/product\/169344","targetHints":{"allow":["GET"]}}],"collection":[{"href":"https:\/\/pizbube.ch\/en\/wp-json\/wp\/v2\/product"}],"about":[{"href":"https:\/\/pizbube.ch\/en\/wp-json\/wp\/v2\/types\/product"}],"wp:featuredmedia":[{"embeddable":true,"href":"https:\/\/pizbube.ch\/en\/wp-json\/wp\/v2\/media\/169345"}],"wp:attachment":[{"href":"https:\/\/pizbube.ch\/en\/wp-json\/wp\/v2\/media?parent=169344"}],"wp:term":[{"taxonomy":"product_brand","embeddable":true,"href":"https:\/\/pizbube.ch\/en\/wp-json\/wp\/v2\/product_brand?post=169344"},{"taxonomy":"product_cat","embeddable":true,"href":"https:\/\/pizbube.ch\/en\/wp-json\/wp\/v2\/product_cat?post=169344"},{"taxonomy":"product_tag","embeddable":true,"href":"https:\/\/pizbube.ch\/en\/wp-json\/wp\/v2\/product_tag?post=169344"}],"curies":[{"name":"wp","href":"https:\/\/api.w.org\/{rel}","templated":true}]}}