{"id":169404,"date":"2023-09-06T09:13:19","date_gmt":"2023-09-06T07:13:19","guid":{"rendered":"https:\/\/pizbube.ch\/?post_type=product&#038;p=169404"},"modified":"2023-09-06T09:25:09","modified_gmt":"2023-09-06T07:25:09","slug":"auf-den-spuren-der-trockenmauern","status":"publish","type":"product","link":"https:\/\/pizbube.ch\/en\/shop\/auf-den-spuren-der-trockenmauern\/","title":{"rendered":"Auf den Spuren der Trockenmauern"},"content":{"rendered":"<div class=\"shortdesc\">29 Wanderungen zu Zeugen der Schweizer Kulturlandschaft<\/div>\n<div class=\"shortdesc headlines\">\n<ul>\n<li>29 Routen und Etappen vom Jura bis zum Calancatal.<\/li>\n<li>Trockenmauern lassen sich wandernd am besten entdecken.<\/li>\n<li>Mit Hintergrundinformationen, Karten und genauen Wegbeschreibungen.<\/li>\n<\/ul>\n<p>Trockenmauern aus aufgeschichteten Steinen kommen ohne M\u00f6rtel aus. Sie dienen als St\u00fctzmauern, begrenzen Weiden, begleiten Wege und werden im Hausbau eingesetzt &#8211; selbst Bahnd\u00e4mme im Gebirge oder Sch\u00fctzengr\u00e4ben aus dem Ersten Weltkrieg wurden in dieser Technik gebaut. Die Trockenmauern, von denen es in der Schweiz viele tausend Kilometer gibt, gerieten lange in Vergessenheit. Inzwischen hat man ihren Wert f\u00fcr Landschaft, Flora und Fauna wiederentdeckt. Viele davon erstrecken sich in landschaftlich sch\u00f6nen und abgelegenen Gebieten im Jura, in den Alpen und auf der Alpens\u00fcdseite.<\/p>\n<p>Auf attraktiven Wanderungen besuchen wir in 12 Regionen der Schweiz diese vielseitigen und oft unbekannten Bauwerke. Die Reisebeschreibungen informieren nicht nur \u00fcber die Mauern, ihren Wert und die Herkunft, sondern auch \u00fcber die besuchten Regionen mit ihrer Geschichte und Kultur. Hintergrundtexte beleuchten zus\u00e4tzliche Aspekte wie den Weinbau am Bielersee, die Uhrenindustrie im Vall\u00e9e de Joux oder die harte Arbeit von Frauen und Harzern im Val Calanca.<\/p>\n<p>1. Auflage 2023<br \/>\n238 Seiten, rund 250 Abb., 27 Karten<br \/>\nFlexobroschur, 15,5 x 22,5 cm, 600 g<\/p>\n<\/div>","protected":false},"excerpt":{"rendered":"<p>29 Wanderungen zu Zeugen der Schweizer Kulturlandschaft 29 Routen und Etappen vom Jura bis zum Calancatal. Trockenmauern lassen sich wandernd am besten entdecken. Mit Hintergrundinformationen, Karten und genauen Wegbeschreibungen. Trockenmauern aus aufgeschichteten Steinen kommen ohne M\u00f6rtel aus. Sie dienen als St\u00fctzmauern, begrenzen Weiden, begleiten Wege und werden im Hausbau eingesetzt &#8211; selbst Bahnd\u00e4mme im Gebirge [&#8230;]\n","protected":false},"featured_media":169405,"template":"","meta":[],"product_brand":[],"product_cat":[21542,21605],"product_tag":[],"class_list":{"0":"post-169404","1":"product","2":"type-product","3":"status-publish","4":"has-post-thumbnail","6":"product_cat-sachbuecher-dokumentationen","7":"product_cat-wanderfuehrer-trekking","8":"pa_autor-krebs","9":"pa_erscheinungsjahr-27129","10":"pa_region-schweiz","11":"pa_sprache-de","13":"first","14":"instock","15":"taxable","16":"shipping-taxable","17":"purchasable","18":"product-type-simple"},"_links":{"self":[{"href":"https:\/\/pizbube.ch\/en\/wp-json\/wp\/v2\/product\/169404","targetHints":{"allow":["GET"]}}],"collection":[{"href":"https:\/\/pizbube.ch\/en\/wp-json\/wp\/v2\/product"}],"about":[{"href":"https:\/\/pizbube.ch\/en\/wp-json\/wp\/v2\/types\/product"}],"wp:featuredmedia":[{"embeddable":true,"href":"https:\/\/pizbube.ch\/en\/wp-json\/wp\/v2\/media\/169405"}],"wp:attachment":[{"href":"https:\/\/pizbube.ch\/en\/wp-json\/wp\/v2\/media?parent=169404"}],"wp:term":[{"taxonomy":"product_brand","embeddable":true,"href":"https:\/\/pizbube.ch\/en\/wp-json\/wp\/v2\/product_brand?post=169404"},{"taxonomy":"product_cat","embeddable":true,"href":"https:\/\/pizbube.ch\/en\/wp-json\/wp\/v2\/product_cat?post=169404"},{"taxonomy":"product_tag","embeddable":true,"href":"https:\/\/pizbube.ch\/en\/wp-json\/wp\/v2\/product_tag?post=169404"}],"curies":[{"name":"wp","href":"https:\/\/api.w.org\/{rel}","templated":true}]}}