{"id":169436,"date":"2023-09-09T09:21:39","date_gmt":"2023-09-09T07:21:39","guid":{"rendered":"https:\/\/pizbube.ch\/?post_type=product&#038;p=169436"},"modified":"2023-09-09T09:35:13","modified_gmt":"2023-09-09T07:35:13","slug":"klettern-sicherung-und-ausruestung-alpin-lehrplan-5","status":"publish","type":"product","link":"https:\/\/pizbube.ch\/en\/shop\/klettern-sicherung-und-ausruestung-alpin-lehrplan-5\/","title":{"rendered":"Klettern &#8211; Sicherung und Ausr\u00fcstung (Alpin-Lehrplan 5)"},"content":{"rendered":"<p><span class=\"value\">Sicheres Klettern ist ein wichtiges Anliegen f\u00fcr jeden, der gern in der Vertikalen unterwegs ist. Der \u00bbAlpin-Lehrplan 5: Klettern\u00ab behandelt zwei gro\u00dfe Themenkomplexe beim Klettern: Die Sicherung und die Ausr\u00fcstung. Denn nur, wer die g\u00e4ngigen Sicherungstechniken kennt und wer mit der aktuellen Ausr\u00fcstung vertraut ist, ist tats\u00e4chlich auch sicher unterwegs \u2013 egal, ob in der Kletterhalle, im Fels oder steilen Eis.<\/span><\/p>\n<p>Der \u00bbAlpin-Lehrplan 5: Klettern\u00ab stellt die f\u00fcrs Klettern wichtigen Sicherungstechniken umfassend vor. Ein gro\u00dfes Kapitel nehmen dabei die im Bergsport notwendigen Knoten ein, au\u00dferdem das Thema Anseilen und die verschiedenen Sicherungstechniken. Schritt f\u00fcr Schritt erf\u00e4hrt man die verschiedenen M\u00f6glichkeiten, beispielsweise einen Stand zu bauen, eine Toprope-Umlenkung einzurichten oder einen R\u00fcckzug \u00fcber eine Wand durchzuf\u00fchren. Auch das korrekte Sichern an Klettersteigen, Kletterregeln und einfache Rettungstechniken wird thematisiert.<\/p>\n<p>Das zweite gro\u00dfe Kapitel im \u00bbAlpin-Lehrplan 5: Klettern\u00ab widmet sich der Ausr\u00fcstung beim Klettern: Seile, Gurte, Karabiner, Haken, Helme und s\u00e4mtliche sonstige Hardware werden sorgf\u00e4ltig vorgestellt.<\/p>\n<p>Der \u00bbAlpin-Lehrplan 5: Klettern \u2013 Sicherung und Ausr\u00fcstung\u00ab wurde mit dem Deutschen Alpenvereins (DAV) und dem Deutschen Bergf\u00fchrerverband abgestimmt. Das Lehrbuch gibt den aktuellen Stand der Sicherungstechnik in Deutschland wieder. Ob Fach\u00fcbungsleiter, Trainer oder Freizeitkletterer \u2013 der \u00bbAlpin-Lehrplan 5: Klettern\u00ab ist der Leitfaden zum richtigen, situationsangepassten Sichern.<\/p>\n<p>Die Alpin-Lehrpl\u00e4ne des Deutschen Alpenvereins:<br \/>\nDie offiziellen Alpin-Lehrpl\u00e4ne des Deutschen Alpenvereins (DAV) wenden sich nicht nur an Ausbilder, sondern vor allem an Bergsportler selbst. Sie sind nach neuesten didaktischen Erkenntnissen erarbeitet und besonders praxisorientiert aufgebaut. In anschaulicher Aufmachung vermitteln sie \u2013 neben dem speziellen Know-how zur jeweiligen Bergsportdisziplin \u2013 die Vielseitigkeit und den Erlebniswert des Alpinismus.<\/p>\n<div class=\"col-12 col-md-6\">\n<div class=\"d-inline-block\">7., aktualisierte Auflage 2023<\/div>\n<\/div>\n<div class=\"col-12 col-md-6\">\n<div class=\"d-inline-block strong mr-1\">192 Seiten;<\/div>\n<\/div>\n<div class=\"col-12 col-md-6\">\n<div class=\"d-inline-block\">446 Abbildungen und Grafiken<\/div>\n<\/div>","protected":false},"excerpt":{"rendered":"<p>Sicheres Klettern ist ein wichtiges Anliegen f\u00fcr jeden, der gern in der Vertikalen unterwegs ist. Der \u00bbAlpin-Lehrplan 5: Klettern\u00ab behandelt zwei gro\u00dfe Themenkomplexe beim Klettern: Die Sicherung und die Ausr\u00fcstung. Denn nur, wer die g\u00e4ngigen Sicherungstechniken kennt und wer mit der aktuellen Ausr\u00fcstung vertraut ist, ist tats\u00e4chlich auch sicher unterwegs \u2013 egal, ob in der [&#8230;]\n","protected":false},"featured_media":169437,"template":"","meta":[],"product_brand":[],"product_cat":[21538],"product_tag":[],"class_list":{"0":"post-169436","1":"product","2":"type-product","3":"status-publish","4":"has-post-thumbnail","6":"product_cat-lehrbuecher","7":"pa_autor-semmel","8":"pa_erscheinungsjahr-27129","9":"pa_region-klettertechnik","10":"pa_sprache-de","12":"first","13":"instock","14":"taxable","15":"shipping-taxable","16":"purchasable","17":"product-type-simple"},"_links":{"self":[{"href":"https:\/\/pizbube.ch\/en\/wp-json\/wp\/v2\/product\/169436","targetHints":{"allow":["GET"]}}],"collection":[{"href":"https:\/\/pizbube.ch\/en\/wp-json\/wp\/v2\/product"}],"about":[{"href":"https:\/\/pizbube.ch\/en\/wp-json\/wp\/v2\/types\/product"}],"wp:featuredmedia":[{"embeddable":true,"href":"https:\/\/pizbube.ch\/en\/wp-json\/wp\/v2\/media\/169437"}],"wp:attachment":[{"href":"https:\/\/pizbube.ch\/en\/wp-json\/wp\/v2\/media?parent=169436"}],"wp:term":[{"taxonomy":"product_brand","embeddable":true,"href":"https:\/\/pizbube.ch\/en\/wp-json\/wp\/v2\/product_brand?post=169436"},{"taxonomy":"product_cat","embeddable":true,"href":"https:\/\/pizbube.ch\/en\/wp-json\/wp\/v2\/product_cat?post=169436"},{"taxonomy":"product_tag","embeddable":true,"href":"https:\/\/pizbube.ch\/en\/wp-json\/wp\/v2\/product_tag?post=169436"}],"curies":[{"name":"wp","href":"https:\/\/api.w.org\/{rel}","templated":true}]}}