{"id":169440,"date":"2023-09-23T15:44:02","date_gmt":"2023-09-23T13:44:02","guid":{"rendered":"https:\/\/pizbube.ch\/?post_type=product&#038;p=169440"},"modified":"2023-10-01T13:29:03","modified_gmt":"2023-10-01T11:29:03","slug":"umbria-rock-falesie-e-vie-moderne","status":"publish","type":"product","link":"https:\/\/pizbube.ch\/en\/shop\/umbria-rock-falesie-e-vie-moderne\/","title":{"rendered":"UMBRIA Rock &#8211; Falesie e vie moderne"},"content":{"rendered":"<p>UMBRIA Rock costituisce la prima guida che raccoglie tutte le falesie d\u2019arrampicata in Umbria e nelle immediate vicinanze. Chi desidera arrampicare in questa regione trover\u00e0 diverse proposte, nuove o completamente aggiornate. Gli avvicinamenti sono stati tutti percorsi dagli autori; la stessa attenzione vale per i disegni, ricavati da fotografie in molti casi inedite. Per quanto attiene le condizioni climatiche, le falesie sono prevalentemente invernali, ad ogni modo \u00e8 possibile arrampicare in tutte le stagioni. In definitiva, UMBRIA Rock \u00e8 una guida completa, frutto del lavoro sul campo degli autori e di una manciata di amici che vogliono offrire uno strumento per la divulgazione dell\u2019arrampica sportiva anche in questo angolo d\u2019Italia.<\/p>\n<p>Per molto tempo l\u2019Umbria \u00e8 stata conosciuta solamente come il \u201ccuore verde\u201d d\u2019Italia. Oggi non \u00e8 pi\u00f9 cos\u00ec perch\u00e9, grazie al lavoro effettuato dagli autori, spesso coinvolti in prima persona nella chiodatura di diverse falesie qui presentate, \u00e8 possibile provare stili di arrampicata molto diversi. Si va dagli strapiombi di Ferentillo alle placche, che costituiscono la parte numericamente prevalente; il tutto in un territorio relativamente ristretto.<\/p>\n<p>UMBRIA Rock vuole essere un libro d\u2019arrampicata utile per chi viene in questa regione per un weekend, ma anche per chi qui vive tutto l\u2019anno. D\u2019altronde arrampicare in Umbria \u00e8 molto gradevole in quanto le falesie sono spesso inserite in ambienti che sono una combinazione tra luoghi storici, itinerari enogastronomici e valli solitarie.<\/p>\n<p>Quando arrivate in catena, prima di scendere guardate il panorama: siete pur sempre in Umbria!<\/p>\n<p>Prima Edizione 2023<br \/>\n352 Pagine<\/p>","protected":false},"excerpt":{"rendered":"<p>UMBRIA Rock costituisce la prima guida che raccoglie tutte le falesie d\u2019arrampicata in Umbria e nelle immediate vicinanze. Chi desidera arrampicare in questa regione trover\u00e0 diverse proposte, nuove o completamente aggiornate. Gli avvicinamenti sono stati tutti percorsi dagli autori; la stessa attenzione vale per i disegni, ricavati da fotografie in molti casi inedite. Per quanto [&#8230;]\n","protected":false},"featured_media":169441,"template":"","meta":[],"product_brand":[],"product_cat":[21539],"product_tag":[],"class_list":{"0":"post-169440","1":"product","2":"type-product","3":"status-publish","4":"has-post-thumbnail","6":"product_cat-fuehrerliteratur-sportklettern-bouldern","7":"pa_autor-picone-delicati","8":"pa_erscheinungsjahr-27129","9":"pa_region-italien","10":"pa_sprache-it","12":"first","13":"instock","14":"taxable","15":"shipping-taxable","16":"purchasable","17":"product-type-simple"},"_links":{"self":[{"href":"https:\/\/pizbube.ch\/en\/wp-json\/wp\/v2\/product\/169440","targetHints":{"allow":["GET"]}}],"collection":[{"href":"https:\/\/pizbube.ch\/en\/wp-json\/wp\/v2\/product"}],"about":[{"href":"https:\/\/pizbube.ch\/en\/wp-json\/wp\/v2\/types\/product"}],"wp:featuredmedia":[{"embeddable":true,"href":"https:\/\/pizbube.ch\/en\/wp-json\/wp\/v2\/media\/169441"}],"wp:attachment":[{"href":"https:\/\/pizbube.ch\/en\/wp-json\/wp\/v2\/media?parent=169440"}],"wp:term":[{"taxonomy":"product_brand","embeddable":true,"href":"https:\/\/pizbube.ch\/en\/wp-json\/wp\/v2\/product_brand?post=169440"},{"taxonomy":"product_cat","embeddable":true,"href":"https:\/\/pizbube.ch\/en\/wp-json\/wp\/v2\/product_cat?post=169440"},{"taxonomy":"product_tag","embeddable":true,"href":"https:\/\/pizbube.ch\/en\/wp-json\/wp\/v2\/product_tag?post=169440"}],"curies":[{"name":"wp","href":"https:\/\/api.w.org\/{rel}","templated":true}]}}