{"id":169446,"date":"2023-09-23T15:37:06","date_gmt":"2023-09-23T13:37:06","guid":{"rendered":"https:\/\/pizbube.ch\/?post_type=product&#038;p=169446"},"modified":"2024-06-20T15:06:42","modified_gmt":"2024-06-20T13:06:42","slug":"leichtes-bergsteigen-in-trentino-suedtirol-bd-2","status":"publish","type":"product","link":"https:\/\/pizbube.ch\/en\/shop\/leichtes-bergsteigen-in-trentino-suedtirol-bd-2\/","title":{"rendered":"LEICHTES BERGSTEIGEN in TRENTINO-S\u00dcDTIROL Bd.2"},"content":{"rendered":"<p>NORMALWEGE und GRATWANDERUNGEN BD.2 \u2013 \u00d6stliche T\u00e4ler<\/p>\n<p>Ein beeindruckendes Werk, ein wahres Traumbuch f\u00fcr Liebhaber von Gipfelbesteigungen: 249 ausgew\u00e4hlte Touren auf die sch\u00f6nsten und eindrucksvollsten Gipfel von 43 Gebirgsgruppen, aufgeteilt auf zwei B\u00e4nde.<\/p>\n<p>Der zweite Band, der den Ost t\u00e4lern gewidmet ist, stellt 116 Touren in den 24 Berggruppen \u00f6stlich des Etschtals vor: <em>Breonie di Levante, Aurinische Alpen, Prettauer Berge, Pfunderer Berge, Rieserfernergruppe, Gsieser Berge, Puez-Geisler-Gruppe, Fanes-Senes-Prags-Gruppe, Sextener Dolomiten, Rosengarten, Sellastock\/Langkofel, Latemar-Gruppe, Marmolada, Cima-Bocche-Kette, Lagorai-Kette, Cima-d\u2019Asta-Gruppe, Palagruppe, Feltriner Dolomiten, Schiara-Gruppe, Zw\u00f6lferkofel-Kette, Kleine Dolomiten, Grappastock, Col-Nudo-Cavallo-Gruppe, Lessinische Berge<\/em>.<\/p>\n<p>Alle vorgeschlagenen Touren wurden nach Panorama und Schwierigkeit ausgew\u00e4hlt. Es gibt nur wenige Routen mit Kletter-Schwierigkeiten \u00fcber dem II. Grad, aber nicht alle Touren sind einfache Wanderungen: einige erfordern Hochtouren-Kenntnisse f\u00fcr Gletscher\u00fcberquerungen, die Verwendung eines Klettersteigsets oder das Zuhilfenehmen der H\u00e4nde.<\/p>\n<p>Und schlie\u00dflich ist f\u00fcr jede Jahreszeit die richtige Tour dabei: Beide B\u00e4nde enthalten Touren im zentralen Alpenbogen in gr\u00f6\u00dferer H\u00f6he mit Schnee und Eis, die f\u00fcr den Hochsommer gedacht sind, sowie Touren in den Berggruppen n\u00e4her an der Poebene, die daher bis zum Sp\u00e4therbst oder in niederschlagsarmen Wintern geeignet sind.<\/p>\n<p>1. Auflage 2023<br \/>\n592 Seiten<\/p>","protected":false},"excerpt":{"rendered":"<p>NORMALWEGE und GRATWANDERUNGEN BD.2 \u2013 \u00d6stliche T\u00e4ler Ein beeindruckendes Werk, ein wahres Traumbuch f\u00fcr Liebhaber von Gipfelbesteigungen: 249 ausgew\u00e4hlte Touren auf die sch\u00f6nsten und eindrucksvollsten Gipfel von 43 Gebirgsgruppen, aufgeteilt auf zwei B\u00e4nde. Der zweite Band, der den Ost t\u00e4lern gewidmet ist, stellt 116 Touren in den 24 Berggruppen \u00f6stlich des Etschtals vor: Breonie di [&#8230;]\n","protected":false},"featured_media":169448,"template":"","meta":[],"product_brand":[],"product_cat":[21544],"product_tag":[],"class_list":{"0":"post-169446","1":"product","2":"type-product","3":"status-publish","4":"has-post-thumbnail","6":"product_cat-fuehrerliteratur-alpin-sommer","7":"pa_autor-filippi-rattin","8":"pa_erscheinungsjahr-27129","9":"pa_region-italien","10":"pa_sprache-de","12":"first","13":"instock","14":"taxable","15":"shipping-taxable","16":"purchasable","17":"product-type-simple"},"_links":{"self":[{"href":"https:\/\/pizbube.ch\/en\/wp-json\/wp\/v2\/product\/169446","targetHints":{"allow":["GET"]}}],"collection":[{"href":"https:\/\/pizbube.ch\/en\/wp-json\/wp\/v2\/product"}],"about":[{"href":"https:\/\/pizbube.ch\/en\/wp-json\/wp\/v2\/types\/product"}],"wp:featuredmedia":[{"embeddable":true,"href":"https:\/\/pizbube.ch\/en\/wp-json\/wp\/v2\/media\/169448"}],"wp:attachment":[{"href":"https:\/\/pizbube.ch\/en\/wp-json\/wp\/v2\/media?parent=169446"}],"wp:term":[{"taxonomy":"product_brand","embeddable":true,"href":"https:\/\/pizbube.ch\/en\/wp-json\/wp\/v2\/product_brand?post=169446"},{"taxonomy":"product_cat","embeddable":true,"href":"https:\/\/pizbube.ch\/en\/wp-json\/wp\/v2\/product_cat?post=169446"},{"taxonomy":"product_tag","embeddable":true,"href":"https:\/\/pizbube.ch\/en\/wp-json\/wp\/v2\/product_tag?post=169446"}],"curies":[{"name":"wp","href":"https:\/\/api.w.org\/{rel}","templated":true}]}}