{"id":169644,"date":"2023-09-27T12:34:50","date_gmt":"2023-09-27T10:34:50","guid":{"rendered":"https:\/\/pizbube.ch\/?post_type=product&#038;p=169644"},"modified":"2023-10-25T08:54:45","modified_gmt":"2023-10-25T06:54:45","slug":"die-kletterbibel-technisches-physisches-und-mentales-training","status":"publish","type":"product","link":"https:\/\/pizbube.ch\/en\/shop\/die-kletterbibel-technisches-physisches-und-mentales-training\/","title":{"rendered":"DIE KLETTERBIBEL Technisches, physisches und mentales Training"},"content":{"rendered":"<p>F\u00fcr alle Schwierigkeitsgrade: Das Standardwerk f\u00fcr Kletterer<br \/>\nOb Sie f\u00fcrs Bouldern in der Halle trainieren, oder f\u00fcr ausgedehnte Klettertouren im Freien: Mit der richtigen Technik klettert es sich leichter! Umso besser, wenn sich Anf\u00e4nger in diesem Grundlagenwerk fundierten Rat einholen k\u00f6nnen. Aber auch erfahrene Kletterer profitieren von dem umfassenden Ratgeber und finden passgenaue Tipps in allen Kapiteln.<\/p>\n<p>&#8211; Geballtes Fachwissen von den Profikletterern Martin Mobr\u00e5ten und Stian Christophersen<br \/>\n&#8211; Treuer Begleiter: Das Kletterbuch f\u00fcr Einsteiger, Fortgeschrittene und Profis<br \/>\n&#8211; Man muss viel klettern, um ein guter Kletterer zu sein: Trainingsplanung mit System<br \/>\n&#8211; F\u00fcr die ungetr\u00fcbte Freude am Klettersport: So k\u00f6nnen Sie Verletzungen verhindern<br \/>\n&#8211; Detaillierte Fotos von Griffpositionen, Fu\u00dftechniken und Klettersituationen<br \/>\nTechnik, K\u00f6rper, Geist: Profi-Tipps zu Taktik und Planung beim Klettern<\/p>\n<p>Gegliedert ist das Buch in ein Kapitel zu Klettertechniken, einem zum kletterspezifischen Kraft-, Ausdauer- und Beweglichkeitstraining, und einem ausf\u00fchrlichen Kapitel zum mentalen Training. Taktik und Trainingsplanung kommen auch nicht zu kurz. Dazwischen finden sich inspirierende Geschichten aus der Kletter-Community. Das Autoren-Duo Martin Mobr\u00e5ten und Stian Christophersen, die beide als Athleten der norwegischen Nationalmannschaft am Start waren und heute als Trainer arbeiten, geben mit diesem Buch ihren geballten Erfahrungsschatz weiter. Ein sch\u00f6nes Geschenk f\u00fcr sich oder kletterbegeisterte Freunde!<\/p>","protected":false},"excerpt":{"rendered":"<p>F\u00fcr alle Schwierigkeitsgrade: Das Standardwerk f\u00fcr Kletterer Ob Sie f\u00fcrs Bouldern in der Halle trainieren, oder f\u00fcr ausgedehnte Klettertouren im Freien: Mit der richtigen Technik klettert es sich leichter! Umso besser, wenn sich Anf\u00e4nger in diesem Grundlagenwerk fundierten Rat einholen k\u00f6nnen. Aber auch erfahrene Kletterer profitieren von dem umfassenden Ratgeber und finden passgenaue Tipps in [&#8230;]\n","protected":false},"featured_media":169645,"template":"","meta":[],"product_brand":[],"product_cat":[21538],"product_tag":[],"class_list":{"0":"post-169644","1":"product","2":"type-product","3":"status-publish","4":"has-post-thumbnail","6":"product_cat-lehrbuecher","7":"pa_autor-bjorn","8":"pa_autor-christopherson","9":"pa_autor-mobraten","10":"pa_erscheinungsjahr-27129","11":"pa_sprache-d","13":"first","14":"instock","15":"taxable","16":"shipping-taxable","17":"purchasable","18":"product-type-simple"},"_links":{"self":[{"href":"https:\/\/pizbube.ch\/en\/wp-json\/wp\/v2\/product\/169644","targetHints":{"allow":["GET"]}}],"collection":[{"href":"https:\/\/pizbube.ch\/en\/wp-json\/wp\/v2\/product"}],"about":[{"href":"https:\/\/pizbube.ch\/en\/wp-json\/wp\/v2\/types\/product"}],"wp:featuredmedia":[{"embeddable":true,"href":"https:\/\/pizbube.ch\/en\/wp-json\/wp\/v2\/media\/169645"}],"wp:attachment":[{"href":"https:\/\/pizbube.ch\/en\/wp-json\/wp\/v2\/media?parent=169644"}],"wp:term":[{"taxonomy":"product_brand","embeddable":true,"href":"https:\/\/pizbube.ch\/en\/wp-json\/wp\/v2\/product_brand?post=169644"},{"taxonomy":"product_cat","embeddable":true,"href":"https:\/\/pizbube.ch\/en\/wp-json\/wp\/v2\/product_cat?post=169644"},{"taxonomy":"product_tag","embeddable":true,"href":"https:\/\/pizbube.ch\/en\/wp-json\/wp\/v2\/product_tag?post=169644"}],"curies":[{"name":"wp","href":"https:\/\/api.w.org\/{rel}","templated":true}]}}