{"id":169650,"date":"2023-09-27T16:59:41","date_gmt":"2023-09-27T14:59:41","guid":{"rendered":"https:\/\/pizbube.ch\/?post_type=product&#038;p=169650"},"modified":"2024-12-19T12:30:16","modified_gmt":"2024-12-19T11:30:16","slug":"lost-in-the-alps-2","status":"publish","type":"product","link":"https:\/\/pizbube.ch\/en\/shop\/lost-in-the-alps-2\/","title":{"rendered":"Lost in the Alps 2 &#8211; Spektakul\u00e4re Wanderungen in den Schweizer Bergen"},"content":{"rendered":"<p>Mit \u00bbLost in the Alps\u00ab hat das elfk\u00f6pfige Kollektiv frischen Wind in die Schweizer Bergwelt gebracht \u2013 mit grossem Erfolg. Nun sind die \u00bbAlpinisten\u00ab dem Ruf der Berge erneut gefolgt.<\/p>\n<p>Mit ihrer spektakul\u00e4ren Outdoor-Fotografie erkunden die \u00bbjungen Wilden\u00ab gewaltige Landschaften, wo man sich als Mensch wunderbar klein f\u00fchlt. Sie geben Fotografietipps und berichten von ihren Erlebnissen und H\u00f6hepunkten in den Schweizer Alpen. Die \u00fcber 60 Wanderungen \u2013 darunter auch einige anspruchsvolle Touren \u2013 sind mit praktischen Angaben sowie \u00fcbersichtlichem Kartenmaterial versehen und f\u00fchren zu versteckten Bergseen, einladenden H\u00fctten und Gipfeln mit grandiosen Aussichten.<\/p>\n<p>In diesem Buch steuern Freundinnen und Freunde aus der wachsenden Community ihre Lieblingswanderung in den Schweizer Bergen bei. Ein Genuss f\u00fcrs Auge, der die Lust auf Abenteuer weckt.<\/p>\n<p>Das Berg- und Wanderbuch der Instagram-Generation.<br \/>\n\u00dcber 60 Wanderungen mit atemberaubender Alpenfotografie.<br \/>\nElf Freunde mit \u00fcber einer Million Reichweite.<\/p>","protected":false},"excerpt":{"rendered":"<p><a href=\"https:\/\/pizbube.ch\/wp-content\/uploads\/2023\/09\/Leseprobe_Lost_in_the_alps-2.pdf\" target=\"_blank\" rel=\"noopener\"><strong>Leseprobe_Lost_in_the_alps 2<\/strong><\/a><\/p>","protected":false},"featured_media":169651,"template":"","meta":[],"product_brand":[],"product_cat":[21542],"product_tag":[],"class_list":{"0":"post-169650","1":"product","2":"type-product","3":"status-publish","4":"has-post-thumbnail","6":"product_cat-sachbuecher-dokumentationen","7":"pa_autor-the-alpinists","8":"pa_erscheinungsjahr-27129","9":"pa_region-schweiz","10":"pa_sprache-d","12":"first","13":"instock","14":"taxable","15":"shipping-taxable","16":"purchasable","17":"product-type-simple"},"_links":{"self":[{"href":"https:\/\/pizbube.ch\/en\/wp-json\/wp\/v2\/product\/169650","targetHints":{"allow":["GET"]}}],"collection":[{"href":"https:\/\/pizbube.ch\/en\/wp-json\/wp\/v2\/product"}],"about":[{"href":"https:\/\/pizbube.ch\/en\/wp-json\/wp\/v2\/types\/product"}],"wp:featuredmedia":[{"embeddable":true,"href":"https:\/\/pizbube.ch\/en\/wp-json\/wp\/v2\/media\/169651"}],"wp:attachment":[{"href":"https:\/\/pizbube.ch\/en\/wp-json\/wp\/v2\/media?parent=169650"}],"wp:term":[{"taxonomy":"product_brand","embeddable":true,"href":"https:\/\/pizbube.ch\/en\/wp-json\/wp\/v2\/product_brand?post=169650"},{"taxonomy":"product_cat","embeddable":true,"href":"https:\/\/pizbube.ch\/en\/wp-json\/wp\/v2\/product_cat?post=169650"},{"taxonomy":"product_tag","embeddable":true,"href":"https:\/\/pizbube.ch\/en\/wp-json\/wp\/v2\/product_tag?post=169650"}],"curies":[{"name":"wp","href":"https:\/\/api.w.org\/{rel}","templated":true}]}}