{"id":169683,"date":"2023-09-29T12:13:27","date_gmt":"2023-09-29T10:13:27","guid":{"rendered":"https:\/\/pizbube.ch\/?post_type=product&#038;p=169683"},"modified":"2023-09-29T12:13:27","modified_gmt":"2023-09-29T10:13:27","slug":"finnland-sued-west-und-ostfinnland","status":"publish","type":"product","link":"https:\/\/pizbube.ch\/en\/shop\/finnland-sued-west-und-ostfinnland\/","title":{"rendered":"Finnland &#8211; S\u00fcd-, West- und Ostfinnland"},"content":{"rendered":"<p>Finnland, in der Landessprache Suomi genannt, weckt wie kaum ein anderes Land die Sehnsucht nach Wasser, W\u00e4ldern, Ruhe und Wildnis. Das \u00bbLand der 1000 Seen\u00ab begeistert mit seiner stillen, weitl\u00e4ufigen Landschaft. Das unendliche Wechselspiel aus Seen und W\u00e4ldern, aus Granitkuppen und sanften H\u00fcgelketten verleiht Finnland seinen unverwechselbaren Charme. Je weiter man nach Norden und Osten vorst\u00f6\u00dft, umso menschenleerer und unber\u00fchrter wird die raue Natur.<\/p>\n<p>Der Rother Wanderf\u00fchrer Finnland erkundet das Land mit 52 Touren und macht dabei mit 27 der insgesamt 41 Nationalparks bekannt, die Finnland zu bieten hat. Die Wanderungen sind alle gut erreichbar und die Infrastruktur f\u00fcr Outdoor-Fans ist perfekt. Neben zahlreichen k\u00fcrzeren und l\u00e4ngeren Tageswanderungen erm\u00f6glicht der Heraj\u00e4rven kierros eine zweit\u00e4gige Wanderung durch die Koli-Berge. Finnland hat zudem eine reiche Architektur, Kultur und Historie zu bieten. Auf einigen Touren kann man besonders bedeutsame Sehensw\u00fcrdigkeiten erwandern, wie zum Beispiel die Festung Suomenlinna. Im Vordergrund stehen aber die Wildmark-Areale, die den Traum des Abenteuerurlaubes mit Wanderungen durch menschenleere Gegenden Wirklichkeit werden lassen. Wer mag, verbindet den Finnland-Wanderurlaub mit Kanutouren durch das endlose Labyrinth der finnischen Seen.<\/p>\n<p>Jede Wanderung in Finnlands weiter Wildnis wird mit einer zuverl\u00e4ssigen Wegbeschreibung, einem Kartenausschnitt mit eingezeichneter Route und einem aussagekr\u00e4ftigen Streckenprofil vorgestellt. GPS-Tracks stehen zum Download bereit. Viele praktische Tipps helfen bei der Planung des Outdoor-Urlaubs in Finnland<\/p>\n<p>Diese Regionen stellt der Rother Wanderf\u00fchrer Finnland vor:<\/p>\n<p>S\u00fcdfinnland mit dem \u00f6stlichsten Teil der Ostseek\u00fcste und den sechs Landschaften Uusimaa, Ostuusimaa, P\u00e4ij\u00e4t-H\u00e4me, Kanta-H\u00e4me, Kymenlaakso und S\u00fcdkarelien sowie der Hauptstadt Helsinki.<\/p>\n<p>Westfinnland mit den Landschaften Pirkanmaa, \u00d6sterbotten, Satakunta, Varsinais-Suomi, S\u00fcd\u00f6sterbotten, Mittel\u00f6sterbotten und Mittelfinnland (Oulu). Die Region grenzt an die Ostseek\u00fcste und an den Bottnischen Meerbusen.<\/p>\n<p>Ostfinnland mit der Finnischen Seenplatte (= Seenland rund um den Saimaasee) sowie den Landschaften Nord- und S\u00fcdsavo und Nordkarelien.<\/p>\n<p>Oulu mit den Landschaften Nord\u00f6sterbotten und Kainuu.<\/p>\n<p>Mit detaillierte Wanderkarten, aussagekr\u00e4ftige H\u00f6henprofile und GPS-Tracks zum Download<\/p>","protected":false},"excerpt":{"rendered":"<p>Finnland, in der Landessprache Suomi genannt, weckt wie kaum ein anderes Land die Sehnsucht nach Wasser, W\u00e4ldern, Ruhe und Wildnis. Das \u00bbLand der 1000 Seen\u00ab begeistert mit seiner stillen, weitl\u00e4ufigen Landschaft. Das unendliche Wechselspiel aus Seen und W\u00e4ldern, aus Granitkuppen und sanften H\u00fcgelketten verleiht Finnland seinen unverwechselbaren Charme. Je weiter man nach Norden und Osten [&#8230;]\n","protected":false},"featured_media":169684,"template":"","meta":[],"product_brand":[],"product_cat":[21605],"product_tag":[],"class_list":{"0":"post-169683","1":"product","2":"type-product","3":"status-publish","4":"has-post-thumbnail","6":"product_cat-wanderfuehrer-trekking","7":"pa_autor-mertz","8":"pa_erscheinungsjahr-27129","9":"pa_region-skandinavien-norwegen-schweden-finnland","10":"pa_sprache-de","12":"first","13":"instock","14":"taxable","15":"shipping-taxable","16":"purchasable","17":"product-type-simple"},"_links":{"self":[{"href":"https:\/\/pizbube.ch\/en\/wp-json\/wp\/v2\/product\/169683","targetHints":{"allow":["GET"]}}],"collection":[{"href":"https:\/\/pizbube.ch\/en\/wp-json\/wp\/v2\/product"}],"about":[{"href":"https:\/\/pizbube.ch\/en\/wp-json\/wp\/v2\/types\/product"}],"wp:featuredmedia":[{"embeddable":true,"href":"https:\/\/pizbube.ch\/en\/wp-json\/wp\/v2\/media\/169684"}],"wp:attachment":[{"href":"https:\/\/pizbube.ch\/en\/wp-json\/wp\/v2\/media?parent=169683"}],"wp:term":[{"taxonomy":"product_brand","embeddable":true,"href":"https:\/\/pizbube.ch\/en\/wp-json\/wp\/v2\/product_brand?post=169683"},{"taxonomy":"product_cat","embeddable":true,"href":"https:\/\/pizbube.ch\/en\/wp-json\/wp\/v2\/product_cat?post=169683"},{"taxonomy":"product_tag","embeddable":true,"href":"https:\/\/pizbube.ch\/en\/wp-json\/wp\/v2\/product_tag?post=169683"}],"curies":[{"name":"wp","href":"https:\/\/api.w.org\/{rel}","templated":true}]}}