{"id":169698,"date":"2023-09-30T11:19:51","date_gmt":"2023-09-30T09:19:51","guid":{"rendered":"https:\/\/pizbube.ch\/?post_type=product&#038;p=169698"},"modified":"2025-02-22T09:15:37","modified_gmt":"2025-02-22T08:15:37","slug":"berg-2024-alpenvereinsjahrbuch","status":"publish","type":"product","link":"https:\/\/pizbube.ch\/en\/shop\/berg-2024-alpenvereinsjahrbuch\/","title":{"rendered":"BERG 2024 &#8211; Alpenvereinsjahrbuch"},"content":{"rendered":"<p>Alpine Themen f\u00fcr Menschen, die die Berge lieben \u201eHerr, wen du lieb hast, den l\u00e4ssest du fallen in dieses Land!\u201c Mit diesen gern zitierten Worten schw\u00e4rmte Ludwig Ganghofer vom Berchtesgadener Land. Der beliebte Kulturraum mit der wahrhaft g\u00f6ttliche Szenerie von Watzmann und K\u00f6nigssee, seine Geschichte und Geschichten und nicht zuletzt seine fantastischen Tourenm\u00f6glichkeiten stehen im Mittelpunkt der BergWelten. Zu den zahlreichen Besuchern der Berchtesgadener Alpen z\u00e4hlen \u00fcbrigens auch die bekannt \u201ebergnarrischen\u201c Einheimischen. F\u00fcr sie ist das Gebirge der Ort, an dem sie Alltag und Freizeit verbringen.<\/p>\n<p>Abseits der g\u00e4ngigen Klischees richtet BergFokus einen Blick auf die \u201eAlpen-WG\u201c: Wie lebt man heute im Gebirge? Wer kann sich das Leben dort leisten und wer nicht? Und wem geh\u00f6ren die Alpen eigentlich? Auf den hohen Bergen vollzieht sich mit der fortschreitenden Klimakrise derzeit ein ebenso rasanter wie radikaler Wandel, von dem das Bergsteigen nicht unber\u00fchrt bleibt. Das dokumentieren eindrucksvoll Beobachtungen aus allen Alpenregionen, versammelt in der Rubrik BergSteigen. Die Rubrik BergMenschen stellt einmal mehr faszinierende Pers\u00f6nlichkeiten vor, wie die junge Spitzenalpinistin Babsi Vigl oder den \u201eSteinbockhirten\u201c Louis Oreiller, der unter den hohen Gipfeln der Gran-Paradiso-Gruppe die Bilanz seines langen Lebens zieht.<\/p>\n<p>Zwei Reizthemen widmet sich u.a. BergWissen: dem Auto, das von interessanterweise 1900 bis 1925 auf den Stra\u00dfen des Schweizer Kantons Graub\u00fcnden verboten war; und der R\u00fcckkehr des Wolfs. BergKultur erinnert an das erste Liederbuch f\u00fcr Bergsteiger und schl\u00e4gt den Bogen zu den zeitgen\u00f6ssischen Reimen der Tiroler Hiphop-Band \u201eVon Seiten der Gemeinde\u201c. So viel sei schon verraten: Ironisch war man fr\u00fcher auch.<\/p>\n<p>Tipp: \u00fcber 20.000 verkaufte Exemplare j\u00e4hrlich ausgezeichnetes Preis-Leistungs-Verh\u00e4ltnis<\/p>\n<p>Band 148<\/p>","protected":false},"excerpt":{"rendered":"<p><strong><a href=\"https:\/\/pizbube.ch\/wp-content\/uploads\/2023\/09\/Leseprobe_BERG_2024-1.pdf\" target=\"_blank\" rel=\"noopener\">Leseprobe_BERG_2024<\/a><\/strong><\/p>","protected":false},"featured_media":169699,"template":"","meta":[],"product_brand":[],"product_cat":[21542],"product_tag":[],"class_list":{"0":"post-169698","1":"product","2":"type-product","3":"status-publish","4":"has-post-thumbnail","6":"product_cat-sachbuecher-dokumentationen","7":"pa_autor-klemmer","8":"pa_erscheinungsjahr-27129","9":"pa_region-deutschland","10":"pa_region-oesterreich","11":"pa_sprache-de","13":"first","14":"instock","15":"taxable","16":"shipping-taxable","17":"purchasable","18":"product-type-simple"},"_links":{"self":[{"href":"https:\/\/pizbube.ch\/en\/wp-json\/wp\/v2\/product\/169698","targetHints":{"allow":["GET"]}}],"collection":[{"href":"https:\/\/pizbube.ch\/en\/wp-json\/wp\/v2\/product"}],"about":[{"href":"https:\/\/pizbube.ch\/en\/wp-json\/wp\/v2\/types\/product"}],"wp:featuredmedia":[{"embeddable":true,"href":"https:\/\/pizbube.ch\/en\/wp-json\/wp\/v2\/media\/169699"}],"wp:attachment":[{"href":"https:\/\/pizbube.ch\/en\/wp-json\/wp\/v2\/media?parent=169698"}],"wp:term":[{"taxonomy":"product_brand","embeddable":true,"href":"https:\/\/pizbube.ch\/en\/wp-json\/wp\/v2\/product_brand?post=169698"},{"taxonomy":"product_cat","embeddable":true,"href":"https:\/\/pizbube.ch\/en\/wp-json\/wp\/v2\/product_cat?post=169698"},{"taxonomy":"product_tag","embeddable":true,"href":"https:\/\/pizbube.ch\/en\/wp-json\/wp\/v2\/product_tag?post=169698"}],"curies":[{"name":"wp","href":"https:\/\/api.w.org\/{rel}","templated":true}]}}