{"id":169737,"date":"2023-10-03T09:57:08","date_gmt":"2023-10-03T07:57:08","guid":{"rendered":"https:\/\/pizbube.ch\/?post_type=product&#038;p=169737"},"modified":"2025-06-25T10:28:15","modified_gmt":"2025-06-25T08:28:15","slug":"oisans-nouveau-oisans-sauvage-livre-ouest","status":"publish","type":"product","link":"https:\/\/pizbube.ch\/en\/shop\/oisans-nouveau-oisans-sauvage-livre-ouest\/","title":{"rendered":"Oisans Nouveau Oisans Sauvage &#8211; Livre Ouest"},"content":{"rendered":"<p>529 escaladesmoins pires des massifs<br \/>\ndes Ecrins ouest, de Belledonne sud, de la Matheysine et du D\u00e9voluy.<br \/>\nC`est la r\u00e9f\u00e9rence pour l`escalade en Oisans!<\/p>\n<p>Cet ouvrage est plus qu`un topo-guide, vous trouverez, en plus des croquis des<br \/>\nvoies, des textes fort int\u00e9ressants, ainsi que les portraits des acteurs qui<br \/>\nont oeuvr\u00e9 sur ces terrains de jeux. Il faut savoir \u00e9galement que les<br \/>\nb\u00e9n\u00e9fices de ce topo servent \u00e0 Jean-Michel \u00e0 financer le mat\u00e9riel d`\u00e9quipement<br \/>\nqu`il utilise dans ses ouvertures.<\/p>\n<p>529 itin\u00e9raires d&#8217;escalades et d&#8217;alpinismes parmi les moins pires des massifs<br \/>\ndes \u00c9crins-W, de Belledonne S et du D\u00e9voluy.<\/p>\n<p>Ce topo pr\u00e9sente une s\u00e9lection de grandes voies rocheuses sportives ou<br \/>\nsauvages. Chaque itin\u00e9raire (environ 529 dans ce tome) est d\u00e9crit par un<br \/>\nsch\u00e9ma. On trouve aussi des portraits d&#8217;alpinistes ayant marqu\u00e9s l&#8217;histoire et<br \/>\ndivers textes de l&#8217;auteur.<\/p>\n<p>Edition 2023;<br \/>\n500 pages;<\/p>\n<p>ASSO Topos Cambon<\/p>","protected":false},"excerpt":{"rendered":"<p>529 escaladesmoins pires des massifs des Ecrins ouest, de Belledonne sud, de la Matheysine et du D\u00e9voluy. C`est la r\u00e9f\u00e9rence pour l`escalade en Oisans! Cet ouvrage est plus qu`un topo-guide, vous trouverez, en plus des croquis des voies, des textes fort int\u00e9ressants, ainsi que les portraits des acteurs qui ont oeuvr\u00e9 sur ces terrains de [&#8230;]\n","protected":false},"featured_media":169739,"template":"","meta":[],"product_brand":[],"product_cat":[21539],"product_tag":[],"class_list":{"0":"post-169737","1":"product","2":"type-product","3":"status-publish","4":"has-post-thumbnail","6":"product_cat-fuehrerliteratur-sportklettern-bouldern","7":"pa_autor-cambon","8":"pa_erscheinungsjahr-27129","9":"pa_region-frankreich","10":"pa_sprache-fr","12":"first","13":"instock","14":"taxable","15":"shipping-taxable","16":"purchasable","17":"product-type-simple"},"_links":{"self":[{"href":"https:\/\/pizbube.ch\/en\/wp-json\/wp\/v2\/product\/169737","targetHints":{"allow":["GET"]}}],"collection":[{"href":"https:\/\/pizbube.ch\/en\/wp-json\/wp\/v2\/product"}],"about":[{"href":"https:\/\/pizbube.ch\/en\/wp-json\/wp\/v2\/types\/product"}],"wp:featuredmedia":[{"embeddable":true,"href":"https:\/\/pizbube.ch\/en\/wp-json\/wp\/v2\/media\/169739"}],"wp:attachment":[{"href":"https:\/\/pizbube.ch\/en\/wp-json\/wp\/v2\/media?parent=169737"}],"wp:term":[{"taxonomy":"product_brand","embeddable":true,"href":"https:\/\/pizbube.ch\/en\/wp-json\/wp\/v2\/product_brand?post=169737"},{"taxonomy":"product_cat","embeddable":true,"href":"https:\/\/pizbube.ch\/en\/wp-json\/wp\/v2\/product_cat?post=169737"},{"taxonomy":"product_tag","embeddable":true,"href":"https:\/\/pizbube.ch\/en\/wp-json\/wp\/v2\/product_tag?post=169737"}],"curies":[{"name":"wp","href":"https:\/\/api.w.org\/{rel}","templated":true}]}}