{"id":169793,"date":"2023-10-05T14:02:04","date_gmt":"2023-10-05T12:02:04","guid":{"rendered":"https:\/\/pizbube.ch\/?post_type=product&#038;p=169793"},"modified":"2023-11-02T15:12:46","modified_gmt":"2023-11-02T14:12:46","slug":"lhomme-qui-vivait-haut","status":"publish","type":"product","link":"https:\/\/pizbube.ch\/en\/shop\/lhomme-qui-vivait-haut\/","title":{"rendered":"L&#8217;homme qui vivait haut"},"content":{"rendered":"<div id=\"product-description-short-646\" class=\"product-short-description\">\n<p>Virginie Troussier enqu\u00eate sur la disparition en haute montagne du m\u00e9decin alpiniste Nicolas Jaeger.<\/p>\n<\/div>\n<div id=\"product-description-646\" class=\"product-long-description\">\n<p>Il \u00e9tait m\u00e9decin, major de sa promotion de guides, l\u2019un des plus brillants alpinistes de sa g\u00e9n\u00e9ration. En 1978, Nicolas Jaeger fut l\u2019un des trois premiers Fran\u00e7ais \u00e0 fouler le sommet de l\u2019Everest. Mais plut\u00f4t que de cueillir les lauriers de la gloire, il partit en Am\u00e9rique latine planter sa tente au sommet du Huascaran, \u00e0 6\u00a0700\u00a0m\u00e8tres d\u2019altitude\u00a0: le docteur Jaeger voulait prouver \u00e0 la m\u00e9decine et \u00e0 l\u2019alpinisme que ses tr\u00e8s longs s\u00e9jours dans l\u2019oxyg\u00e8ne rare lui apportaient une \u00ab\u00a0superacclimatation\u00a0\u00bb et lui donneraient la cl\u00e9 d\u2019exploits in\u00e9dits en haute altitude. Il partit en solitaire vers l\u2019immense face sud du Lhotse et disparut \u00e0 jamais.<\/p>\n<p>Jaeger, figure \u00e9nigmatique et pudique, ne se d\u00e9voilait qu\u2019\u00e0 demi dans ses Carnets de solitude r\u00e9dig\u00e9s en fumant un paquet de Gitanes par jour pendant son s\u00e9jour solitaire de deux mois au sommet du Huascaran. Virginie Troussier remonte le cours de sa vie et de ses pens\u00e9es pour comprendre ce qui le jette, \u00e0 33\u00a0ans, vers la paroi la plus dure du monde, o\u00f9 sa trace se perd \u00e0 pr\u00e8s de 8\u00a0000\u00a0m\u00e8tres d\u2019altitude.<\/p>\n<p>128 pages;<br \/>\n15 x 21 cm<\/p>\n<\/div>","protected":false},"excerpt":{"rendered":"<p>Virginie Troussier enqu\u00eate sur la disparition en haute montagne du m\u00e9decin alpiniste Nicolas Jaeger. Il \u00e9tait m\u00e9decin, major de sa promotion de guides, l\u2019un des plus brillants alpinistes de sa g\u00e9n\u00e9ration. En 1978, Nicolas Jaeger fut l\u2019un des trois premiers Fran\u00e7ais \u00e0 fouler le sommet de l\u2019Everest. Mais plut\u00f4t que de cueillir les lauriers de [&#8230;]\n","protected":false},"featured_media":169794,"template":"","meta":[],"product_brand":[],"product_cat":[21629,21542],"product_tag":[],"class_list":{"0":"post-169793","1":"product","2":"type-product","3":"status-publish","4":"has-post-thumbnail","6":"product_cat-belletristik","7":"product_cat-sachbuecher-dokumentationen","8":"pa_autor-troussier","9":"pa_erscheinungsjahr-27129","10":"pa_region-frankreich","11":"pa_sprache-fr","13":"first","14":"instock","15":"taxable","16":"shipping-taxable","17":"purchasable","18":"product-type-simple"},"_links":{"self":[{"href":"https:\/\/pizbube.ch\/en\/wp-json\/wp\/v2\/product\/169793","targetHints":{"allow":["GET"]}}],"collection":[{"href":"https:\/\/pizbube.ch\/en\/wp-json\/wp\/v2\/product"}],"about":[{"href":"https:\/\/pizbube.ch\/en\/wp-json\/wp\/v2\/types\/product"}],"wp:featuredmedia":[{"embeddable":true,"href":"https:\/\/pizbube.ch\/en\/wp-json\/wp\/v2\/media\/169794"}],"wp:attachment":[{"href":"https:\/\/pizbube.ch\/en\/wp-json\/wp\/v2\/media?parent=169793"}],"wp:term":[{"taxonomy":"product_brand","embeddable":true,"href":"https:\/\/pizbube.ch\/en\/wp-json\/wp\/v2\/product_brand?post=169793"},{"taxonomy":"product_cat","embeddable":true,"href":"https:\/\/pizbube.ch\/en\/wp-json\/wp\/v2\/product_cat?post=169793"},{"taxonomy":"product_tag","embeddable":true,"href":"https:\/\/pizbube.ch\/en\/wp-json\/wp\/v2\/product_tag?post=169793"}],"curies":[{"name":"wp","href":"https:\/\/api.w.org\/{rel}","templated":true}]}}